{"id":77315,"date":"2023-12-13T20:47:58","date_gmt":"2023-12-13T19:47:58","guid":{"rendered":"https:\/\/www.soanam.de\/?post_type=product&#038;p=77315"},"modified":"2025-12-12T04:36:47","modified_gmt":"2025-12-12T03:36:47","slug":"plecak-trekkingowy-lundhags-gneik-42-w-kolorze-czarnym","status":"publish","type":"product","link":"https:\/\/www.soanam.de\/pl\/produkt\/lundhags-trekkingrucksack-gneik-42-in-schwarz\/","title":{"rendered":"Plecak trekkingowy Lundhags \"Gneik 42\" w kolorze czarnym"},"content":{"rendered":"<h3>Opis<\/h3>\n<p>Techniczny, bardzo stabilny plecak z wygodn\u0105 wentylacj\u0105 na \u015bredniej d\u0142ugo\u015bci wycieczki trekkingowe i podr\u00f3\u017ce. \u015awietne funkcje - na wycieczki z psami, na narty z sankami, a nawet je\u015bli od czasu do czasu u\u017cywasz kijk\u00f3w trekkingowych.<\/p>\n<p>Gneik to techniczny plecak na \u015bredniej d\u0142ugo\u015bci trasy, wycieczki trekkingowe lub podr\u00f3\u017ce - zim\u0105 i latem. Dzi\u0119ki doskona\u0142ej stabilno\u015bci i przyjemnej wentylacji plecak ten jest idealny na wycieczki z psem lub zaprz\u0119giem w zimie, a tak\u017ce na trekking w lecie. Modele Gneik s\u0105 idealne na zimowe wycieczki, poniewa\u017c sanki lub smycze dla ps\u00f3w mo\u017cna \u0142atwo przymocowa\u0107 bez dodatkowych zapi\u0119\u0107. Zastosowano solidne aluminiowe klamry i zapi\u0119cia, a plecaki mo\u017cna \u0142\u0105czy\u0107 z mniejszymi modelami Lundhags, aby uzyska\u0107 wi\u0119ksz\u0105 obj\u0119to\u015b\u0107. Gneik jest r\u00f3wnie\u017c niezwykle wszechstronny dzi\u0119ki przyjaznym dla r\u0119kawic suwakom i p\u0119tlom do mocowania kijk\u00f3w trekkingowych lub czekan\u00f3w.<\/p>\n<p>Sztywna, zewn\u0119trzna rama do przenoszenia du\u017cych obci\u0105\u017ce\u0144. Wykonana z 8 mm pr\u0119t\u00f3w aluminiowych 6005-T6 dla maksymalnej sztywno\u015bci skr\u0119tnej.<\/p>\n<h3>szczeg\u00f3\u0142y<\/h3>\n<p>Wymiary: 53 x 32 x 21 cm<br \/>\nZdejmowana pokrywa plecaka o regulowanej wysoko\u015bci z dwiema przegrodami na zamek b\u0142yskawiczny i elastycznymi sekcjami bocznymi<br \/>\nDo\u0142\u0105czona przednia kiesze\u0144 cargo<br \/>\nD-ringi na paskach naramiennych jako punkty mocowania<br \/>\nDwustronna kompresja<br \/>\nWy\u015bcie\u0142any pas biodrowy Duo-Density zapewnia wi\u0119kszy komfort podczas noszenia ci\u0119\u017cszych \u0142adunk\u00f3w.<br \/>\nWentylowany obszar plec\u00f3w dzi\u0119ki systemowi Air<br \/>\nElastyczne kieszenie<br \/>\nErgonomiczne paski na rami\u0119 dla maksymalnego komfortu<br \/>\nRozszerzany mankiet z podw\u00f3jnym sznurkiem dla dodatkowej obj\u0119to\u015bci<br \/>\nPrzednie\/boczne zamkni\u0119cie od g\u00f3ry lub od do\u0142u<br \/>\nWyposa\u017cony w system hydracyjny<br \/>\nPrzygotowany na dodatkow\u0105 obj\u0119to\u015b\u0107 do do\u0142\u0105czenia Jomlen 25, Gnaur +10 lub Knul 7<br \/>\nPerforowane paski do stabilnego mocowania dodatkowego wyposa\u017cenia<br \/>\nWaga: 1620 g<br \/>\nRozmiary: 42 L<br \/>\nSuwaki przyjazne dla r\u0119kawic<br \/>\nPaski kompresyjne pod pokryw\u0105 do mocowania namiot\u00f3w<br \/>\n\u0141atwo dost\u0119pne, zabezpieczone przed wod\u0105 kieszenie na suwak na pasie biodrowym<br \/>\nKompatybilny z linami ekspandera do sa\u0144 i ps\u00f3w<br \/>\nRegulacja u g\u00f3ry za pomoc\u0105 p\u0119tli<br \/>\nG\u00f3rne i dolne p\u0119tle do mocowania kijk\u00f3w trekkingowych i czekana<br \/>\nSolidny uchwyt przedni<br \/>\nD\u0142ugo\u015b\u0107 plec\u00f3w: 48 cm<br \/>\nSztywne, odporne na skr\u0119canie aluminiowe pr\u0119ty<br \/>\nSystem no\u015bny w rozmiarze RL (Regular-Long: 48 cm)<br \/>\nNiezniszczalne klamry wykonane z aluminium lotniczego<br \/>\nRegulowany pasek na mostek<\/p>\n<h3>Materia\u0142y<\/h3>\n<p>LPC ECO Ripstop 65% Poliester 35% Bawe\u0142na organiczna (FC Free DWR) 231 g\/m2 Pow\u0142oka PU &gt;1 500 mm<br \/>\nECO Poliester 100% Poliester Bluesign (FC Free DWR) 300 g\/m2 Pow\u0142oka PU &gt;1 500 mm<br \/>\nECO Liner 200D Poly Oxford 100% Bluesign Polyester (FC FREE DWR) 120 g\/m2 Pow\u0142oka PU &gt;1000 mm<\/p>","protected":false},"excerpt":{"rendered":"<h3>Artikelmerkmale<\/h3>\n<p>Stan produktu: Nowy z etykiet\u0105: Nowy, nieu\u017cywany i nienoszony produkt w oryginalnym opakowaniu.<\/p>\n<p>Ausf\u00fchrung: Weichgep\u00e4ck<br \/>\nBesonderheiten: Extra F\u00e4chern, Wasserdicht<br \/>\nEAN: 7318731769343<br \/>\nKolor: czarny<br \/>\nP\u0142e\u0107: Unisex<br \/>\nHerstellungsland und -region: Unbekannt<br \/>\nKapazit\u00e4t: 40 - 49 L<br \/>\nMarke: Lundhags<br \/>\nMaterial: Polyester, Baumwolle<br \/>\nModifizierter Artikel: Nein<br \/>\nRollen: Keine Rollen<\/p>","protected":false},"featured_media":77457,"comment_status":"open","ping_status":"closed","template":"","meta":{"_seopress_robots_primary_cat":"","_seopress_titles_title":"","_seopress_titles_desc":"","_seopress_robots_index":""},"product_brand":[],"product_cat":[1345,1348,1357,1358,1387,1408,1409,1410],"product_tag":[],"class_list":{"0":"post-77315","1":"product","2":"type-product","3":"status-publish","4":"has-post-thumbnail","6":"product_cat-herrenmode","7":"product_cat-damen-mode","8":"product_cat-accessoires","9":"product_cat-taschen","10":"product_cat-accessoires-herrenmode","11":"product_cat-rucksaecke","12":"product_cat-taschen-accessoires-herrenmode","13":"product_cat-rucksaecke-taschen-accessoires-herrenmode","14":"product_shipping_class-standard-versand","16":"first","17":"instock","18":"sale","19":"taxable","20":"shipping-taxable","21":"purchasable","22":"product-type-simple"},"_links":{"self":[{"href":"https:\/\/www.soanam.de\/pl\/wp-json\/wp\/v2\/product\/77315","targetHints":{"allow":["GET"]}}],"collection":[{"href":"https:\/\/www.soanam.de\/pl\/wp-json\/wp\/v2\/product"}],"about":[{"href":"https:\/\/www.soanam.de\/pl\/wp-json\/wp\/v2\/types\/product"}],"replies":[{"embeddable":true,"href":"https:\/\/www.soanam.de\/pl\/wp-json\/wp\/v2\/comments?post=77315"}],"wp:featuredmedia":[{"embeddable":true,"href":"https:\/\/www.soanam.de\/pl\/wp-json\/wp\/v2\/media\/77457"}],"wp:attachment":[{"href":"https:\/\/www.soanam.de\/pl\/wp-json\/wp\/v2\/media?parent=77315"}],"wp:term":[{"taxonomy":"product_brand","embeddable":true,"href":"https:\/\/www.soanam.de\/pl\/wp-json\/wp\/v2\/product_brand?post=77315"},{"taxonomy":"product_cat","embeddable":true,"href":"https:\/\/www.soanam.de\/pl\/wp-json\/wp\/v2\/product_cat?post=77315"},{"taxonomy":"product_tag","embeddable":true,"href":"https:\/\/www.soanam.de\/pl\/wp-json\/wp\/v2\/product_tag?post=77315"}],"curies":[{"name":"wp","href":"https:\/\/api.w.org\/{rel}","templated":true}]}}