{"id":77314,"date":"2023-12-13T20:47:58","date_gmt":"2023-12-13T19:47:58","guid":{"rendered":"https:\/\/www.soanam.de\/?post_type=product&#038;p=77314"},"modified":"2023-12-13T20:52:31","modified_gmt":"2023-12-13T19:52:31","slug":"only-ankle-jeans-blush-in-dark-blue-denim-gr-xsxl30","status":"publish","type":"product","link":"https:\/\/www.soanam.de\/pl\/produkt\/only-ankle-jeans-blush-in-dark-blue-denim-gr-xsxl30\/","title":{"rendered":"Tylko d\u017cinsy do kostki BLUSH, z ciemnoniebieskiego denimu, rozmiar XSxL30"},"content":{"rendered":"<p>R\u00f3\u017cowe jeansy skinny fit od Only<br \/>\nPostrz\u0119pione obszycia<br \/>\nD\u0142ugo\u015b\u0107 do kostki<br \/>\nKonstrukcja z 5 kieszeniami<br \/>\nIdealne dopasowanie dzi\u0119ki zawarto\u015bci stretchu<\/p>\n<p>D\u017cins ma klasyczny kr\u00f3j z 5 kieszeniami i bardzo dobrze przylega do sylwetki dzi\u0119ki modnemu krojowi skinny.<br \/>\nDzi\u0119ki wysokiej zawarto\u015bci stretchu te jeansy skinny pasuj\u0105 jak ula\u0142.<br \/>\nCh\u0142odne, u\u017cywane spranie i postrz\u0119pione brzegi dodaj\u0105 tego czego\u015b do wygl\u0105du.<\/p>\n<p>Materia\u0142: 94% bawe\u0142na, 4% poliester, 2% elastan<br \/>\nWskaz\u00f3wki dotycz\u0105ce piel\u0119gnacji: Mo\u017cna pra\u0107 w pralce w temperaturze 40\u00b0<\/p>\n<p>Kolor: ciemnoniebieski denim<br \/>\nRozmiar: XS L30<\/p>\n<p>Rozmiar talii: 55 cm<br \/>\nObw\u00f3d bioder: 71 cm<br \/>\nD\u0142ugo\u015b\u0107 kroku: 65 cm<br \/>\nCa\u0142kowita d\u0142ugo\u015b\u0107: 90 cm<\/p>","protected":false},"excerpt":{"rendered":"<table class=\"dv_characteristicsTable\">\n<tbody>\n<tr>\n<td class=\"left\">Rozmiar<\/td>\n<td>XS<\/td>\n<\/tr>\n<tr>\n<td class=\"left\">Hosenl\u00e4nge<\/td>\n<td>30<\/td>\n<\/tr>\n<tr>\n<td class=\"left\">Sk\u0142ad materia\u0142u<\/td>\n<td>Obermaterial: 94% Baumwolle, 4% Polyester, 2% Elasthan<\/td>\n<\/tr>\n<tr>\n<td class=\"left\">Materialart<\/td>\n<td>Denim<\/td>\n<\/tr>\n<tr>\n<td class=\"left\">Materialeigenschaften<\/td>\n<td>Stretch<\/td>\n<\/tr>\n<tr>\n<td class=\"left\">Instrukcje dotycz\u0105ce piel\u0119gnacji<\/td>\n<td>Pranie w pralce<\/td>\n<\/tr>\n<tr>\n<td class=\"left\">Optik<\/td>\n<td>gepflegt<\/td>\n<\/tr>\n<tr>\n<td class=\"left\">Stil<\/td>\n<td>casual<\/td>\n<\/tr>\n<tr>\n<td class=\"left\">Waschung<\/td>\n<td>washed<\/td>\n<\/tr>\n<tr>\n<td class=\"left\">Herstellerfarbbezeichnung<\/td>\n<td>ciemnoniebieski denim<\/td>\n<\/tr>\n<tr>\n<td class=\"left\">Kolor<\/td>\n<td>dark, blue, denim<\/td>\n<\/tr>\n<tr>\n<td class=\"left\">Leibh\u00f6he<\/td>\n<td>normal<\/td>\n<\/tr>\n<tr>\n<td class=\"left\">Beinform<\/td>\n<td>extra-eng<\/td>\n<\/tr>\n<tr>\n<td class=\"left\">Beinabschluss<\/td>\n<td>leicht ausgefranste Kante<\/td>\n<\/tr>\n<tr>\n<td class=\"left\">Dopasowanie<\/td>\n<td>skinny fit<\/td>\n<\/tr>\n<tr>\n<td class=\"left\">Herstellerpassform<\/td>\n<td>Mid Skinny Ankle<\/td>\n<\/tr>\n<tr>\n<td class=\"left\">Schnittform L\u00e4nge<\/td>\n<td>kn\u00f6chellang<\/td>\n<\/tr>\n<tr>\n<td class=\"left\">G\u00fcrtelschlaufen<\/td>\n<td>ja<\/td>\n<\/tr>\n<tr>\n<td class=\"left\">Torby<\/td>\n<td>Ges\u00e4\u00dftaschen, Eingrifftaschen, Coinpocket<\/td>\n<\/tr>\n<tr>\n<td class=\"left\">Verschluss<\/td>\n<td>1-Knopf-Form<\/td>\n<\/tr>\n<tr>\n<td class=\"left\">Besondere Merkmale<\/td>\n<td>ausgefranste S\u00e4ume<\/td>\n<\/tr>\n<\/tbody>\n<\/table>","protected":false},"featured_media":77453,"comment_status":"open","ping_status":"closed","template":"","meta":{"_seopress_robots_primary_cat":"","_seopress_titles_title":"","_seopress_titles_desc":"","_seopress_robots_index":""},"product_brand":[],"product_cat":[1348,1349,1350],"product_tag":[],"class_list":{"0":"post-77314","1":"product","2":"type-product","3":"status-publish","4":"has-post-thumbnail","6":"product_cat-damen-mode","7":"product_cat-hosen-damen-mode","8":"product_cat-jeans-hosen-damen-mode","9":"product_shipping_class-standard-versand","11":"first","12":"instock","13":"taxable","14":"shipping-taxable","15":"purchasable","16":"product-type-simple"},"_links":{"self":[{"href":"https:\/\/www.soanam.de\/pl\/wp-json\/wp\/v2\/product\/77314","targetHints":{"allow":["GET"]}}],"collection":[{"href":"https:\/\/www.soanam.de\/pl\/wp-json\/wp\/v2\/product"}],"about":[{"href":"https:\/\/www.soanam.de\/pl\/wp-json\/wp\/v2\/types\/product"}],"replies":[{"embeddable":true,"href":"https:\/\/www.soanam.de\/pl\/wp-json\/wp\/v2\/comments?post=77314"}],"wp:featuredmedia":[{"embeddable":true,"href":"https:\/\/www.soanam.de\/pl\/wp-json\/wp\/v2\/media\/77453"}],"wp:attachment":[{"href":"https:\/\/www.soanam.de\/pl\/wp-json\/wp\/v2\/media?parent=77314"}],"wp:term":[{"taxonomy":"product_brand","embeddable":true,"href":"https:\/\/www.soanam.de\/pl\/wp-json\/wp\/v2\/product_brand?post=77314"},{"taxonomy":"product_cat","embeddable":true,"href":"https:\/\/www.soanam.de\/pl\/wp-json\/wp\/v2\/product_cat?post=77314"},{"taxonomy":"product_tag","embeddable":true,"href":"https:\/\/www.soanam.de\/pl\/wp-json\/wp\/v2\/product_tag?post=77314"}],"curies":[{"name":"wp","href":"https:\/\/api.w.org\/{rel}","templated":true}]}}