{"id":77295,"date":"2023-12-13T20:47:22","date_gmt":"2023-12-13T19:47:22","guid":{"rendered":"https:\/\/www.soanam.de\/?post_type=product&#038;p=77295"},"modified":"2023-12-13T20:52:26","modified_gmt":"2023-12-13T19:52:26","slug":"only-skinny-fit-jeans-onlwauw-in-medium-blue-gr-lxl30","status":"publish","type":"product","link":"https:\/\/www.soanam.de\/pl\/produkt\/only-skinny-fit-jeans-onlwauw-in-medium-blue-gr-lxl30\/","title":{"rendered":"D\u017cinsy skinny Only ONLWAUW, kolor niebieski \u015bredni, rozmiar LxL30"},"content":{"rendered":"<p>D\u017cinsy skinny od ONLY<br \/>\nNieznacznie zniszczone efekty<br \/>\nStyl z 5 kieszeniami<br \/>\nObcis\u0142a nogawka z normalnym wzrostem<br \/>\nWygodne dopasowanie dzi\u0119ki elastycznemu d\u017cinsowi<\/p>\n<p>W\u0105ski kr\u00f3j d\u017cins\u00f3w dobrze przylega do cia\u0142a i podkre\u015bla figur\u0119.<br \/>\nMateria\u0142 jeans\u00f3w damskich jest elastyczny, dzi\u0119ki czemu spodnie s\u0105 bardzo wygodne i dopasowuj\u0105 si\u0119 do cia\u0142a.<br \/>\nEfekty zniszczenia tworz\u0105 poszarpane detale, nadaj\u0105c zu\u017cyty wygl\u0105d.<\/p>\n<p>Materia\u0142: bawe\u0142na 64%, poliester 31%, wiskoza 3%, elastan 2%<br \/>\nWskaz\u00f3wki dotycz\u0105ce piel\u0119gnacji: Mo\u017cna pra\u0107 w pralce w temperaturze 40\u00b0<\/p>\n<p>Kolor: \u015bredni niebieski<br \/>\nRozmiar: L L30<\/p>\n<p>Rozmiar talii: 77 cm<br \/>\nObw\u00f3d bioder: 88 cm<br \/>\nD\u0142ugo\u015b\u0107 kroku: 66 cm<br \/>\nCa\u0142kowita d\u0142ugo\u015b\u0107: 90 cm<\/p>\n<p>&nbsp;<\/p>\n<p>Ten nowy przedmiot jest zwrotem klienta bez etykiety.<\/p>","protected":false},"excerpt":{"rendered":"<div class=\"js_prd_moreBox__contentWrapper prd_moreBox__contentWrapper\">\n<div class=\"prd_moreBox__content js_prd_moreBox__content\" lang=\"de\">\n<table class=\"dv_characteristicsTable\">\n<tbody>\n<tr>\n<td class=\"left\">Rozmiar<\/td>\n<td>L<\/td>\n<\/tr>\n<tr>\n<td class=\"left\">Hosenl\u00e4nge<\/td>\n<td>30<\/td>\n<\/tr>\n<tr>\n<td class=\"left\">Sk\u0142ad materia\u0142u<\/td>\n<td>Obermaterial: 64% Baumwolle, 31% Polyester, 3% Viskose, 2% Elasthan<\/td>\n<\/tr>\n<tr>\n<td class=\"left\">Materialart<\/td>\n<td>Denim<\/td>\n<\/tr>\n<tr>\n<td class=\"left\">Materialeigenschaften<\/td>\n<td>Stretch<\/td>\n<\/tr>\n<tr>\n<td class=\"left\">Instrukcje dotycz\u0105ce piel\u0119gnacji<\/td>\n<td>Pranie w pralce<\/td>\n<\/tr>\n<tr>\n<td class=\"left\">Stil<\/td>\n<td>casual<\/td>\n<\/tr>\n<tr>\n<td class=\"left\">Kolor<\/td>\n<td>medium, blue<\/td>\n<\/tr>\n<tr>\n<td class=\"left\">Leibh\u00f6he<\/td>\n<td>normal<\/td>\n<\/tr>\n<tr>\n<td class=\"left\">Beinform<\/td>\n<td>schmal<\/td>\n<\/tr>\n<tr>\n<td class=\"left\">Dopasowanie<\/td>\n<td>skinny fit<\/td>\n<\/tr>\n<tr>\n<td class=\"left\">G\u00fcrtelschlaufen<\/td>\n<td>ja<\/td>\n<\/tr>\n<tr>\n<td class=\"left\">Torby<\/td>\n<td>Eingrifftaschen, Ges\u00e4\u00dftaschen, Coinpocket<\/td>\n<\/tr>\n<tr>\n<td class=\"left\">Verschluss<\/td>\n<td>Rei\u00dfverschluss, Knopf<\/td>\n<\/tr>\n<tr>\n<td class=\"left\">Besondere Merkmale<\/td>\n<td>mit leichten Destroyed Effekten<\/td>\n<\/tr>\n<\/tbody>\n<\/table>\n<\/div>\n<\/div>\n<div class=\"prd_moreBox__buttonWrapper\"><\/div>","protected":false},"featured_media":77449,"comment_status":"open","ping_status":"closed","template":"","meta":{"_seopress_robots_primary_cat":"","_seopress_titles_title":"","_seopress_titles_desc":"","_seopress_robots_index":""},"product_brand":[],"product_cat":[1348,1349,1350],"product_tag":[],"class_list":{"0":"post-77295","1":"product","2":"type-product","3":"status-publish","4":"has-post-thumbnail","6":"product_cat-damen-mode","7":"product_cat-hosen-damen-mode","8":"product_cat-jeans-hosen-damen-mode","9":"product_shipping_class-standard-versand","11":"first","12":"instock","13":"taxable","14":"shipping-taxable","15":"purchasable","16":"product-type-simple"},"_links":{"self":[{"href":"https:\/\/www.soanam.de\/pl\/wp-json\/wp\/v2\/product\/77295","targetHints":{"allow":["GET"]}}],"collection":[{"href":"https:\/\/www.soanam.de\/pl\/wp-json\/wp\/v2\/product"}],"about":[{"href":"https:\/\/www.soanam.de\/pl\/wp-json\/wp\/v2\/types\/product"}],"replies":[{"embeddable":true,"href":"https:\/\/www.soanam.de\/pl\/wp-json\/wp\/v2\/comments?post=77295"}],"wp:featuredmedia":[{"embeddable":true,"href":"https:\/\/www.soanam.de\/pl\/wp-json\/wp\/v2\/media\/77449"}],"wp:attachment":[{"href":"https:\/\/www.soanam.de\/pl\/wp-json\/wp\/v2\/media?parent=77295"}],"wp:term":[{"taxonomy":"product_brand","embeddable":true,"href":"https:\/\/www.soanam.de\/pl\/wp-json\/wp\/v2\/product_brand?post=77295"},{"taxonomy":"product_cat","embeddable":true,"href":"https:\/\/www.soanam.de\/pl\/wp-json\/wp\/v2\/product_cat?post=77295"},{"taxonomy":"product_tag","embeddable":true,"href":"https:\/\/www.soanam.de\/pl\/wp-json\/wp\/v2\/product_tag?post=77295"}],"curies":[{"name":"wp","href":"https:\/\/api.w.org\/{rel}","templated":true}]}}