{"id":77265,"date":"2023-12-13T20:46:21","date_gmt":"2023-12-13T19:46:21","guid":{"rendered":"https:\/\/www.soanam.de\/?post_type=product&#038;p=77265"},"modified":"2023-12-13T20:51:10","modified_gmt":"2023-12-13T19:51:10","slug":"only-sons-slim-fit-jeans-loom-life-in-black-w32xl30","status":"publish","type":"product","link":"https:\/\/www.soanam.de\/pl\/produkt\/only-sons-slim-fit-jeans-loom-life-in-black-w32xl30\/","title":{"rendered":"ONLY &amp; SONS w\u0105skie d\u017cinsy LOOM Life, w kolorze czarnym, W32xL30"},"content":{"rendered":"<p>D\u017cinsy w modnym stylu vintage z zapi\u0119ciem na guziki<br \/>\nW\u0105ski kr\u00f3j, w\u0105ska nogawka<br \/>\nElastyczne i wygodne dzi\u0119ki zawarto\u015bci elastanu<\/p>\n<p>D\u017cinsy slim fit od Only &amp; Sons o w\u0105skim kroju, a jednocze\u015bnie super wygodne dzi\u0119ki elastycznemu materia\u0142owi denim.<br \/>\nJest to modna m\u0119ska tuba w modnym stylu vintage.<\/p>\n<p>Materia\u0142: bawe\u0142na 99%, elastan 1%<br \/>\nWskaz\u00f3wki dotycz\u0105ce piel\u0119gnacji: Mo\u017cna pra\u0107 w pralce w temperaturze 40\u00b0<\/p>\n<p>Kolor: czarny<br \/>\nRozmiar: W32 L30<\/p>\n<p>Rozmiar talii: 80 cm<br \/>\nObw\u00f3d bioder: 95 cm<br \/>\nD\u0142ugo\u015b\u0107 stopnia: 74 cm<br \/>\nCa\u0142kowita d\u0142ugo\u015b\u0107: 101 cm<\/p>","protected":false},"excerpt":{"rendered":"<table class=\"dv_characteristicsTable\">\n<tbody>\n<tr>\n<td class=\"left\">Rozmiar<\/td>\n<td>32<\/td>\n<\/tr>\n<tr>\n<td class=\"left\">Hosenl\u00e4nge<\/td>\n<td>30<\/td>\n<\/tr>\n<tr>\n<td class=\"left\">Sk\u0142ad materia\u0142u<\/td>\n<td>Obermaterial: 99% Baumwolle, 1% Elasthan<\/td>\n<\/tr>\n<tr>\n<td class=\"left\">Instrukcje dotycz\u0105ce piel\u0119gnacji<\/td>\n<td>Pranie w pralce<\/td>\n<\/tr>\n<tr>\n<td class=\"left\">Stil<\/td>\n<td>modisch<\/td>\n<\/tr>\n<tr>\n<td class=\"left\">Kolor<\/td>\n<td>black<\/td>\n<\/tr>\n<tr>\n<td class=\"left\">Leibh\u00f6he<\/td>\n<td>niedriger<\/td>\n<\/tr>\n<tr>\n<td class=\"left\">Beinform<\/td>\n<td>schmal<\/td>\n<\/tr>\n<tr>\n<td class=\"left\">Dopasowanie<\/td>\n<td>schmal<\/td>\n<\/tr>\n<tr>\n<td class=\"left\">Torby<\/td>\n<td>Coinpocket, Eingrifftaschen, Ges\u00e4\u00dftaschen<\/td>\n<\/tr>\n<tr>\n<td class=\"left\">Verschluss<\/td>\n<td>Zapi\u0119cie na guziki<\/td>\n<\/tr>\n<\/tbody>\n<\/table>","protected":false},"featured_media":77409,"comment_status":"open","ping_status":"closed","template":"","meta":{"_seopress_robots_primary_cat":"","_seopress_titles_title":"","_seopress_titles_desc":"","_seopress_robots_index":""},"product_brand":[],"product_cat":[1345,1346,1347],"product_tag":[],"class_list":{"0":"post-77265","1":"product","2":"type-product","3":"status-publish","4":"has-post-thumbnail","6":"product_cat-herrenmode","7":"product_cat-hosen","8":"product_cat-jeans","9":"product_shipping_class-standard-versand","11":"first","12":"instock","13":"taxable","14":"shipping-taxable","15":"purchasable","16":"product-type-simple"},"_links":{"self":[{"href":"https:\/\/www.soanam.de\/pl\/wp-json\/wp\/v2\/product\/77265","targetHints":{"allow":["GET"]}}],"collection":[{"href":"https:\/\/www.soanam.de\/pl\/wp-json\/wp\/v2\/product"}],"about":[{"href":"https:\/\/www.soanam.de\/pl\/wp-json\/wp\/v2\/types\/product"}],"replies":[{"embeddable":true,"href":"https:\/\/www.soanam.de\/pl\/wp-json\/wp\/v2\/comments?post=77265"}],"wp:featuredmedia":[{"embeddable":true,"href":"https:\/\/www.soanam.de\/pl\/wp-json\/wp\/v2\/media\/77409"}],"wp:attachment":[{"href":"https:\/\/www.soanam.de\/pl\/wp-json\/wp\/v2\/media?parent=77265"}],"wp:term":[{"taxonomy":"product_brand","embeddable":true,"href":"https:\/\/www.soanam.de\/pl\/wp-json\/wp\/v2\/product_brand?post=77265"},{"taxonomy":"product_cat","embeddable":true,"href":"https:\/\/www.soanam.de\/pl\/wp-json\/wp\/v2\/product_cat?post=77265"},{"taxonomy":"product_tag","embeddable":true,"href":"https:\/\/www.soanam.de\/pl\/wp-json\/wp\/v2\/product_tag?post=77265"}],"curies":[{"name":"wp","href":"https:\/\/api.w.org\/{rel}","templated":true}]}}