{"id":77263,"date":"2023-12-13T20:46:20","date_gmt":"2023-12-13T19:46:20","guid":{"rendered":"https:\/\/www.soanam.de\/?post_type=product&#038;p=77263"},"modified":"2023-12-13T20:50:44","modified_gmt":"2023-12-13T19:50:44","slug":"zestaw-czajnikow-amc-indukcja-ogrodowa-ii","status":"publish","type":"product","link":"https:\/\/www.soanam.de\/pl\/produkt\/amc-teekesselset-garden-induktion-ii\/","title":{"rendered":"Zestaw czajnik\u00f3w AMC Garden, indukcja II"},"content":{"rendered":"<h3>Opis<\/h3>\n<p>Marka: AMC<br \/>\nTyp produktu: Czajnik do herbaty<br \/>\nModel: Garden<\/p>\n<p>NOWO\u015a\u0106 z gwarancj\u0105<br \/>\nOryginalne opakowanie<\/p>\n<p>Pojemno\u015b\u0107: 2,0 litry<br \/>\n\u015arednica: ok. 20 cm<br \/>\nMateria\u0142: stal nierdzewna<br \/>\nZawarto\u015b\u0107: zestaw 2 czajnik\u00f3w<\/p>","protected":false},"excerpt":{"rendered":"<h3>Artikelmerkmale<\/h3>\n<p>Stan produktu: Nowy z etykiet\u0105: Nowy, nieu\u017cywany i nienoszony produkt w oryginalnym opakowaniu.<\/p>\n<p>Herstellernummer: 61455003<br \/>\nProduktart: Teekanne<br \/>\nAngebotspaket: Nein<br \/>\nAnzahl der Tassen: unbekannt<br \/>\nMateria\u0142: stal nierdzewna<br \/>\nPersonalisiert: Nein<br \/>\nStil: Traditionell<br \/>\nFarbe: Silber<br \/>\nKapazit\u00e4t: 2 L<br \/>\nFinish: Edelstahl<br \/>\nHerstellungsmethode: unbekannt<br \/>\nHerstellungsstil: unbekannt<br \/>\nMarka: AMC<br \/>\nEAN: nichtzutreffend<\/p>","protected":false},"featured_media":77397,"comment_status":"open","ping_status":"closed","template":"","meta":{"_seopress_robots_primary_cat":"","_seopress_titles_title":"","_seopress_titles_desc":"","_seopress_robots_index":""},"product_brand":[],"product_cat":[1400,1401],"product_tag":[],"class_list":{"0":"post-77263","1":"product","2":"type-product","3":"status-publish","4":"has-post-thumbnail","6":"product_cat-wohnzubehoer","7":"product_cat-haushaltswaren","8":"product_shipping_class-standard-versand","10":"first","11":"instock","12":"sale","13":"taxable","14":"shipping-taxable","15":"purchasable","16":"product-type-simple"},"_links":{"self":[{"href":"https:\/\/www.soanam.de\/pl\/wp-json\/wp\/v2\/product\/77263","targetHints":{"allow":["GET"]}}],"collection":[{"href":"https:\/\/www.soanam.de\/pl\/wp-json\/wp\/v2\/product"}],"about":[{"href":"https:\/\/www.soanam.de\/pl\/wp-json\/wp\/v2\/types\/product"}],"replies":[{"embeddable":true,"href":"https:\/\/www.soanam.de\/pl\/wp-json\/wp\/v2\/comments?post=77263"}],"wp:featuredmedia":[{"embeddable":true,"href":"https:\/\/www.soanam.de\/pl\/wp-json\/wp\/v2\/media\/77397"}],"wp:attachment":[{"href":"https:\/\/www.soanam.de\/pl\/wp-json\/wp\/v2\/media?parent=77263"}],"wp:term":[{"taxonomy":"product_brand","embeddable":true,"href":"https:\/\/www.soanam.de\/pl\/wp-json\/wp\/v2\/product_brand?post=77263"},{"taxonomy":"product_cat","embeddable":true,"href":"https:\/\/www.soanam.de\/pl\/wp-json\/wp\/v2\/product_cat?post=77263"},{"taxonomy":"product_tag","embeddable":true,"href":"https:\/\/www.soanam.de\/pl\/wp-json\/wp\/v2\/product_tag?post=77263"}],"curies":[{"name":"wp","href":"https:\/\/api.w.org\/{rel}","templated":true}]}}