{"id":77262,"date":"2023-12-13T20:46:20","date_gmt":"2023-12-13T19:46:20","guid":{"rendered":"https:\/\/www.soanam.de\/?post_type=product&#038;p=77262"},"modified":"2023-12-13T20:50:19","modified_gmt":"2023-12-13T19:50:19","slug":"didriksons-kenny-usx-parka-2-meska-wodoodporna-parka-z-wewnetrzna-podszewka","status":"publish","type":"product","link":"https:\/\/www.soanam.de\/pl\/produkt\/didriksons-kenny-usx-parka-2-men-wasserdichter-parka-mit-innenfutter\/","title":{"rendered":"Didriksons Kenny USX Parka 2 Men - Wodoodporna parka z wewn\u0119trzn\u0105 podszewk\u0105"},"content":{"rendered":"<h3>Opis<\/h3>\n<p>Wodoodporna parka outdoorowa o ergonomicznym kroju z lekk\u0105 podszewk\u0105 w kolorze czarnym - rozmiar S<\/p>\n<p>Kenny, cienka parka m\u0119ska z podszewk\u0105 w d\u0142u\u017cszym modelu o czystym designie i z dwiema dyskretnymi kieszeniami z przodu. Parka jest wodoodporna i wiatroszczelna z klejonymi szwami, idealna na ch\u0142odniejsze jesienne dni.<\/p>\n<p>Parka jest wykonana z mi\u0119kkiej tkaniny poliestrowej i ma sznurek \u015bci\u0105gaj\u0105cy na zewn\u0105trz kaptura jako schludny detal. Mankiety i kaptur mo\u017cna regulowa\u0107 w zale\u017cno\u015bci od potrzeb. Parka ma dwukierunkowy zamek b\u0142yskawiczny z przodu i wysoki, wygodny ko\u0142nierz, kt\u00f3ry chroni przed zimnym wiatrem, a tak\u017ce sta\u0142y kaptur. Wodoodporne wyko\u0144czenie bez PFC.<\/p>\n<ul>\n<li>100 g \/ m\u00b2 Tapicerka g\u0142\u00f3wna<\/li>\n<li>2-kierunkowy zamek b\u0142yskawiczny z przodu<\/li>\n<li>Oddychaj\u0105cy<\/li>\n<li>Oddychalno\u015b\u0107: (5) 5000 g \/ m\u00b2 \/ 24 h, ASTM E-96 BW STANDARD<\/li>\n<li>Wieszak z ty\u0142u<\/li>\n<li>Drylevel DRY-10, wszystkie szwy podklejone ta\u015bm\u0105<\/li>\n<li>Regulowane mankiety<\/li>\n<li>Regulowany kaptur<\/li>\n<li>Ergonomiczny kr\u00f3j<\/li>\n<li>Sta\u0142y kaptur<\/li>\n<li>Podszewka: 100% poliester (siatka \/ tafta)<\/li>\n<li>Wyprofilowana kiesze\u0144<\/li>\n<li>Elastyczne mankiety po wewn\u0119trznej stronie<\/li>\n<li>Os\u0142ona podbr\u00f3dka<\/li>\n<li>Lekka podszewka wewn\u0119trzna<\/li>\n<li>Materia\u0142: poliester 100% (splot poliestrowy, laminat, wyko\u0144czenie ECO DWR)<\/li>\n<li>Przygotowane media<\/li>\n<li>Kilka wewn\u0119trznych kieszeni<\/li>\n<li>Torba Napoleon<\/li>\n<li>Zamek b\u0142yskawiczny z klap\u0105 sztormow\u0105 z przodu<\/li>\n<li>D\u0142ugo\u015b\u0107 plec\u00f3w: 101 cm<\/li>\n<li>Poziom ciep\u0142a: 13 (lekka podszewka wewn\u0119trzna)<\/li>\n<li>Wodoodporny (wszystkie szwy pikowane)<\/li>\n<li>S\u0142up wody: 10 000 mm<\/li>\n<li>Wiatroszczelno\u015b\u0107 i oddychalno\u015b\u0107<\/li>\n<\/ul>","protected":false},"excerpt":{"rendered":"<h3>Artikelmerkmale<\/h3>\n<p>Stan produktu: Nowy z etykiet\u0105: Nowy, nieu\u017cywany i nienoszony produkt w oryginalnym opakowaniu.<\/p>\n<p>Angebotspaket: Nein<br \/>\nEAN: 7332627781394<br \/>\nKolor: czarny<br \/>\nRozmiar: S<br \/>\nHerstellungsland und -region: Schweden<br \/>\nMarke: DIDRIKSONS 1913<br \/>\nMateria\u0142: poliester<br \/>\nModell: Kenny<br \/>\nModifizierter Artikel: Nein<br \/>\nTeile tierischen Ursprungs: Nein<\/p>","protected":false},"featured_media":77387,"comment_status":"open","ping_status":"closed","template":"","meta":{"_seopress_robots_primary_cat":"","_seopress_titles_title":"","_seopress_titles_desc":"","_seopress_robots_index":""},"product_brand":[],"product_cat":[1345,1363,1389],"product_tag":[],"class_list":{"0":"post-77262","1":"product","2":"type-product","3":"status-publish","4":"has-post-thumbnail","6":"product_cat-herrenmode","7":"product_cat-jacken-maentel-herrenmode","8":"product_cat-parkas","9":"product_shipping_class-standard-versand","11":"first","12":"instock","13":"sale","14":"taxable","15":"shipping-taxable","16":"purchasable","17":"product-type-simple"},"_links":{"self":[{"href":"https:\/\/www.soanam.de\/pl\/wp-json\/wp\/v2\/product\/77262","targetHints":{"allow":["GET"]}}],"collection":[{"href":"https:\/\/www.soanam.de\/pl\/wp-json\/wp\/v2\/product"}],"about":[{"href":"https:\/\/www.soanam.de\/pl\/wp-json\/wp\/v2\/types\/product"}],"replies":[{"embeddable":true,"href":"https:\/\/www.soanam.de\/pl\/wp-json\/wp\/v2\/comments?post=77262"}],"wp:featuredmedia":[{"embeddable":true,"href":"https:\/\/www.soanam.de\/pl\/wp-json\/wp\/v2\/media\/77387"}],"wp:attachment":[{"href":"https:\/\/www.soanam.de\/pl\/wp-json\/wp\/v2\/media?parent=77262"}],"wp:term":[{"taxonomy":"product_brand","embeddable":true,"href":"https:\/\/www.soanam.de\/pl\/wp-json\/wp\/v2\/product_brand?post=77262"},{"taxonomy":"product_cat","embeddable":true,"href":"https:\/\/www.soanam.de\/pl\/wp-json\/wp\/v2\/product_cat?post=77262"},{"taxonomy":"product_tag","embeddable":true,"href":"https:\/\/www.soanam.de\/pl\/wp-json\/wp\/v2\/product_tag?post=77262"}],"curies":[{"name":"wp","href":"https:\/\/api.w.org\/{rel}","templated":true}]}}