{"id":77199,"date":"2023-12-13T20:41:53","date_gmt":"2023-12-13T19:41:53","guid":{"rendered":"https:\/\/www.soanam.de\/?post_type=product&#038;p=77199"},"modified":"2023-12-13T20:49:02","modified_gmt":"2023-12-13T19:49:02","slug":"ajc-spodnie-bootcut-z-ozdobnymi-kieszeniami-w-kolorze-czarnym-rozmiar-38","status":"publish","type":"product","link":"https:\/\/www.soanam.de\/pl\/produkt\/ajc-bootcut-hose-mit-ziertaschen-in-schwarz-groesse-38\/","title":{"rendered":"Spodnie AJC Bootcut z ozdobnymi kieszeniami, czarne, rozmiar 38"},"content":{"rendered":"<p>Podstawowe spodnie od AJC<br \/>\nLekko rozszerzane nogawki<br \/>\nZ uko\u015bnymi kieszeniami z przodu<br \/>\nOzdobne kieszenie z klapkami z ty\u0142u<br \/>\nIdealne dopasowanie dzi\u0119ki zawarto\u015bci stretchu<\/p>\n<p>Spodnie Bootcut od AJC z ozdobnymi kieszeniami z klapkami i uko\u015bnymi kieszeniami.<br \/>\nTe podstawowe spodnie s\u0105 wykonane z elastycznego materia\u0142u, kt\u00f3ry zapewnia idealne dopasowanie.<\/p>\n<p>Materia\u0142: bawe\u0142na 97%, elastan 3%<br \/>\nWskaz\u00f3wki dotycz\u0105ce piel\u0119gnacji: Mo\u017cna pra\u0107 w pralce w temperaturze 40\u00b0<\/p>\n<p>Kolor: czarny<br \/>\nRozmiar: EUR 38<\/p>\n<p>Rozmiar talii: 74 cm<br \/>\nObw\u00f3d bioder: 97 cm<br \/>\nD\u0142ugo\u015b\u0107 kroku: 81 cm<br \/>\nCa\u0142kowita d\u0142ugo\u015b\u0107: 103 cm<\/p>","protected":false},"excerpt":{"rendered":"<table class=\"dv_characteristicsTable\">\n<tbody>\n<tr>\n<td class=\"left\">Rozmiar<\/td>\n<td>38<\/td>\n<\/tr>\n<tr>\n<td class=\"left\">Gr\u00f6\u00dfentyp<\/td>\n<td>Normalgr\u00f6\u00dfen<\/td>\n<\/tr>\n<tr>\n<td class=\"left\">Sk\u0142ad materia\u0142u<\/td>\n<td>Obermaterial: 97% Baumwolle, 3% Elasthan<\/td>\n<\/tr>\n<tr>\n<td class=\"left\">Materialart<\/td>\n<td>Web<\/td>\n<\/tr>\n<tr>\n<td class=\"left\">Materialeigenschaften<\/td>\n<td>Stretch<\/td>\n<\/tr>\n<tr>\n<td class=\"left\">Instrukcje dotycz\u0105ce piel\u0119gnacji<\/td>\n<td>Pranie w pralce<\/td>\n<\/tr>\n<tr>\n<td class=\"left\">Optik<\/td>\n<td>unifarben<\/td>\n<\/tr>\n<tr>\n<td class=\"left\">Stil<\/td>\n<td>casual<\/td>\n<\/tr>\n<tr>\n<td class=\"left\">Kolor<\/td>\n<td>schwarz<\/td>\n<\/tr>\n<tr>\n<td class=\"left\">Leibh\u00f6he<\/td>\n<td>niedrig<\/td>\n<\/tr>\n<tr>\n<td class=\"left\">Bundabschluss<\/td>\n<td>durchgesteppt<\/td>\n<\/tr>\n<tr>\n<td class=\"left\">Beinabschluss<\/td>\n<td>ausgestellter Saum<\/td>\n<\/tr>\n<tr>\n<td class=\"left\">Beinform<\/td>\n<td>Bootcut<\/td>\n<\/tr>\n<tr>\n<td class=\"left\">Dopasowanie<\/td>\n<td>ausgestellt<\/td>\n<\/tr>\n<tr>\n<td class=\"left\">Torby<\/td>\n<td>Eingrifftasche, Ges\u00e4\u00dftaschen<\/td>\n<\/tr>\n<tr>\n<td class=\"left\">Verschluss<\/td>\n<td>Rei\u00dfverschluss, 1-Knopf-Form<\/td>\n<\/tr>\n<tr>\n<td class=\"left\">Besondere Merkmale<\/td>\n<td>mit leichtem Schlag<\/td>\n<\/tr>\n<\/tbody>\n<\/table>","protected":false},"featured_media":77344,"comment_status":"open","ping_status":"closed","template":"","meta":{"_seopress_robots_primary_cat":"","_seopress_titles_title":"","_seopress_titles_desc":"","_seopress_robots_index":""},"product_brand":[],"product_cat":[1348,1349,1396,1397],"product_tag":[],"class_list":{"0":"post-77199","1":"product","2":"type-product","3":"status-publish","4":"has-post-thumbnail","6":"product_cat-damen-mode","7":"product_cat-hosen-damen-mode","8":"product_cat-stoffhosen-hosen-damen-mode","9":"product_cat-andere-hosen","10":"product_shipping_class-standard-versand","12":"first","13":"instock","14":"sale","15":"taxable","16":"shipping-taxable","17":"purchasable","18":"product-type-simple"},"_links":{"self":[{"href":"https:\/\/www.soanam.de\/pl\/wp-json\/wp\/v2\/product\/77199","targetHints":{"allow":["GET"]}}],"collection":[{"href":"https:\/\/www.soanam.de\/pl\/wp-json\/wp\/v2\/product"}],"about":[{"href":"https:\/\/www.soanam.de\/pl\/wp-json\/wp\/v2\/types\/product"}],"replies":[{"embeddable":true,"href":"https:\/\/www.soanam.de\/pl\/wp-json\/wp\/v2\/comments?post=77199"}],"wp:featuredmedia":[{"embeddable":true,"href":"https:\/\/www.soanam.de\/pl\/wp-json\/wp\/v2\/media\/77344"}],"wp:attachment":[{"href":"https:\/\/www.soanam.de\/pl\/wp-json\/wp\/v2\/media?parent=77199"}],"wp:term":[{"taxonomy":"product_brand","embeddable":true,"href":"https:\/\/www.soanam.de\/pl\/wp-json\/wp\/v2\/product_brand?post=77199"},{"taxonomy":"product_cat","embeddable":true,"href":"https:\/\/www.soanam.de\/pl\/wp-json\/wp\/v2\/product_cat?post=77199"},{"taxonomy":"product_tag","embeddable":true,"href":"https:\/\/www.soanam.de\/pl\/wp-json\/wp\/v2\/product_tag?post=77199"}],"curies":[{"name":"wp","href":"https:\/\/api.w.org\/{rel}","templated":true}]}}