{"id":77184,"date":"2023-12-13T20:40:21","date_gmt":"2023-12-13T19:40:21","guid":{"rendered":"https:\/\/www.soanam.de\/?post_type=product&#038;p=77184"},"modified":"2023-12-13T20:48:22","modified_gmt":"2023-12-13T19:48:22","slug":"wspaniale-waskie-dzinsy-gina-slim-z-boczna-wstawka-klinowa-w-kolorze-bialym-w26xl32","status":"publish","type":"product","link":"https:\/\/www.soanam.de\/pl\/produkt\/herrlicher-slim-fit-jeans-gina-slim-mit-seitlichem-keileinsatz-in-weiss-w26xl32\/","title":{"rendered":"D\u017cinsy o w\u0105skim kroju GINA SLIM marki Herrlicher, z bocznym klinem, bia\u0142e, W26xL32"},"content":{"rendered":"<p>D\u017cinsy o w\u0105skim kroju Gina Slim marki Herrlicher<br \/>\nIdealne dopasowanie dzi\u0119ki wydajnym materia\u0142om power stretch<br \/>\nBoczne wstawki klinowe z efektem rozci\u0105gania<br \/>\nDoskonale wyprofilowany pas dla lepszego dopasowania<\/p>\n<p>Podkre\u015blaj\u0105ce figur\u0119 damskie jeansy o w\u0105skim kroju od Herrlicher. Bardzo dopasowany kr\u00f3j nogawek i niski stan. Wyko\u0144czone markow\u0105 metk\u0105. Model Gina Slim jest bardzo \u0142atwy w piel\u0119gnacji i wytrzyma\u0142y.<\/p>\n<p>Materia\u0142: bawe\u0142na 92%, poliester 5%, elastan 3%<br \/>\nWskaz\u00f3wki dotycz\u0105ce piel\u0119gnacji: Mo\u017cna pra\u0107 w pralce w temperaturze 30\u00b0<\/p>\n<p>Kolor: ry\u017c<br \/>\nRozmiar: W26 L32<\/p>\n<p>Rozmiar talii: 70 cm<br \/>\nObw\u00f3d bioder: 88 cm<br \/>\nD\u0142ugo\u015b\u0107 stopnia: 79 cm<br \/>\nCa\u0142kowita d\u0142ugo\u015b\u0107: 99 cm<\/p>","protected":false},"excerpt":{"rendered":"<div class=\"Card__CardContent-fragment-product-master__sc-ck1rzj-2 eOqbWa\" data-testid=\"card-content\">\n<div class=\"ProductDescription__Description-fragment-product-master__sc-u3k7vd-0 bbYEYI\" data-testid=\"description\">\n<div data-testid=\"oocv-table-wrapper\">\n<div class=\"OOCVTable__TableBlock-fragment-product-master__sc-avk7r9-0 bHjtgb\">\n<div class=\"OOCVTable__TableHeader-fragment-product-master__sc-avk7r9-1 hafhpN\">\n<table class=\"dv_characteristicsTable\">\n<tbody>\n<tr>\n<td class=\"left\">Rozmiar<\/td>\n<td>26<\/td>\n<\/tr>\n<tr>\n<td class=\"left\">Hosenl\u00e4nge<\/td>\n<td>32<\/td>\n<\/tr>\n<tr>\n<td class=\"left\">Sk\u0142ad materia\u0142u<\/td>\n<td>Obermaterial: 92% Baumwolle, 5% Polyester, 3% Elasthan<\/td>\n<\/tr>\n<tr>\n<td class=\"left\">Materialart<\/td>\n<td>Denim<\/td>\n<\/tr>\n<tr>\n<td class=\"left\">Materialeigenschaften<\/td>\n<td>elastisch, Stretch<\/td>\n<\/tr>\n<tr>\n<td class=\"left\">Instrukcje dotycz\u0105ce piel\u0119gnacji<\/td>\n<td>Pranie w pralce<\/td>\n<\/tr>\n<tr>\n<td class=\"left\">Optik<\/td>\n<td>einfarbig<\/td>\n<\/tr>\n<tr>\n<td class=\"left\">Stil<\/td>\n<td>casual<\/td>\n<\/tr>\n<tr>\n<td class=\"left\">Herstellerfarbbezeichnung<\/td>\n<td>ry\u017c<\/td>\n<\/tr>\n<tr>\n<td class=\"left\">Kolor<\/td>\n<td>white<\/td>\n<\/tr>\n<tr>\n<td class=\"left\">Leibh\u00f6he<\/td>\n<td>niedriger<\/td>\n<\/tr>\n<tr>\n<td class=\"left\">Beinform<\/td>\n<td>extra-eng<\/td>\n<\/tr>\n<tr>\n<td class=\"left\">Dopasowanie<\/td>\n<td>slim fit<\/td>\n<\/tr>\n<tr>\n<td class=\"left\">G\u00fcrtelschlaufen<\/td>\n<td>ja<\/td>\n<\/tr>\n<tr>\n<td class=\"left\">Applikationen<\/td>\n<td>Brandlabel innen, Markenlabel, Badge, Logopr\u00e4gung, Logoschriftzug<\/td>\n<\/tr>\n<tr>\n<td class=\"left\">Torby<\/td>\n<td>Ges\u00e4\u00dftaschen, Coinpocket, Eingrifftaschen<\/td>\n<\/tr>\n<tr>\n<td class=\"left\">Verschluss<\/td>\n<td>1-Knopf-Form, Rei\u00dfverschluss<\/td>\n<\/tr>\n<tr>\n<td class=\"left\">Besondere Merkmale<\/td>\n<td>mit seitlichem Keileinsatz<\/td>\n<\/tr>\n<\/tbody>\n<\/table>\n<\/div>\n<\/div>\n<\/div>\n<\/div>\n<\/div>\n<div class=\"Card__CollapseButton-fragment-product-master__sc-ck1rzj-5 ewucPE\"><\/div>","protected":false},"featured_media":77331,"comment_status":"open","ping_status":"closed","template":"","meta":{"_seopress_robots_primary_cat":"","_seopress_titles_title":"","_seopress_titles_desc":"","_seopress_robots_index":""},"product_brand":[],"product_cat":[1348,1349,1350],"product_tag":[],"class_list":{"0":"post-77184","1":"product","2":"type-product","3":"status-publish","4":"has-post-thumbnail","6":"product_cat-damen-mode","7":"product_cat-hosen-damen-mode","8":"product_cat-jeans-hosen-damen-mode","9":"product_shipping_class-standard-versand","11":"first","12":"instock","13":"sale","14":"taxable","15":"shipping-taxable","16":"purchasable","17":"product-type-simple"},"_links":{"self":[{"href":"https:\/\/www.soanam.de\/pl\/wp-json\/wp\/v2\/product\/77184","targetHints":{"allow":["GET"]}}],"collection":[{"href":"https:\/\/www.soanam.de\/pl\/wp-json\/wp\/v2\/product"}],"about":[{"href":"https:\/\/www.soanam.de\/pl\/wp-json\/wp\/v2\/types\/product"}],"replies":[{"embeddable":true,"href":"https:\/\/www.soanam.de\/pl\/wp-json\/wp\/v2\/comments?post=77184"}],"wp:featuredmedia":[{"embeddable":true,"href":"https:\/\/www.soanam.de\/pl\/wp-json\/wp\/v2\/media\/77331"}],"wp:attachment":[{"href":"https:\/\/www.soanam.de\/pl\/wp-json\/wp\/v2\/media?parent=77184"}],"wp:term":[{"taxonomy":"product_brand","embeddable":true,"href":"https:\/\/www.soanam.de\/pl\/wp-json\/wp\/v2\/product_brand?post=77184"},{"taxonomy":"product_cat","embeddable":true,"href":"https:\/\/www.soanam.de\/pl\/wp-json\/wp\/v2\/product_cat?post=77184"},{"taxonomy":"product_tag","embeddable":true,"href":"https:\/\/www.soanam.de\/pl\/wp-json\/wp\/v2\/product_tag?post=77184"}],"curies":[{"name":"wp","href":"https:\/\/api.w.org\/{rel}","templated":true}]}}