{"id":77166,"date":"2023-12-13T20:38:47","date_gmt":"2023-12-13T19:38:47","guid":{"rendered":"https:\/\/www.soanam.de\/?post_type=product&#038;p=77166"},"modified":"2023-12-13T20:48:06","modified_gmt":"2023-12-13T19:48:06","slug":"y-a-s-legginsy-skorzane-zeba-stretch-wysokie-czarne","status":"publish","type":"product","link":"https:\/\/www.soanam.de\/pl\/produkt\/y-a-s-lederleggings-zeba-stretch-tall-schwarz\/","title":{"rendered":"Sk\u00f3rzane legginsy Y.A.S. \"Zeba\", elastyczne, wysokie, czarne"},"content":{"rendered":"<h3>Projekt i dodatki<\/h3>\n<p>Sk\u00f3ra<br \/>\nJednolite kolory<br \/>\nSeitlicher Rei\u00dfverschluss<br \/>\nOffene Kanten<br \/>\nFeinporiges Leder<\/p>\n<h3>Rozmiar i dopasowanie<\/h3>\n<p>L\u00e4nge: Lang\/Maxi<br \/>\nPassform: Skinny<br \/>\nLeibh\u00f6he: High Waist<br \/>\nBeininnenl\u00e4nge: 80cm<br \/>\nSaumweite: 20cm<br \/>\nDas Model ist 177cm gro\u00df und tr\u00e4gt Gr\u00f6\u00dfe 34<\/p>\n<h3>Materia\u0142<\/h3>\n<p>Obermaterial: 100% Leder<br \/>\nElastizit\u00e4t: Elastisch\/stretch<br \/>\nZawiera nietekstylne cz\u0119\u015bci pochodzenia zwierz\u0119cego: tak<\/p>","protected":false},"excerpt":{"rendered":"<h3>Artikelmerkmale<\/h3>\n<p>Stan produktu: Nowy z etykiet\u0105: Nowy, nieu\u017cywany i nienoszony produkt w oryginalnym opakowaniu.<\/p>\n<p>Abteilung: Damen<br \/>\nAktivit\u00e4t: Spazieren<br \/>\nAkzente: ohne<br \/>\nAnlass: Business, Freizeit, Party\/Cocktail, Reise<br \/>\nBesonderheiten: Stretch<br \/>\nEAN: 5713721053228<br \/>\nKolor: czarny<br \/>\nGewebeart: Leder<br \/>\nRozmiar: M<br \/>\nGr\u00f6\u00dfenkategorie: Normalgr\u00f6\u00dfe<br \/>\nJahreszeit: Fr\u00fchling, Herbst, Sommer, Winter<br \/>\nMarke: Y.A.S.<br \/>\nMaterial: Leder<br \/>\nMuster: Ohne Muster<br \/>\nProduktart: Leggings<br \/>\nSchrittl\u00e4nge: ohne Angabe<br \/>\nStil: Jeggings<br \/>\nTaillenumfang: ohne Angabe<br \/>\nThema: 90er<br \/>\nVintage: Nein<\/p>","protected":false},"featured_media":77322,"comment_status":"open","ping_status":"closed","template":"","meta":{"_seopress_robots_primary_cat":"","_seopress_titles_title":"","_seopress_titles_desc":"","_seopress_robots_index":""},"product_brand":[],"product_cat":[1348,1349,1395],"product_tag":[],"class_list":{"0":"post-77166","1":"product","2":"type-product","3":"status-publish","4":"has-post-thumbnail","6":"product_cat-damen-mode","7":"product_cat-hosen-damen-mode","8":"product_cat-lederhosen","9":"product_shipping_class-standard-versand","11":"first","12":"instock","13":"sale","14":"taxable","15":"shipping-taxable","16":"purchasable","17":"product-type-simple"},"_links":{"self":[{"href":"https:\/\/www.soanam.de\/pl\/wp-json\/wp\/v2\/product\/77166","targetHints":{"allow":["GET"]}}],"collection":[{"href":"https:\/\/www.soanam.de\/pl\/wp-json\/wp\/v2\/product"}],"about":[{"href":"https:\/\/www.soanam.de\/pl\/wp-json\/wp\/v2\/types\/product"}],"replies":[{"embeddable":true,"href":"https:\/\/www.soanam.de\/pl\/wp-json\/wp\/v2\/comments?post=77166"}],"wp:featuredmedia":[{"embeddable":true,"href":"https:\/\/www.soanam.de\/pl\/wp-json\/wp\/v2\/media\/77322"}],"wp:attachment":[{"href":"https:\/\/www.soanam.de\/pl\/wp-json\/wp\/v2\/media?parent=77166"}],"wp:term":[{"taxonomy":"product_brand","embeddable":true,"href":"https:\/\/www.soanam.de\/pl\/wp-json\/wp\/v2\/product_brand?post=77166"},{"taxonomy":"product_cat","embeddable":true,"href":"https:\/\/www.soanam.de\/pl\/wp-json\/wp\/v2\/product_cat?post=77166"},{"taxonomy":"product_tag","embeddable":true,"href":"https:\/\/www.soanam.de\/pl\/wp-json\/wp\/v2\/product_tag?post=77166"}],"curies":[{"name":"wp","href":"https:\/\/api.w.org\/{rel}","templated":true}]}}