{"id":77140,"date":"2023-12-13T20:37:31","date_gmt":"2023-12-13T19:37:31","guid":{"rendered":"https:\/\/www.soanam.de\/?post_type=product&#038;p=77140"},"modified":"2023-12-13T20:47:18","modified_gmt":"2023-12-13T19:47:18","slug":"herrlicher-slim-fit-jeans-piper-slim-in-faded-blue-w28xl30","status":"publish","type":"product","link":"https:\/\/www.soanam.de\/pl\/produkt\/herrlicher-slim-fit-jeans-piper-slim-in-faded-blue-w28xl30\/","title":{"rendered":"D\u017cinsy o w\u0105skim kroju PIPER SLIM marki Herrlicher, w wyblak\u0142ym niebieskim kolorze, W28xL30"},"content":{"rendered":"<p>D\u017cinsy Piper slim skinny marki Herrlicher<br \/>\nObcis\u0142y kr\u00f3j z niskim stanem<br \/>\nElastyczne d\u017cinsy z wyprofilowanym pasem, zakrzywionym podw\u00f3jnym siod\u0142em z ty\u0142u, bocznym szwem biegn\u0105cym do ty\u0142u<br \/>\nSpecjalna konstrukcja kieszeni z ozdobnymi guzikami i dopasowanymi nogawkami<br \/>\nWykonane z ekologicznego d\u017cinsu organicznego<\/p>\n<p>W\u0105ski kr\u00f3j d\u017cins\u00f3w otula nogi.<br \/>\nRozci\u0105gliwy bawe\u0142niany materia\u0142 d\u017cinsowy jest bardzo wygodny i zapewnia maksymalny komfort noszenia.<\/p>\n<p>Materia\u0142: bawe\u0142na 97%, elastan 3%<br \/>\nWskaz\u00f3wki dotycz\u0105ce piel\u0119gnacji: Mo\u017cna pra\u0107 w pralce w temperaturze 40\u00b0<\/p>\n<p>Kolor: wyblak\u0142y niebieski<br \/>\nRozmiar: W28 L30<\/p>\n<p>Rozmiar talii: 82 cm<br \/>\nObw\u00f3d bioder: 101 cm<br \/>\nD\u0142ugo\u015b\u0107 kroku: 76 cm<br \/>\nCa\u0142kowita d\u0142ugo\u015b\u0107: 98 cm<\/p>\n<p>Ten nowy przedmiot jest zwrotem klienta bez etykiety.<\/p>","protected":false},"excerpt":{"rendered":"<table class=\"dv_characteristicsTable\">\n<tbody>\n<tr>\n<td class=\"left\">Rozmiar<\/td>\n<td>28<\/td>\n<\/tr>\n<tr>\n<td class=\"left\">Hosenl\u00e4nge<\/td>\n<td>30<\/td>\n<\/tr>\n<tr>\n<td class=\"left\">Sk\u0142ad materia\u0142u<\/td>\n<td>Obermaterial: 97% Baumwolle, 3% Elasthan<\/td>\n<\/tr>\n<tr>\n<td class=\"left\">Materialart<\/td>\n<td>Denim<\/td>\n<\/tr>\n<tr>\n<td class=\"left\">Materialeigenschaften<\/td>\n<td>elastisch, Stretch<\/td>\n<\/tr>\n<tr>\n<td class=\"left\">Instrukcje dotycz\u0105ce piel\u0119gnacji<\/td>\n<td>Pranie w pralce<\/td>\n<\/tr>\n<tr>\n<td class=\"left\">Optik<\/td>\n<td>leichte Abriebeffekte, vintage<\/td>\n<\/tr>\n<tr>\n<td class=\"left\">Stil<\/td>\n<td>casual<\/td>\n<\/tr>\n<tr>\n<td class=\"left\">Waschung<\/td>\n<td>washed, Denim<\/td>\n<\/tr>\n<tr>\n<td class=\"left\">Herstellerfarbbezeichnung<\/td>\n<td>faded blue 666<\/td>\n<\/tr>\n<tr>\n<td class=\"left\">Kolor<\/td>\n<td>niebieski, u\u017cywany<\/td>\n<\/tr>\n<tr>\n<td class=\"left\">Leibh\u00f6he<\/td>\n<td>niedrig<\/td>\n<\/tr>\n<tr>\n<td class=\"left\">Beinform<\/td>\n<td>schmal<\/td>\n<\/tr>\n<tr>\n<td class=\"left\">Dopasowanie<\/td>\n<td>slim fit<\/td>\n<\/tr>\n<tr>\n<td class=\"left\">Schnittform L\u00e4nge<\/td>\n<td>lang<\/td>\n<\/tr>\n<tr>\n<td class=\"left\">G\u00fcrtelschlaufen<\/td>\n<td>ja<\/td>\n<\/tr>\n<tr>\n<td class=\"left\">Applikationen<\/td>\n<td>Brandlabel innen, Markenlabel, Badge, Logopr\u00e4gung, Logoschriftzug<\/td>\n<\/tr>\n<tr>\n<td class=\"left\">Torby<\/td>\n<td>Eingrifftaschen, Coinpocket, Ges\u00e4\u00dftaschen<\/td>\n<\/tr>\n<tr>\n<td class=\"left\">Verschluss<\/td>\n<td>1-Knopf-Form, Rei\u00dfverschluss<\/td>\n<\/tr>\n<tr>\n<td class=\"left\">Besondere Merkmale<\/td>\n<td>umweltfreundlich dank Kitotex Technology<\/td>\n<\/tr>\n<\/tbody>\n<\/table>","protected":false},"featured_media":77286,"comment_status":"open","ping_status":"closed","template":"","meta":{"_seopress_robots_primary_cat":"","_seopress_titles_title":"","_seopress_titles_desc":"","_seopress_robots_index":""},"product_brand":[],"product_cat":[1348,1349,1350],"product_tag":[],"class_list":{"0":"post-77140","1":"product","2":"type-product","3":"status-publish","4":"has-post-thumbnail","6":"product_cat-damen-mode","7":"product_cat-hosen-damen-mode","8":"product_cat-jeans-hosen-damen-mode","9":"product_shipping_class-standard-versand","11":"first","12":"instock","13":"taxable","14":"shipping-taxable","15":"purchasable","16":"product-type-simple"},"_links":{"self":[{"href":"https:\/\/www.soanam.de\/pl\/wp-json\/wp\/v2\/product\/77140","targetHints":{"allow":["GET"]}}],"collection":[{"href":"https:\/\/www.soanam.de\/pl\/wp-json\/wp\/v2\/product"}],"about":[{"href":"https:\/\/www.soanam.de\/pl\/wp-json\/wp\/v2\/types\/product"}],"replies":[{"embeddable":true,"href":"https:\/\/www.soanam.de\/pl\/wp-json\/wp\/v2\/comments?post=77140"}],"wp:featuredmedia":[{"embeddable":true,"href":"https:\/\/www.soanam.de\/pl\/wp-json\/wp\/v2\/media\/77286"}],"wp:attachment":[{"href":"https:\/\/www.soanam.de\/pl\/wp-json\/wp\/v2\/media?parent=77140"}],"wp:term":[{"taxonomy":"product_brand","embeddable":true,"href":"https:\/\/www.soanam.de\/pl\/wp-json\/wp\/v2\/product_brand?post=77140"},{"taxonomy":"product_cat","embeddable":true,"href":"https:\/\/www.soanam.de\/pl\/wp-json\/wp\/v2\/product_cat?post=77140"},{"taxonomy":"product_tag","embeddable":true,"href":"https:\/\/www.soanam.de\/pl\/wp-json\/wp\/v2\/product_tag?post=77140"}],"curies":[{"name":"wp","href":"https:\/\/api.w.org\/{rel}","templated":true}]}}