{"id":77094,"date":"2023-12-13T20:35:27","date_gmt":"2023-12-13T19:35:27","guid":{"rendered":"https:\/\/www.soanam.de\/?post_type=product&#038;p=77094"},"modified":"2023-12-13T20:46:44","modified_gmt":"2023-12-13T19:46:44","slug":"vaude-kurtka-meska-annecy-3w1-parka-podwojna","status":"publish","type":"product","link":"https:\/\/www.soanam.de\/pl\/produkt\/vaude-herren-mens-annecy-3in1-parka-doppeljacke\/","title":{"rendered":"Podw\u00f3jna kurtka m\u0119ska VAUDE Annecy 3w1 Parka"},"content":{"rendered":"<p>Wysokiej jako\u015bci, wszechstronna kurtka zimowa do noszenia na co dzie\u0144: wodoodporna, wiatroszczelna i oddychaj\u0105ca<br \/>\nNa niskie temperatury: Niezale\u017cnie od tego, czy jest mr\u00f3z, lodowaty wiatr czy ci\u0105g\u0142y deszcz - ta zimowa kurtka przeciwstawi si\u0119 ka\u017cdej pogodzie w dobrym stylu.<\/p>\n<p>100% poliamid; 100% poliuretan; 100% poliester<br \/>\nParka m\u0119ska Annecy 3w1<\/p>\n<p>Szczeg\u00f3lnie ciep\u0142y: przeciwdeszczowy p\u0142aszcz wykonany z przyjaznego dla \u015brodowiska, cz\u0119\u015bciowo przetworzonego poliamidu jest przyjemny w dotyku, a odpinana, mi\u0119kka kurtka wewn\u0119trzna jest szczeg\u00f3lnie ciep\u0142a dzi\u0119ki wysokiej jako\u015bci wype\u0142nieniu z puchu pochodz\u0105cego z recyklingu.<br \/>\n3 w 1: Obie kurtki mog\u0105 by\u0107 noszone oddzielnie w zale\u017cno\u015bci od pogody i pory roku.<br \/>\nEtykieta Green Shape: Etykieta VAUDE Green Shape oznacza przyjazny dla \u015brodowiska, funkcjonalny produkt wykonany ze zr\u00f3wnowa\u017conych materia\u0142\u00f3w.<\/p>\n<h3>Opisy produkt\u00f3w<\/h3>\n<p>Moda i funkcjonalno\u015b\u0107 z my\u015bl\u0105 o \u015brodowisku - kurtka Annecy 3w1 to prawdziwy cud. Niezale\u017cnie od tego, czy jest mro\u017ano, wieje lodowaty wiatr, czy pada ci\u0105g\u0142y deszcz - ta zimowa kurtka przeciwstawia si\u0119 ka\u017cdej pogodzie w dobrym stylu. Przeciwdeszczowy p\u0142aszcz wykonany z przyjaznego dla \u015brodowiska, cz\u0119\u015bciowo pochodz\u0105cego z recyklingu poliamidu jest przyjemny w dotyku, a odpinana, mi\u0119kka kurtka wewn\u0119trzna jest wyj\u0105tkowo ciep\u0142a dzi\u0119ki wysokiej jako\u015bci wype\u0142nieniu z puchu pochodz\u0105cego z recyklingu. Obie kurtki mog\u0105 by\u0107 r\u00f3wnie\u017c noszone oddzielnie w zale\u017cno\u015bci od pogody i pory roku. Regulowane mankiety na kapturze i r\u0119kawach chroni\u0105 przed wiatrem i deszczem przy z\u0142ej pogodzie, a odblaskowy nadruk na lewym r\u0119kawie u\u0142atwia bycie widocznym po zmierzchu - wystarczy go tylko roz\u0142o\u017cy\u0107. Telefon kom\u00f3rkowy, chusteczki i klucze s\u0105 bezpiecznie schowane w zapinanych na zamek kieszeniach na piersi, a r\u0119ce pozostaj\u0105 ciep\u0142e i suche dzi\u0119ki przednim kieszeniom zapinanym na zamek. Dwukierunkowy zamek b\u0142yskawiczny na ca\u0142ej d\u0142ugo\u015bci umo\u017cliwia dost\u0119p do kieszeni (spodni) pod spodem, a wodoodporna, oddychaj\u0105ca membrana zapewnia optymalny komfort. Ta innowacyjna, szykowna parka dla modnych i \u015bwiadomych ekologicznie m\u0119\u017cczyzn jest nowoczesnym, wszechstronnym modelem od jesieni do wiosny!<\/p>","protected":false},"excerpt":{"rendered":"<h3>Artikelmerkmale<\/h3>\n<p>Stan produktu: Nowy z etykiet\u0105: Nowy, nieu\u017cywany i nienoszony produkt w oryginalnym opakowaniu.<\/p>\n<p>Abteilung: Herren<br \/>\nAktivit\u00e4t: Spazieren<br \/>\nAnlass: Business, Freizeit<br \/>\nAu\u00dfenmaterial: Polyamid<br \/>\nBesonderheiten: 3in1 Parka<br \/>\nCharakter: ohne<br \/>\nEAN: 4052285919986<br \/>\nKolor: czarny<br \/>\nFuttermaterial: Polyester<br \/>\nGewebeart: Polyester<br \/>\nRozmiar: 48<br \/>\nGr\u00f6\u00dfenkategorie: Normalgr\u00f6\u00dfe<br \/>\nIsoliermaterial: Daunen<br \/>\nJahreszeit: Herbst, Winter<br \/>\nMarke: VAUDE<br \/>\nModell: Annecy<br \/>\nMuster: Ohne Muster<br \/>\nTyp produktu: Kurtka<br \/>\nStil: Parka<br \/>\nThema: Outdoor<br \/>\nZapi\u0119cie: zamek b\u0142yskawiczny<br \/>\nVintage: Nein<\/p>","protected":false},"featured_media":77274,"comment_status":"open","ping_status":"closed","template":"","meta":{"_seopress_robots_primary_cat":"","_seopress_titles_title":"","_seopress_titles_desc":"","_seopress_robots_index":""},"product_brand":[],"product_cat":[1345,1363,1377,1389],"product_tag":[],"class_list":{"0":"post-77094","1":"product","2":"type-product","3":"status-publish","4":"has-post-thumbnail","6":"product_cat-herrenmode","7":"product_cat-jacken-maentel-herrenmode","8":"product_cat-winterjacken-jacken-maentel-herrenmode","9":"product_cat-parkas","10":"product_shipping_class-standard-versand","12":"first","13":"instock","14":"sale","15":"taxable","16":"shipping-taxable","17":"purchasable","18":"product-type-simple"},"_links":{"self":[{"href":"https:\/\/www.soanam.de\/pl\/wp-json\/wp\/v2\/product\/77094","targetHints":{"allow":["GET"]}}],"collection":[{"href":"https:\/\/www.soanam.de\/pl\/wp-json\/wp\/v2\/product"}],"about":[{"href":"https:\/\/www.soanam.de\/pl\/wp-json\/wp\/v2\/types\/product"}],"replies":[{"embeddable":true,"href":"https:\/\/www.soanam.de\/pl\/wp-json\/wp\/v2\/comments?post=77094"}],"wp:featuredmedia":[{"embeddable":true,"href":"https:\/\/www.soanam.de\/pl\/wp-json\/wp\/v2\/media\/77274"}],"wp:attachment":[{"href":"https:\/\/www.soanam.de\/pl\/wp-json\/wp\/v2\/media?parent=77094"}],"wp:term":[{"taxonomy":"product_brand","embeddable":true,"href":"https:\/\/www.soanam.de\/pl\/wp-json\/wp\/v2\/product_brand?post=77094"},{"taxonomy":"product_cat","embeddable":true,"href":"https:\/\/www.soanam.de\/pl\/wp-json\/wp\/v2\/product_cat?post=77094"},{"taxonomy":"product_tag","embeddable":true,"href":"https:\/\/www.soanam.de\/pl\/wp-json\/wp\/v2\/product_tag?post=77094"}],"curies":[{"name":"wp","href":"https:\/\/api.w.org\/{rel}","templated":true}]}}