{"id":77093,"date":"2023-12-13T20:35:27","date_gmt":"2023-12-13T19:35:27","guid":{"rendered":"https:\/\/www.soanam.de\/?post_type=product&#038;p=77093"},"modified":"2023-12-13T20:46:34","modified_gmt":"2023-12-13T19:46:34","slug":"ingersoll-zegarek-meski-bransoleta-stal-nierdzewna-koperta-w-kolorze-srebrnym","status":"publish","type":"product","link":"https:\/\/www.soanam.de\/pl\/produkt\/ingersoll-herren-uhr-edelstahlarmband-gehaeuse-in-silber\/","title":{"rendered":"Zegarek m\u0119ski Ingersoll, bransoleta \/ koperta ze stali nierdzewnej w kolorze srebrnym"},"content":{"rendered":"<p>M\u0119ski zegarek Ingersoll ze srebrn\u0105 bransolet\u0105 ze stali nierdzewnej \/ kopert\u0105 ze stali nierdzewnej \/ The Scovill I06201 w eleganckim drewnianym pude\u0142ku + sk\u00f3rzane etui<\/p>\n<h3>Opis<\/h3>\n<p>Zalecenia wiekowe: Doro\u015bli<br \/>\nNap\u0119d: kwarcowy<br \/>\nFormat wy\u015bwietlacza: Analogowy<br \/>\nBransoletka: stal nierdzewna<br \/>\nKolor bransoletki: srebrny<br \/>\nMateria\u0142 bransoletki: stal nierdzewna<br \/>\nATM: 10<br \/>\nOznaczenie: HAU, The Scovill 43mm<br \/>\nFunkcja: chronograf, luminescencyjne wskaz\u00f3wki i cyfry<br \/>\nObudowa: stal nierdzewna<br \/>\nP\u0142e\u0107: m\u0119\u017cczy\u017ani<br \/>\nSzk\u0142o: hartowane szk\u0142o mineralne<br \/>\nKraj i region produkcji: Niemcy<br \/>\nMarka: Ingersoll Rand<br \/>\nTyp produktu: Zegarek na r\u0119k\u0119<br \/>\nTyp: Scovill<br \/>\nKolor koperty zegarka: srebrny<br \/>\nRozmiar koperty zegarka: 40-43,5 mm<br \/>\nMateria\u0142 koperty zegarka: stal nierdzewna<br \/>\nMechanizm: mechaniczny (automatyczny)<br \/>\nMechanizm: Miyota 6S20<br \/>\nTarcza: czarna<\/p>\n<h3>Zakres dostawy<\/h3>\n<p>Karta autentyczno\u015bci<br \/>\neleganckie drewniane pude\u0142ko\/opakowanie prezentowe<br \/>\nZegarek m\u0119ski<br \/>\nInstrukcja obs\u0142ugi<br \/>\nSk\u00f3rzane etui<br \/>\nKsi\u0105\u017cka serwisowa<\/p>","protected":false},"excerpt":{"rendered":"<h3>Artikelmerkmale<\/h3>\n<p>Stan produktu: Nowy z etykiet\u0105: Nowy, nieu\u017cywany i nienoszony produkt w oryginalnym opakowaniu.<\/p>\n<p>Abteilung: Herren<br \/>\nZalecenia wiekowe: Doro\u015bli<br \/>\nFormat wy\u015bwietlacza: Analogowy<br \/>\nArmbandbreite: 22mm<br \/>\nKolor bransoletki: srebrny<br \/>\nMateria\u0142 bransoletki: stal nierdzewna<br \/>\nBesonderheiten: Mineralglas<br \/>\nGeh\u00e4usegr\u00f6\u00dfe: 40-43,5mm<br \/>\nGeh\u00e4usematerial: Edelstahl<br \/>\nHerstellungsjahr: Ab 2010<br \/>\nKraj i region produkcji: Niemcy<br \/>\nIndividualisiert: Nein<br \/>\nL\u00fcnettenfarbe: ohne Angabe<br \/>\nMarka: Ingersoll Rand<br \/>\nMit Original-Box\/Originalverpackung: Ja<br \/>\nMit Original-Papieren: Ja<br \/>\nModell: The Scovill<br \/>\nTyp produktu: Zegarek na r\u0119k\u0119<br \/>\nReferenznummer: I06201<br \/>\nStil: Klassisch<br \/>\nUhrenform: Rund<br \/>\nKolor koperty zegarka: srebrny<br \/>\nMateria\u0142 koperty zegarka: stal nierdzewna<br \/>\nMechanizm: mechaniczny (automatyczny)<br \/>\nWasserdichtigkeit: 100 m (10 ATM)<br \/>\nZifferblatt-Einteilung: Nicht-Numerische Stundenstriche<br \/>\nZifferblattfarbe: Schwarz<\/p>","protected":false},"featured_media":77266,"comment_status":"open","ping_status":"closed","template":"","meta":{"_seopress_robots_primary_cat":"","_seopress_titles_title":"","_seopress_titles_desc":"","_seopress_robots_index":""},"product_brand":[],"product_cat":[1345,1387,1388],"product_tag":[],"class_list":{"0":"post-77093","1":"product","2":"type-product","3":"status-publish","4":"has-post-thumbnail","6":"product_cat-herrenmode","7":"product_cat-accessoires-herrenmode","8":"product_cat-uhren","9":"product_shipping_class-standard-versand","11":"first","12":"instock","13":"sale","14":"taxable","15":"shipping-taxable","16":"purchasable","17":"product-type-simple"},"_links":{"self":[{"href":"https:\/\/www.soanam.de\/pl\/wp-json\/wp\/v2\/product\/77093","targetHints":{"allow":["GET"]}}],"collection":[{"href":"https:\/\/www.soanam.de\/pl\/wp-json\/wp\/v2\/product"}],"about":[{"href":"https:\/\/www.soanam.de\/pl\/wp-json\/wp\/v2\/types\/product"}],"replies":[{"embeddable":true,"href":"https:\/\/www.soanam.de\/pl\/wp-json\/wp\/v2\/comments?post=77093"}],"wp:featuredmedia":[{"embeddable":true,"href":"https:\/\/www.soanam.de\/pl\/wp-json\/wp\/v2\/media\/77266"}],"wp:attachment":[{"href":"https:\/\/www.soanam.de\/pl\/wp-json\/wp\/v2\/media?parent=77093"}],"wp:term":[{"taxonomy":"product_brand","embeddable":true,"href":"https:\/\/www.soanam.de\/pl\/wp-json\/wp\/v2\/product_brand?post=77093"},{"taxonomy":"product_cat","embeddable":true,"href":"https:\/\/www.soanam.de\/pl\/wp-json\/wp\/v2\/product_cat?post=77093"},{"taxonomy":"product_tag","embeddable":true,"href":"https:\/\/www.soanam.de\/pl\/wp-json\/wp\/v2\/product_tag?post=77093"}],"curies":[{"name":"wp","href":"https:\/\/api.w.org\/{rel}","templated":true}]}}