{"id":77076,"date":"2023-12-13T20:35:03","date_gmt":"2023-12-13T19:35:03","guid":{"rendered":"https:\/\/www.soanam.de\/?post_type=product&#038;p=77076"},"modified":"2023-12-13T20:46:01","modified_gmt":"2023-12-13T19:46:01","slug":"tommy-jeans-nora-mr-skny-jdbst-ciemnoniebieski-w33xl32","status":"publish","type":"product","link":"https:\/\/www.soanam.de\/pl\/produkt\/tommy-jeans-nora-mr-skny-jdbst-in-dunkel-blau-w33xl32\/","title":{"rendered":"Tommy Jeans NORA MR SKNY JDBST, w kolorze ciemnoniebieskim, W33xL32"},"content":{"rendered":"<p>D\u017cinsy skinny<br \/>\nRozci\u0105gliwy denim<br \/>\nStyl z 5 kieszeniami<br \/>\nNormalny pasek w talii<br \/>\nWashed Optik<br \/>\nZapi\u0119cie: zamek b\u0142yskawiczny<br \/>\nDo\u0142\u0105czone paski Tommy na kieszeni na monety<br \/>\nLogo Tommy Jeans na pasku w talii<br \/>\nHaftowana flaga Tommy Hilfiger na tylnych kieszeniach<\/p>\n<p>W\u0105ski kr\u00f3j d\u017cins\u00f3w dobrze przylega i podkre\u015bla nogi.<br \/>\nRozci\u0105gliwy bawe\u0142niany materia\u0142 d\u017cinsowy jest \u0142atwy w piel\u0119gnacji i bardzo wygodny.<\/p>\n<p>Materia\u0142: bawe\u0142na 92%, elastomultiester 6%, elastan 2%<br \/>\nWskaz\u00f3wki dotycz\u0105ce piel\u0119gnacji: Mo\u017cna pra\u0107 w pralce w temperaturze 40\u00b0<\/p>\n<p>Farbe: Jade Dark Blue Str<br \/>\nRozmiar: W33 L32<\/p>\n<p>Rozmiar talii: 84 cm<br \/>\nObw\u00f3d bioder: 98 cm<br \/>\nD\u0142ugo\u015b\u0107 kroku: 77 cm<br \/>\nCa\u0142kowita d\u0142ugo\u015b\u0107: 103 cm<\/p>","protected":false},"excerpt":{"rendered":"<p>D\u017cinsy skinny<br \/>\nRozci\u0105gliwy denim<br \/>\nStyl z 5 kieszeniami<br \/>\nNormalny pasek w talii<br \/>\nWashed Optik<br \/>\nZapi\u0119cie: zamek b\u0142yskawiczny<br \/>\nDo\u0142\u0105czone paski Tommy na kieszeni na monety<br \/>\nLogo Tommy Jeans na pasku w talii<br \/>\nHaftowana flaga Tommy Hilfiger na tylnych kieszeniach<\/p>","protected":false},"featured_media":77255,"comment_status":"open","ping_status":"closed","template":"","meta":{"_seopress_robots_primary_cat":"","_seopress_titles_title":"","_seopress_titles_desc":"","_seopress_robots_index":""},"product_brand":[],"product_cat":[1348,1349,1350],"product_tag":[],"class_list":{"0":"post-77076","1":"product","2":"type-product","3":"status-publish","4":"has-post-thumbnail","6":"product_cat-damen-mode","7":"product_cat-hosen-damen-mode","8":"product_cat-jeans-hosen-damen-mode","9":"product_shipping_class-standard-versand","11":"first","12":"instock","13":"sale","14":"taxable","15":"shipping-taxable","16":"purchasable","17":"product-type-simple"},"_links":{"self":[{"href":"https:\/\/www.soanam.de\/pl\/wp-json\/wp\/v2\/product\/77076","targetHints":{"allow":["GET"]}}],"collection":[{"href":"https:\/\/www.soanam.de\/pl\/wp-json\/wp\/v2\/product"}],"about":[{"href":"https:\/\/www.soanam.de\/pl\/wp-json\/wp\/v2\/types\/product"}],"replies":[{"embeddable":true,"href":"https:\/\/www.soanam.de\/pl\/wp-json\/wp\/v2\/comments?post=77076"}],"wp:featuredmedia":[{"embeddable":true,"href":"https:\/\/www.soanam.de\/pl\/wp-json\/wp\/v2\/media\/77255"}],"wp:attachment":[{"href":"https:\/\/www.soanam.de\/pl\/wp-json\/wp\/v2\/media?parent=77076"}],"wp:term":[{"taxonomy":"product_brand","embeddable":true,"href":"https:\/\/www.soanam.de\/pl\/wp-json\/wp\/v2\/product_brand?post=77076"},{"taxonomy":"product_cat","embeddable":true,"href":"https:\/\/www.soanam.de\/pl\/wp-json\/wp\/v2\/product_cat?post=77076"},{"taxonomy":"product_tag","embeddable":true,"href":"https:\/\/www.soanam.de\/pl\/wp-json\/wp\/v2\/product_tag?post=77076"}],"curies":[{"name":"wp","href":"https:\/\/api.w.org\/{rel}","templated":true}]}}