{"id":77064,"date":"2023-12-13T20:34:36","date_gmt":"2023-12-13T19:34:36","guid":{"rendered":"https:\/\/www.soanam.de\/?post_type=product&#038;p=77064"},"modified":"2023-12-13T20:45:51","modified_gmt":"2023-12-13T19:45:51","slug":"buty-sniegowe-damskie-msgm-moon-boots-w-kolorze-bialym-z-naszywkami","status":"publish","type":"product","link":"https:\/\/www.soanam.de\/pl\/produkt\/msgm-moon-boots-schneestiefel-fuer-damen-in-weiss-mit-patches\/","title":{"rendered":"MSGM Moon Boots, \u015bniegowce damskie w kolorze bia\u0142ym z naszywkami"},"content":{"rendered":"<h3>szczeg\u00f3\u0142y<\/h3>\n<p>Trend zimowy 2020\/2021<br \/>\nMoon Boot MSGM<br \/>\nz haftowanymi naszywkami<br \/>\nwykonany z nylonu<br \/>\nMetalowe D-ringi.<br \/>\nP\u0119tla wycofania.<br \/>\nHaftowane naszywki.<br \/>\nWewn\u0119trzne zapi\u0119cie na sznurek.<br \/>\nGumowa podeszwa<\/p>\n<h3>Materia\u0142<\/h3>\n<p>55% Poliester, 45% Pvc<br \/>\nPodeszwa: guma 100%<\/p>","protected":false},"excerpt":{"rendered":"<h3>Artikelmerkmale<\/h3>\n<p>Artikelzustand: Neu ohne Karton<br \/>\nHinweise des Verk\u00e4ufers: \u201cKundenr\u00fcckl\u00e4ufer ohne Karton jedoch ungetragen\u201d<\/p>\n<p>Akzente: Bestickt<br \/>\nAbteilung: Damen<br \/>\nEU-Schuhgr\u00f6\u00dfe: EUR 37<br \/>\nSchuhweite: F<br \/>\nTyp obcasa: P\u0142aski<br \/>\nAbsatzh\u00f6he: Flach (Kleiner als 2,5 cm)<br \/>\nBesonderheiten: Gepolstert<br \/>\nLaufsohlenmaterial: Gummi<br \/>\nModell: Moon Boot<br \/>\nMarke: MSGM<br \/>\nVintage: Nein<br \/>\nObermaterial: Nylon<br \/>\nCharakter: ohne<br \/>\nThema: Schneeflocke<br \/>\nStil: Schneestiefel<br \/>\nProduktart: Stiefel<br \/>\nInnensohlenmaterial: Stoff<br \/>\nFuttermaterial: Stoff<br \/>\nUK-Schuhgr\u00f6\u00dfe: UK 4,5<br \/>\nUS-Schuhgr\u00f6\u00dfe: US 6,5<br \/>\nSchuhschaft-Typ: Wadenl\u00e4nge<br \/>\nKolor: bia\u0142y<br \/>\nJahreszeit: Winter<\/p>","protected":false},"featured_media":77248,"comment_status":"open","ping_status":"closed","template":"","meta":{"_seopress_robots_primary_cat":"","_seopress_titles_title":"","_seopress_titles_desc":"","_seopress_robots_index":""},"product_brand":[],"product_cat":[1348,1360,1385,1386],"product_tag":[],"class_list":{"0":"post-77064","1":"product","2":"type-product","3":"status-publish","4":"has-post-thumbnail","6":"product_cat-damen-mode","7":"product_cat-schuhe","8":"product_cat-stiefel","9":"product_cat-schneestiefel","10":"product_shipping_class-standard-versand","12":"first","13":"instock","14":"sale","15":"taxable","16":"shipping-taxable","17":"purchasable","18":"product-type-simple"},"_links":{"self":[{"href":"https:\/\/www.soanam.de\/pl\/wp-json\/wp\/v2\/product\/77064","targetHints":{"allow":["GET"]}}],"collection":[{"href":"https:\/\/www.soanam.de\/pl\/wp-json\/wp\/v2\/product"}],"about":[{"href":"https:\/\/www.soanam.de\/pl\/wp-json\/wp\/v2\/types\/product"}],"replies":[{"embeddable":true,"href":"https:\/\/www.soanam.de\/pl\/wp-json\/wp\/v2\/comments?post=77064"}],"wp:featuredmedia":[{"embeddable":true,"href":"https:\/\/www.soanam.de\/pl\/wp-json\/wp\/v2\/media\/77248"}],"wp:attachment":[{"href":"https:\/\/www.soanam.de\/pl\/wp-json\/wp\/v2\/media?parent=77064"}],"wp:term":[{"taxonomy":"product_brand","embeddable":true,"href":"https:\/\/www.soanam.de\/pl\/wp-json\/wp\/v2\/product_brand?post=77064"},{"taxonomy":"product_cat","embeddable":true,"href":"https:\/\/www.soanam.de\/pl\/wp-json\/wp\/v2\/product_cat?post=77064"},{"taxonomy":"product_tag","embeddable":true,"href":"https:\/\/www.soanam.de\/pl\/wp-json\/wp\/v2\/product_tag?post=77064"}],"curies":[{"name":"wp","href":"https:\/\/api.w.org\/{rel}","templated":true}]}}