{"id":77037,"date":"2023-12-13T20:32:56","date_gmt":"2023-12-13T19:32:56","guid":{"rendered":"https:\/\/www.soanam.de\/?post_type=product&#038;p=77037"},"modified":"2023-12-13T20:43:04","modified_gmt":"2023-12-13T19:43:04","slug":"h-i-s-skinny-fit-jeans-ksztaltujace-wysoka-talie-w-kolorze-bialym-w36xl30","status":"publish","type":"product","link":"https:\/\/www.soanam.de\/pl\/produkt\/h-i-s-skinny-fit-jeans-shaping-high-waist-in-weiss-w36xl30\/","title":{"rendered":"D\u017cinsy H.I.S. skinny-fit Shaping z wysokim stanem, bia\u0142e, W36xL30"},"content":{"rendered":"<p>D\u017cinsy skinny z wysokim stanem od H.I.S<br \/>\nStyl z 5 kieszeniami<br \/>\nChudy, wysoki stan<br \/>\nElastyczna z lyocellem TENCEL\u2122 i lyocellem Lycra<br \/>\nUltra-Stretch<\/p>\n<p>D\u017cinsy skinny z wysokim stanem i pi\u0119cioma kieszeniami, ozdobione nitami i nowoczesnym wysokim stanem.<br \/>\nBardzo rozci\u0105gliwy i stabilny wymiarowo materia\u0142 denimowy sprawia, \u017ce d\u017cinsy s\u0105 bardzo wygodne w noszeniu.<br \/>\nKa\u017cda para d\u017cins\u00f3w HIS jest produkowana przy u\u017cyciu oszcz\u0119dzaj\u0105cego wod\u0119 procesu farbowania i prania<\/p>\n<p>Materia\u0142: 55% bawe\u0142na, 21% poliester, 14% Lyocell TENCEL\u2122, 9% wiskoza, 1% elastan LYCRA\u00ae<br \/>\nWskaz\u00f3wki dotycz\u0105ce piel\u0119gnacji: Mo\u017cna pra\u0107 w pralce w temperaturze 40\u00b0<\/p>\n<p>Kolor: bia\u0142y<br \/>\nRozmiar: W36 L30<\/p>\n<p>Rozmiar talii: 94 cm<br \/>\nObw\u00f3d bioder: 106 cm<br \/>\nD\u0142ugo\u015b\u0107 kroku: 79 cm<br \/>\nCa\u0142kowita d\u0142ugo\u015b\u0107: 107 cm<\/p>","protected":false},"excerpt":{"rendered":"<table class=\"dv_characteristicsTable\">\n<tbody>\n<tr>\n<td class=\"left\">Rozmiar<\/td>\n<td>36<\/td>\n<\/tr>\n<tr>\n<td class=\"left\">Hosenl\u00e4nge<\/td>\n<td>30<\/td>\n<\/tr>\n<tr>\n<td class=\"left\">Sk\u0142ad materia\u0142u<\/td>\n<td>Obermaterial: 55% Baumwolle, 21% Polyester, 14% Lyocell\u202fTENCEL\u2122, 9% Viskose, 1% Elasthan LYCRA\u00ae<\/td>\n<\/tr>\n<tr>\n<td class=\"left\">Materialart<\/td>\n<td>Denim<\/td>\n<\/tr>\n<tr>\n<td class=\"left\">Materialeigenschaften<\/td>\n<td>elastisch, Lycra, Stretch<\/td>\n<\/tr>\n<tr>\n<td class=\"left\">Instrukcje dotycz\u0105ce piel\u0119gnacji<\/td>\n<td>Pranie w pralce<\/td>\n<\/tr>\n<tr>\n<td class=\"left\">Stil<\/td>\n<td>Basic<\/td>\n<\/tr>\n<tr>\n<td class=\"left\">Kolor<\/td>\n<td>white<\/td>\n<\/tr>\n<tr>\n<td class=\"left\">Leibh\u00f6he<\/td>\n<td>hoch<\/td>\n<\/tr>\n<tr>\n<td class=\"left\">Bundabschluss<\/td>\n<td>angesetztes B\u00fcndchen<\/td>\n<\/tr>\n<tr>\n<td class=\"left\">Beinform<\/td>\n<td>extra-eng<\/td>\n<\/tr>\n<tr>\n<td class=\"left\">Schnittdetails<\/td>\n<td>Passe hinten<\/td>\n<\/tr>\n<tr>\n<td class=\"left\">Schnittform L\u00e4nge<\/td>\n<td>lang<\/td>\n<\/tr>\n<tr>\n<td class=\"left\">G\u00fcrtelschlaufen<\/td>\n<td>ja<\/td>\n<\/tr>\n<tr>\n<td class=\"left\">Applikationen<\/td>\n<td>Markenlabel<\/td>\n<\/tr>\n<tr>\n<td class=\"left\">Torby<\/td>\n<td>Eingrifftaschen, Ges\u00e4\u00dftaschen, Coinpocket<\/td>\n<\/tr>\n<tr>\n<td class=\"left\">Verschluss<\/td>\n<td>Rei\u00dfverschluss, Knopf<\/td>\n<\/tr>\n<tr>\n<td class=\"left\">Besondere Merkmale<\/td>\n<td>Nachhaltige, wassersparende Produktion durch OZON WASH<\/td>\n<\/tr>\n<\/tbody>\n<\/table>","protected":false},"featured_media":77212,"comment_status":"open","ping_status":"closed","template":"","meta":{"_seopress_robots_primary_cat":"","_seopress_titles_title":"","_seopress_titles_desc":"","_seopress_robots_index":""},"product_brand":[],"product_cat":[1348,1349,1350],"product_tag":[],"class_list":{"0":"post-77037","1":"product","2":"type-product","3":"status-publish","4":"has-post-thumbnail","6":"product_cat-damen-mode","7":"product_cat-hosen-damen-mode","8":"product_cat-jeans-hosen-damen-mode","9":"product_shipping_class-standard-versand","11":"first","12":"instock","13":"taxable","14":"shipping-taxable","15":"purchasable","16":"product-type-simple"},"_links":{"self":[{"href":"https:\/\/www.soanam.de\/pl\/wp-json\/wp\/v2\/product\/77037","targetHints":{"allow":["GET"]}}],"collection":[{"href":"https:\/\/www.soanam.de\/pl\/wp-json\/wp\/v2\/product"}],"about":[{"href":"https:\/\/www.soanam.de\/pl\/wp-json\/wp\/v2\/types\/product"}],"replies":[{"embeddable":true,"href":"https:\/\/www.soanam.de\/pl\/wp-json\/wp\/v2\/comments?post=77037"}],"wp:featuredmedia":[{"embeddable":true,"href":"https:\/\/www.soanam.de\/pl\/wp-json\/wp\/v2\/media\/77212"}],"wp:attachment":[{"href":"https:\/\/www.soanam.de\/pl\/wp-json\/wp\/v2\/media?parent=77037"}],"wp:term":[{"taxonomy":"product_brand","embeddable":true,"href":"https:\/\/www.soanam.de\/pl\/wp-json\/wp\/v2\/product_brand?post=77037"},{"taxonomy":"product_cat","embeddable":true,"href":"https:\/\/www.soanam.de\/pl\/wp-json\/wp\/v2\/product_cat?post=77037"},{"taxonomy":"product_tag","embeddable":true,"href":"https:\/\/www.soanam.de\/pl\/wp-json\/wp\/v2\/product_tag?post=77037"}],"curies":[{"name":"wp","href":"https:\/\/api.w.org\/{rel}","templated":true}]}}