{"id":77030,"date":"2023-12-13T20:32:21","date_gmt":"2023-12-13T19:32:21","guid":{"rendered":"https:\/\/www.soanam.de\/?post_type=product&#038;p=77030"},"modified":"2023-12-13T20:42:38","modified_gmt":"2023-12-13T19:42:38","slug":"ba-sh-maxi-sukienka-o-metalicznym-wygladzie-w-kolorze-bezowo-brazowym-rozmiar-l","status":"publish","type":"product","link":"https:\/\/www.soanam.de\/pl\/produkt\/ba-sh-maxikleid-im-metallic-look-in-beige-braun-groesse-l\/","title":{"rendered":"Ba &amp; Sh maxi sukienka o metalicznym wygl\u0105dzie, be\u017cowo-br\u0105zowa, rozmiar L"},"content":{"rendered":"<h3>szczeg\u00f3\u0142y<\/h3>\n<ul>\n<li>D\u0142uga sukienka<\/li>\n<li>\u015awi\u0105teczna sukienka<\/li>\n<li>Metaliczny<\/li>\n<li>Wydrukowano<\/li>\n<li>G\u0142\u0119boki dekolt<\/li>\n<li>Zapinany na guziki<\/li>\n<li>Smocked back<\/li>\n<li>Podszewka<\/li>\n<li>Nierozci\u0105gliwy materia\u0142<\/li>\n<li>D\u0142ugie rozci\u0119cie z przodu<\/li>\n<\/ul>\n<h3><strong>Materia\u0142 i piel\u0119gnacja<\/strong><\/h3>\n<ul>\n<li>Materia\u0142 zewn\u0119trzny: wiskoza 91%, w\u0142\u00f3kno metaliczne 9%<\/li>\n<li>Podszewka: wiskoza 100%<\/li>\n<li>Piel\u0119gnacja: Pranie r\u0119czne lub czyszczenie chemiczne<\/li>\n<\/ul>","protected":false},"excerpt":{"rendered":"<h3>Artikelmerkmale<\/h3>\n<p>Stan produktu: Nowy z etykiet\u0105: Nowy, nieu\u017cywany i nienoszony produkt w oryginalnym opakowaniu.<\/p>\n<p>Abteilung: Damen<br \/>\nAnlass: Elegant<br \/>\n\u00c4rmelart: Flatter\u00e4rmel<br \/>\nD\u0142ugo\u015b\u0107 r\u0119kawa: kr\u00f3tki r\u0119kaw<br \/>\nDekolt: V-neck<br \/>\nCharakter: ohne<br \/>\nKolor: be\u017cowy<br \/>\nGewebeart: Chiffon<br \/>\nRozmiar: L<br \/>\nGr\u00f6\u00dfenkategorie: Normalgr\u00f6\u00dfe<br \/>\nJahreszeit: Sommer<br \/>\nKleiderl\u00e4nge: Lang<br \/>\nMarke: ba&amp;sh<br \/>\nMaterial: Viskose<br \/>\nMuster: Druck<br \/>\nStil: Maxikleid<br \/>\nThema: Festlich<br \/>\nVerschluss: Kn\u00f6pfe<br \/>\nVintage: Nein<\/p>","protected":false},"featured_media":77209,"comment_status":"open","ping_status":"closed","template":"","meta":{"_seopress_robots_primary_cat":"","_seopress_titles_title":"","_seopress_titles_desc":"","_seopress_robots_index":""},"product_brand":[],"product_cat":[1348,1379,1380],"product_tag":[],"class_list":{"0":"post-77030","1":"product","2":"type-product","3":"status-publish","4":"has-post-thumbnail","6":"product_cat-damen-mode","7":"product_cat-kleider","8":"product_cat-abendkleider","9":"product_shipping_class-standard-versand","11":"first","12":"instock","13":"sale","14":"taxable","15":"shipping-taxable","16":"purchasable","17":"product-type-simple"},"_links":{"self":[{"href":"https:\/\/www.soanam.de\/pl\/wp-json\/wp\/v2\/product\/77030","targetHints":{"allow":["GET"]}}],"collection":[{"href":"https:\/\/www.soanam.de\/pl\/wp-json\/wp\/v2\/product"}],"about":[{"href":"https:\/\/www.soanam.de\/pl\/wp-json\/wp\/v2\/types\/product"}],"replies":[{"embeddable":true,"href":"https:\/\/www.soanam.de\/pl\/wp-json\/wp\/v2\/comments?post=77030"}],"wp:featuredmedia":[{"embeddable":true,"href":"https:\/\/www.soanam.de\/pl\/wp-json\/wp\/v2\/media\/77209"}],"wp:attachment":[{"href":"https:\/\/www.soanam.de\/pl\/wp-json\/wp\/v2\/media?parent=77030"}],"wp:term":[{"taxonomy":"product_brand","embeddable":true,"href":"https:\/\/www.soanam.de\/pl\/wp-json\/wp\/v2\/product_brand?post=77030"},{"taxonomy":"product_cat","embeddable":true,"href":"https:\/\/www.soanam.de\/pl\/wp-json\/wp\/v2\/product_cat?post=77030"},{"taxonomy":"product_tag","embeddable":true,"href":"https:\/\/www.soanam.de\/pl\/wp-json\/wp\/v2\/product_tag?post=77030"}],"curies":[{"name":"wp","href":"https:\/\/api.w.org\/{rel}","templated":true}]}}