{"id":77029,"date":"2023-12-13T20:32:20","date_gmt":"2023-12-13T19:32:20","guid":{"rendered":"https:\/\/www.soanam.de\/?post_type=product&#038;p=77029"},"modified":"2023-12-13T20:42:28","modified_gmt":"2023-12-13T19:42:28","slug":"h-i-s-jeans-dix-straight-fit-w-kolorze-szarym-uzywane-w33xl32","status":"publish","type":"product","link":"https:\/\/www.soanam.de\/pl\/produkt\/h-i-s-jeans-dix-straight-fit-in-grey-used-w33xl32\/","title":{"rendered":"H.I.S Jeans DIX, Prosty kr\u00f3j, w kolorze szarym, u\u017cywane, W33xL32"},"content":{"rendered":"<p>Proste dopasowanie\/prosty kszta\u0142t<br \/>\nProsta nogawka, ni\u017cszy stan<br \/>\nZ elastanem dla idealnego dopasowania<br \/>\nNadruk na kieszeni na monety<\/p>\n<p>Prosty kr\u00f3j d\u017cins\u00f3w DIX jest lekko lu\u017any i pasuje r\u00f3wnie\u017c do wi\u0119kszych typ\u00f3w sylwetki.<br \/>\nRozci\u0105gliwy bawe\u0142niany materia\u0142 d\u017cinsowy jest \u0142atwy w piel\u0119gnacji i bardzo wygodny w noszeniu.<br \/>\nKa\u017cda para d\u017cins\u00f3w HIS jest produkowana przy u\u017cyciu oszcz\u0119dzaj\u0105cego wod\u0119 procesu farbowania i prania<\/p>\n<p>Materia\u0142: bawe\u0142na 55%, poliester 21%, Lyocell TENCEL\u2122 14%, wiskoza 9%, elastan 1%<br \/>\nWskaz\u00f3wki dotycz\u0105ce piel\u0119gnacji: Mo\u017cna pra\u0107 w pralce w temperaturze 40\u00b0<\/p>\n<p>Kolor: szary, u\u017cywany<br \/>\nRozmiar: W33 L32<\/p>\n<p>Rozmiar talii: 87 cm<br \/>\nObw\u00f3d bioder: 104 cm<br \/>\nD\u0142ugo\u015b\u0107 stopnia: 82 cm<br \/>\nCa\u0142kowita d\u0142ugo\u015b\u0107: 111 cm<\/p>","protected":false},"excerpt":{"rendered":"<table class=\"dv_characteristicsTable\">\n<tbody>\n<tr>\n<td class=\"left\">Rozmiar<\/td>\n<td>33<\/td>\n<\/tr>\n<tr>\n<td class=\"left\">Hosenl\u00e4nge<\/td>\n<td>32<\/td>\n<\/tr>\n<tr>\n<td class=\"left\">Sk\u0142ad materia\u0142u<\/td>\n<td>Obermaterial: 55% Baumwolle\u00a0, 21% Polyester, 14% Lyocell\u202fTENCEL\u2122, 9% Viskose, 1% Elasthan<\/td>\n<\/tr>\n<tr>\n<td class=\"left\">Materialart<\/td>\n<td>Denim<\/td>\n<\/tr>\n<tr>\n<td class=\"left\">Materialeigenschaften<\/td>\n<td>elastisch<\/td>\n<\/tr>\n<tr>\n<td class=\"left\">Instrukcje dotycz\u0105ce piel\u0119gnacji<\/td>\n<td>Pranie w pralce<\/td>\n<\/tr>\n<tr>\n<td class=\"left\">Stil<\/td>\n<td>modisch<\/td>\n<\/tr>\n<tr>\n<td class=\"left\">Waschung<\/td>\n<td>used<\/td>\n<\/tr>\n<tr>\n<td class=\"left\">Kolor<\/td>\n<td>szary, u\u017cywany<\/td>\n<\/tr>\n<tr>\n<td class=\"left\">Leibh\u00f6he<\/td>\n<td>niedriger<\/td>\n<\/tr>\n<tr>\n<td class=\"left\">Beinform<\/td>\n<td>gerade<\/td>\n<\/tr>\n<tr>\n<td class=\"left\">Dopasowanie<\/td>\n<td>normal<\/td>\n<\/tr>\n<tr>\n<td class=\"left\">Schnittform L\u00e4nge<\/td>\n<td>lang<\/td>\n<\/tr>\n<tr>\n<td class=\"left\">G\u00fcrtelschlaufen<\/td>\n<td>ja<\/td>\n<\/tr>\n<tr>\n<td class=\"left\">Applikationen<\/td>\n<td>Print<\/td>\n<\/tr>\n<tr>\n<td class=\"left\">Torby<\/td>\n<td>Eingrifftaschen, Coinpocket, Ges\u00e4\u00dftaschen<\/td>\n<\/tr>\n<tr>\n<td class=\"left\">Verschluss<\/td>\n<td>Zamek b\u0142yskawiczny<\/td>\n<\/tr>\n<tr>\n<td class=\"left\">Besondere Merkmale<\/td>\n<td>Nachhaltige, wassersparende Produktion durch OZON WASH<\/td>\n<\/tr>\n<\/tbody>\n<\/table>","protected":false},"featured_media":77203,"comment_status":"open","ping_status":"closed","template":"","meta":{"_seopress_robots_primary_cat":"","_seopress_titles_title":"","_seopress_titles_desc":"","_seopress_robots_index":""},"product_brand":[],"product_cat":[1345,1346,1347],"product_tag":[],"class_list":{"0":"post-77029","1":"product","2":"type-product","3":"status-publish","4":"has-post-thumbnail","6":"product_cat-herrenmode","7":"product_cat-hosen","8":"product_cat-jeans","9":"product_shipping_class-standard-versand","11":"first","12":"instock","13":"sale","14":"taxable","15":"shipping-taxable","16":"purchasable","17":"product-type-simple"},"_links":{"self":[{"href":"https:\/\/www.soanam.de\/pl\/wp-json\/wp\/v2\/product\/77029","targetHints":{"allow":["GET"]}}],"collection":[{"href":"https:\/\/www.soanam.de\/pl\/wp-json\/wp\/v2\/product"}],"about":[{"href":"https:\/\/www.soanam.de\/pl\/wp-json\/wp\/v2\/types\/product"}],"replies":[{"embeddable":true,"href":"https:\/\/www.soanam.de\/pl\/wp-json\/wp\/v2\/comments?post=77029"}],"wp:featuredmedia":[{"embeddable":true,"href":"https:\/\/www.soanam.de\/pl\/wp-json\/wp\/v2\/media\/77203"}],"wp:attachment":[{"href":"https:\/\/www.soanam.de\/pl\/wp-json\/wp\/v2\/media?parent=77029"}],"wp:term":[{"taxonomy":"product_brand","embeddable":true,"href":"https:\/\/www.soanam.de\/pl\/wp-json\/wp\/v2\/product_brand?post=77029"},{"taxonomy":"product_cat","embeddable":true,"href":"https:\/\/www.soanam.de\/pl\/wp-json\/wp\/v2\/product_cat?post=77029"},{"taxonomy":"product_tag","embeddable":true,"href":"https:\/\/www.soanam.de\/pl\/wp-json\/wp\/v2\/product_tag?post=77029"}],"curies":[{"name":"wp","href":"https:\/\/api.w.org\/{rel}","templated":true}]}}