{"id":77024,"date":"2023-12-13T20:32:18","date_gmt":"2023-12-13T19:32:18","guid":{"rendered":"https:\/\/www.soanam.de\/?post_type=product&#038;p=77024"},"modified":"2023-12-13T20:40:15","modified_gmt":"2023-12-13T19:40:15","slug":"levis-high-waist-jeans-mile-high-super-skinny-in-black-w30xl30","status":"publish","type":"product","link":"https:\/\/www.soanam.de\/pl\/produkt\/levis-high-waist-jeans-mile-high-super-skinny-in-schwarz-w30xl30\/","title":{"rendered":"Levi's Jeans Mile High Super Skinny z wysok\u0105 tali\u0105, w kolorze czarnym, W30xL30"},"content":{"rendered":"<p>Mile High Super Skinny Jeans od Levi`s<br \/>\nElastyczny denim<br \/>\nSuper Skinny<br \/>\nWysoka talia<\/p>\n<p>Te jeansy skinny z wysok\u0105 tali\u0105 s\u0105 bardzo obcis\u0142e i tworz\u0105 \u015bwietn\u0105 sylwetk\u0119.<br \/>\nDzi\u0119ki nowoczesnemu krojowi, te super obcis\u0142e d\u017cinsy ze stretchem sprawiaj\u0105, \u017ce nawet ma\u0142e problematyczne miejsca znikaj\u0105 i podkre\u015blaj\u0105 sylwetk\u0119.<\/p>\n<p>Materia\u0142: 73% bawe\u0142na, 13% Lyocell TENCEL\u2122, 9% poliester, 5% elastan<br \/>\nWskaz\u00f3wki dotycz\u0105ce piel\u0119gnacji: Mo\u017cna pra\u0107 w pralce w temperaturze 40\u00b0<\/p>\n<p>Kolor: czarny<br \/>\nRozmiar: W30 L30<\/p>\n<p>Rozmiar talii: 70 cm<br \/>\nObw\u00f3d bioder: 82 cm<br \/>\nD\u0142ugo\u015b\u0107 kroku: 73 cm<br \/>\nCa\u0142kowita d\u0142ugo\u015b\u0107: 104 cm<\/p>","protected":false},"excerpt":{"rendered":"<table class=\"dv_characteristicsTable\">\n<tbody>\n<tr>\n<td class=\"left\">Rozmiar<\/td>\n<td>30<\/td>\n<\/tr>\n<tr>\n<td class=\"left\">Hosenl\u00e4nge<\/td>\n<td>30<\/td>\n<\/tr>\n<tr>\n<td class=\"left\">Sk\u0142ad materia\u0142u<\/td>\n<td>Obermaterial: 73% Baumwolle, 13% Lyocell\u202fTENCEL\u2122, 9% Polyester, 5% Elasthan<\/td>\n<\/tr>\n<tr>\n<td class=\"left\">Materialart<\/td>\n<td>D\u017cinsy<\/td>\n<\/tr>\n<tr>\n<td class=\"left\">Materialeigenschaften<\/td>\n<td>elastisch<\/td>\n<\/tr>\n<tr>\n<td class=\"left\">Instrukcje dotycz\u0105ce piel\u0119gnacji<\/td>\n<td>Pranie w pralce<\/td>\n<\/tr>\n<tr>\n<td class=\"left\">Optik<\/td>\n<td>Abriebeffekte<\/td>\n<\/tr>\n<tr>\n<td class=\"left\">Stil<\/td>\n<td>casual<\/td>\n<\/tr>\n<tr>\n<td class=\"left\">Waschung<\/td>\n<td>used<\/td>\n<\/tr>\n<tr>\n<td class=\"left\">Kolor<\/td>\n<td>black<\/td>\n<\/tr>\n<tr>\n<td class=\"left\">Leibh\u00f6he<\/td>\n<td>hoch<\/td>\n<\/tr>\n<tr>\n<td class=\"left\">Beinform<\/td>\n<td>extra-eng<\/td>\n<\/tr>\n<tr>\n<td class=\"left\">Schnittform L\u00e4nge<\/td>\n<td>lang<\/td>\n<\/tr>\n<tr>\n<td class=\"left\">G\u00fcrtelschlaufen<\/td>\n<td>ja<\/td>\n<\/tr>\n<tr>\n<td class=\"left\">Torby<\/td>\n<td>Coinpocket, Eingrifftaschen, Ges\u00e4\u00dftaschen<\/td>\n<\/tr>\n<tr>\n<td class=\"left\">Verschluss<\/td>\n<td>1-Knopf-Form, Rei\u00dfverschluss<\/td>\n<\/tr>\n<tr>\n<td class=\"left\">Besondere Merkmale<\/td>\n<td>High Waist<\/td>\n<\/tr>\n<\/tbody>\n<\/table>","protected":false},"featured_media":77179,"comment_status":"open","ping_status":"closed","template":"","meta":{"_seopress_robots_primary_cat":"","_seopress_titles_title":"","_seopress_titles_desc":"","_seopress_robots_index":""},"product_brand":[],"product_cat":[1348,1349,1350],"product_tag":[],"class_list":{"0":"post-77024","1":"product","2":"type-product","3":"status-publish","4":"has-post-thumbnail","6":"product_cat-damen-mode","7":"product_cat-hosen-damen-mode","8":"product_cat-jeans-hosen-damen-mode","9":"product_shipping_class-standard-versand","11":"first","12":"instock","13":"taxable","14":"shipping-taxable","15":"purchasable","16":"product-type-simple"},"_links":{"self":[{"href":"https:\/\/www.soanam.de\/pl\/wp-json\/wp\/v2\/product\/77024","targetHints":{"allow":["GET"]}}],"collection":[{"href":"https:\/\/www.soanam.de\/pl\/wp-json\/wp\/v2\/product"}],"about":[{"href":"https:\/\/www.soanam.de\/pl\/wp-json\/wp\/v2\/types\/product"}],"replies":[{"embeddable":true,"href":"https:\/\/www.soanam.de\/pl\/wp-json\/wp\/v2\/comments?post=77024"}],"wp:featuredmedia":[{"embeddable":true,"href":"https:\/\/www.soanam.de\/pl\/wp-json\/wp\/v2\/media\/77179"}],"wp:attachment":[{"href":"https:\/\/www.soanam.de\/pl\/wp-json\/wp\/v2\/media?parent=77024"}],"wp:term":[{"taxonomy":"product_brand","embeddable":true,"href":"https:\/\/www.soanam.de\/pl\/wp-json\/wp\/v2\/product_brand?post=77024"},{"taxonomy":"product_cat","embeddable":true,"href":"https:\/\/www.soanam.de\/pl\/wp-json\/wp\/v2\/product_cat?post=77024"},{"taxonomy":"product_tag","embeddable":true,"href":"https:\/\/www.soanam.de\/pl\/wp-json\/wp\/v2\/product_tag?post=77024"}],"curies":[{"name":"wp","href":"https:\/\/api.w.org\/{rel}","templated":true}]}}