{"id":77021,"date":"2023-12-13T20:32:17","date_gmt":"2023-12-13T19:32:17","guid":{"rendered":"https:\/\/www.soanam.de\/?post_type=product&#038;p=77021"},"modified":"2023-12-13T20:38:44","modified_gmt":"2023-12-13T19:38:44","slug":"levis-skinny-jeans-312-shaping-slim-in-rinsed-w30xl32","status":"publish","type":"product","link":"https:\/\/www.soanam.de\/pl\/produkt\/levis-roehrenjeans-312-shaping-slim-in-rinsed-w30xl32\/","title":{"rendered":"D\u017cinsy skinny 312 Shaping Slim marki Levi's, w kolorze Rinsed, W30xL32"},"content":{"rendered":"<p>D\u017cinsy z wysokim stanem od Levi's<br \/>\nModel 312 Shaping Slim<br \/>\nW jako\u015bci bi-elastycznej dla idealnego dopasowania<br \/>\nSp\u00f3dnica z normalnym stanem<br \/>\nKszta\u0142tuj\u0105ce d\u017cinsy z wygodnego, elastycznego denimu zapewniaj\u0105 przytulny wygl\u0105d<br \/>\nWyg\u0142adza brzuch, podnosi po\u015bladki i wyd\u0142u\u017ca nogi.<\/p>\n<p>D\u017cinsy z pi\u0119cioma kieszeniami maj\u0105 regularny kr\u00f3j i w\u0105ski kr\u00f3j, kt\u00f3ry naprawd\u0119 podkre\u015bla nogi. Super mi\u0119kki materia\u0142 d\u017cins\u00f3w slim-fit z elastanem zapewnia idealne dopasowanie, du\u017cy komfort i pod\u0105\u017ca za ka\u017cdym Twoim ruchem.<\/p>\n<p>Materia\u0142: bawe\u0142na 81%, poliester 17%, elastan 2%<br \/>\nWskaz\u00f3wki dotycz\u0105ce piel\u0119gnacji: Mo\u017cna pra\u0107 w pralce w temperaturze 40\u00b0<\/p>\n<p>Kolor: sp\u0142ukany<br \/>\nRozmiar: W30 L32<\/p>\n<p>Rozmiar talii: 78 cm<br \/>\nObw\u00f3d bioder: 88 cm<br \/>\nD\u0142ugo\u015b\u0107 kroku: 81 cm<br \/>\nCa\u0142kowita d\u0142ugo\u015b\u0107: 106 cm<\/p>\n<p>Ten nowy przedmiot jest zwrotem klienta bez etykiety.<\/p>","protected":false},"excerpt":{"rendered":"<div class=\"js_prd_moreBox__contentWrapper prd_moreBox__contentWrapper\">\n<div class=\"prd_moreBox__content js_prd_moreBox__content\" lang=\"de\">\n<table class=\"dv_characteristicsTable\">\n<tbody>\n<tr>\n<td class=\"left\">Rozmiar<\/td>\n<td>30<\/td>\n<\/tr>\n<tr>\n<td class=\"left\">Hosenl\u00e4nge<\/td>\n<td>32<\/td>\n<\/tr>\n<tr>\n<td class=\"left\">Sk\u0142ad materia\u0142u<\/td>\n<td>81% Baumwolle, 17% Polyester, 2% Elasthan<\/td>\n<\/tr>\n<tr>\n<td class=\"left\">Materialart<\/td>\n<td>Denim<\/td>\n<\/tr>\n<tr>\n<td class=\"left\">Materialeigenschaften<\/td>\n<td>elastisch<\/td>\n<\/tr>\n<tr>\n<td class=\"left\">Instrukcje dotycz\u0105ce piel\u0119gnacji<\/td>\n<td>Pranie w pralce<\/td>\n<\/tr>\n<tr>\n<td class=\"left\">Stil<\/td>\n<td>Basic<\/td>\n<\/tr>\n<tr>\n<td class=\"left\">Waschung<\/td>\n<td>rinsed<\/td>\n<\/tr>\n<tr>\n<td class=\"left\">Kolor<\/td>\n<td>rinsed<\/td>\n<\/tr>\n<tr>\n<td class=\"left\">Leibh\u00f6he<\/td>\n<td>normal<\/td>\n<\/tr>\n<tr>\n<td class=\"left\">Bundabschluss<\/td>\n<td>angesetztes B\u00fcndchen<\/td>\n<\/tr>\n<tr>\n<td class=\"left\">Beinform<\/td>\n<td>R\u00f6hre<\/td>\n<\/tr>\n<tr>\n<td class=\"left\">Beinabschluss<\/td>\n<td>abgesteppt<\/td>\n<\/tr>\n<tr>\n<td class=\"left\">Dopasowanie<\/td>\n<td>schmal<\/td>\n<\/tr>\n<tr>\n<td class=\"left\">Herstellerpassform<\/td>\n<td>Slim Jeans 312<\/td>\n<\/tr>\n<tr>\n<td class=\"left\">Schnittdetails<\/td>\n<td>Passe hinten<\/td>\n<\/tr>\n<tr>\n<td class=\"left\">Schnittform L\u00e4nge<\/td>\n<td>lang<\/td>\n<\/tr>\n<tr>\n<td class=\"left\">G\u00fcrtelschlaufen<\/td>\n<td>ja<\/td>\n<\/tr>\n<tr>\n<td class=\"left\">Applikationen<\/td>\n<td>Markenlabel<\/td>\n<\/tr>\n<tr>\n<td class=\"left\">Torby<\/td>\n<td>Eingrifftaschen, Coinpocket, Ges\u00e4\u00dftaschen<\/td>\n<\/tr>\n<tr>\n<td class=\"left\">Verschluss<\/td>\n<td>Knopf, Metallrei\u00dfverschluss<\/td>\n<\/tr>\n<tr>\n<td class=\"left\">Besondere Merkmale<\/td>\n<td>Schmale Shaping Slim Form<\/td>\n<\/tr>\n<\/tbody>\n<\/table>\n<\/div>\n<\/div>\n<div class=\"prd_moreBox__buttonWrapper\"><\/div>","protected":false},"featured_media":77160,"comment_status":"open","ping_status":"closed","template":"","meta":{"_seopress_robots_primary_cat":"","_seopress_titles_title":"","_seopress_titles_desc":"","_seopress_robots_index":""},"product_brand":[],"product_cat":[1348,1349,1350],"product_tag":[],"class_list":{"0":"post-77021","1":"product","2":"type-product","3":"status-publish","4":"has-post-thumbnail","6":"product_cat-damen-mode","7":"product_cat-hosen-damen-mode","8":"product_cat-jeans-hosen-damen-mode","9":"product_shipping_class-standard-versand","11":"first","12":"instock","13":"taxable","14":"shipping-taxable","15":"purchasable","16":"product-type-simple"},"_links":{"self":[{"href":"https:\/\/www.soanam.de\/pl\/wp-json\/wp\/v2\/product\/77021","targetHints":{"allow":["GET"]}}],"collection":[{"href":"https:\/\/www.soanam.de\/pl\/wp-json\/wp\/v2\/product"}],"about":[{"href":"https:\/\/www.soanam.de\/pl\/wp-json\/wp\/v2\/types\/product"}],"replies":[{"embeddable":true,"href":"https:\/\/www.soanam.de\/pl\/wp-json\/wp\/v2\/comments?post=77021"}],"wp:featuredmedia":[{"embeddable":true,"href":"https:\/\/www.soanam.de\/pl\/wp-json\/wp\/v2\/media\/77160"}],"wp:attachment":[{"href":"https:\/\/www.soanam.de\/pl\/wp-json\/wp\/v2\/media?parent=77021"}],"wp:term":[{"taxonomy":"product_brand","embeddable":true,"href":"https:\/\/www.soanam.de\/pl\/wp-json\/wp\/v2\/product_brand?post=77021"},{"taxonomy":"product_cat","embeddable":true,"href":"https:\/\/www.soanam.de\/pl\/wp-json\/wp\/v2\/product_cat?post=77021"},{"taxonomy":"product_tag","embeddable":true,"href":"https:\/\/www.soanam.de\/pl\/wp-json\/wp\/v2\/product_tag?post=77021"}],"curies":[{"name":"wp","href":"https:\/\/api.w.org\/{rel}","templated":true}]}}