{"id":77016,"date":"2023-12-13T20:32:13","date_gmt":"2023-12-13T19:32:13","guid":{"rendered":"https:\/\/www.soanam.de\/?post_type=product&#038;p=77016"},"modified":"2023-12-13T20:37:08","modified_gmt":"2023-12-13T19:37:08","slug":"gucci-damskie-sneakersy-low-ace-skora-cieleca-z-perforowanym-wzorem-gg","status":"publish","type":"product","link":"https:\/\/www.soanam.de\/pl\/produkt\/gucci-damen-sneaker-low-ace-kalbsleder-mit-gg-lochmuster\/","title":{"rendered":"Niskie buty damskie GUCCI, sk\u00f3ra ciel\u0119ca ACE, z perforowanym wzorem GG"},"content":{"rendered":"<p><strong>Damskie niskie buty sportowe GUCCI, sk\u00f3ra ciel\u0119ca ACE, w kolorze bia\u0142ym\/r\u00f3\u017cowym, rozmiar 39<\/strong><\/p>\n<p><strong>Opis<br \/>\n<\/strong><br \/>\nTe kultowe buty sportowe Ace z mi\u0119kkiej bia\u0142ej sk\u00f3ry charakteryzuj\u0105 si\u0119 minimalistycznym logo.<br \/>\nZ boku buta GG tworzy eleganckie akcenty w postaci filigranowego wzoru otwor\u00f3w.<br \/>\nBlador\u00f3\u017cowy sk\u00f3rzany detal na pi\u0119cie dodaje odrobin\u0119 koloru do bia\u0142ych but\u00f3w.<\/p>\n<p><strong>szczeg\u00f3\u0142y<\/strong><\/p>\n<ul>\n<li>Kszta\u0142t pi\u0119ty: p\u0142aska<\/li>\n<li>Wk\u0142adka: sk\u00f3ra<\/li>\n<li>Kod koloru projektanta: BIANCOBIANCOROSE<\/li>\n<li>Projektant: Gucci<\/li>\n<li>W\u0142a\u015bciwo\u015bci: wykonane r\u0119cznie<\/li>\n<li>Kolor: bia\u0142y, r\u00f3\u017cowy<\/li>\n<li>P\u0142e\u0107: Kobiety<\/li>\n<li>Materia\u0142 wewn\u0119trzny: sk\u00f3ra<\/li>\n<li>Materia\u0142 cholewki: sk\u00f3ra ciel\u0119ca<\/li>\n<li>Podeszwa buta: guma<\/li>\n<li>Kolor podeszwy: bia\u0142y<\/li>\n<li>Typ zapi\u0119cia: sznurowanie<\/li>\n<li>Dekoracja: logo<\/li>\n<li>Podnosek: okr\u0105g\u0142y<\/li>\n<li>Wyprodukowano w: W\u0142ochy<\/li>\n<li>Numer producenta: 598527 AYO70 9076<\/li>\n<\/ul>","protected":false},"excerpt":{"rendered":"<h3>Artikelmerkmale<\/h3>\n<p><strong>Artikelzustand:<\/strong> Neu mit Karton: Neuer, unbenutzter und nicht getragener Artikel, in der Originalverpackung<\/p>\n<p><strong>Abteilung:<\/strong> Damen<br \/>\n<strong>Akzente:<\/strong> Lochstickerei<br \/>\n<strong>AU-Schuhgr\u00f6\u00dfe:<\/strong> ohne Angabe<br \/>\n<strong>Funkcje specjalne:<\/strong> handgemacht<br \/>\n<strong>Erscheinungsjahr:<\/strong> 2020<br \/>\n<strong>EU-Schuhgr\u00f6\u00dfe:<\/strong> EUR 39<br \/>\n<strong>Kolor:<\/strong> Bia\u0142y<br \/>\n<strong>Futtermaterial:<\/strong> Sk\u00f3ra<br \/>\n<strong>Herstellernummer:<\/strong> 598527 AYO70 9076<br \/>\n<strong>Individualisiert:<\/strong> Nein<br \/>\n<strong>Innensohlenmaterial:<\/strong> Sk\u00f3ra<br \/>\n<strong>Laufsohlenmaterial:<\/strong> Guma<br \/>\n<strong>Marke:<\/strong> Gucci<br \/>\n<strong>Modell:<\/strong> ACE<br \/>\n<strong>Materia\u0142 cholewki:<\/strong> Sk\u00f3ra<br \/>\n<strong>Produktart:<\/strong> Sportschuh<br \/>\n<strong>Produktlinie:<\/strong> Gucci Ace<br \/>\n<strong>Schuhweite:<\/strong> F<br \/>\n<strong>Stil:<\/strong> Sneaker<br \/>\n<strong>Thema:<\/strong> Designer<br \/>\n<strong>UK-Schuhgr\u00f6\u00dfe:<\/strong> UK 6<br \/>\n<strong>US-Schuhgr\u00f6\u00dfe:<\/strong> US 8<br \/>\n<strong>Verschluss:<\/strong> Schn\u00fcrung<br \/>\n<strong>Vintage:<\/strong> Nein<\/p>","protected":false},"featured_media":77125,"comment_status":"open","ping_status":"closed","template":"","meta":{"_seopress_robots_primary_cat":"","_seopress_titles_title":"","_seopress_titles_desc":"","_seopress_robots_index":""},"product_brand":[],"product_cat":[1348,1360,1367],"product_tag":[],"class_list":{"0":"post-77016","1":"product","2":"type-product","3":"status-publish","4":"has-post-thumbnail","6":"product_cat-damen-mode","7":"product_cat-schuhe","8":"product_cat-sneakers","9":"product_shipping_class-standard-versand","11":"first","12":"instock","13":"sale","14":"taxable","15":"shipping-taxable","16":"purchasable","17":"product-type-simple"},"_links":{"self":[{"href":"https:\/\/www.soanam.de\/pl\/wp-json\/wp\/v2\/product\/77016","targetHints":{"allow":["GET"]}}],"collection":[{"href":"https:\/\/www.soanam.de\/pl\/wp-json\/wp\/v2\/product"}],"about":[{"href":"https:\/\/www.soanam.de\/pl\/wp-json\/wp\/v2\/types\/product"}],"replies":[{"embeddable":true,"href":"https:\/\/www.soanam.de\/pl\/wp-json\/wp\/v2\/comments?post=77016"}],"wp:featuredmedia":[{"embeddable":true,"href":"https:\/\/www.soanam.de\/pl\/wp-json\/wp\/v2\/media\/77125"}],"wp:attachment":[{"href":"https:\/\/www.soanam.de\/pl\/wp-json\/wp\/v2\/media?parent=77016"}],"wp:term":[{"taxonomy":"product_brand","embeddable":true,"href":"https:\/\/www.soanam.de\/pl\/wp-json\/wp\/v2\/product_brand?post=77016"},{"taxonomy":"product_cat","embeddable":true,"href":"https:\/\/www.soanam.de\/pl\/wp-json\/wp\/v2\/product_cat?post=77016"},{"taxonomy":"product_tag","embeddable":true,"href":"https:\/\/www.soanam.de\/pl\/wp-json\/wp\/v2\/product_tag?post=77016"}],"curies":[{"name":"wp","href":"https:\/\/api.w.org\/{rel}","templated":true}]}}