{"id":77014,"date":"2023-12-13T20:32:12","date_gmt":"2023-12-13T19:32:12","guid":{"rendered":"https:\/\/www.soanam.de\/?post_type=product&#038;p=77014"},"modified":"2023-12-13T20:36:53","modified_gmt":"2023-12-13T19:36:53","slug":"sneakersy-damskie-ze-skory-cielecej-giuseppe-zanotti","status":"publish","type":"product","link":"https:\/\/www.soanam.de\/pl\/produkt\/giuseppe-zanotti-kalbsleder-damen-sneaker\/","title":{"rendered":"GIUSEPPE ZANOTTI damskie trampki ze sk\u00f3ry ciel\u0119cej"},"content":{"rendered":"<div><span style=\"font-family: Arial;\"><b>GIUSEPPE ZANOTTI Niskie trampki damskie FRANKIE ze sk\u00f3ry ciel\u0119cej<\/b><\/span><\/div>\n<div><\/div>\n<div><span style=\"font-family: Arial;\"><b>szczeg\u00f3\u0142y<\/b><\/span><\/div>\n<div><span style=\"font-family: Arial;\"><b>\u00a0<\/b><\/span><\/div>\n<div><span style=\"font-family: Arial;\">Kszta\u0142t pi\u0119ty: p\u0142aska<\/span><\/div>\n<div><span style=\"font-family: Arial;\">Wk\u0142adka: sk\u00f3ra<\/span><\/div>\n<div><span style=\"font-family: Arial;\">Kod koloru projektanta: OFF WHITE<\/span><\/div>\n<div><span style=\"font-family: Arial;\">W\u0142a\u015bciwo\u015bci: wykonane r\u0119cznie<\/span><\/div>\n<div><span style=\"font-family: Arial;\">Kolor: szary \/ bia\u0142y<\/span><\/div>\n<div><span style=\"font-family: Arial;\">P\u0142e\u0107: Kobiety<\/span><\/div>\n<div><span style=\"font-family: Arial;\">Materia\u0142 wewn\u0119trzny: sk\u00f3ra<\/span><\/div>\n<div><span style=\"font-family: Arial;\">Materia\u0142 cholewki: sk\u00f3ra ciel\u0119ca<\/span><\/div>\n<div><span style=\"font-family: Arial;\">Sezon: F\/S21, Wiosna, Lato<\/span><\/div>\n<div><span style=\"font-family: Arial;\">Podeszwa buta: guma<\/span><\/div>\n<div><span style=\"font-family: Arial;\">Kolor podeszwy: bia\u0142y\/szary<\/span><\/div>\n<div><span style=\"font-family: Arial;\">Typ zapi\u0119cia: sznurowanie<\/span><\/div>\n<div>\n<div><span style=\"font-family: Arial;\">Dekoracja: logo<\/span><\/div>\n<\/div>\n<div><span style=\"font-family: Arial;\">Podnosek: okr\u0105g\u0142y<\/span><\/div>\n<div><\/div>\n<div><span style=\"font-family: Arial;\">Wyprodukowano w: W\u0142ochy<\/span><\/div>\n<div><span style=\"font-family: Arial;\">Numer producenta: RW00017<\/span><\/div>\n<div><\/div>","protected":false},"excerpt":{"rendered":"<p><strong>Artikelmerkmale<\/strong><\/p>\n<p><strong>Artikelzustand:<\/strong>\u00a0Neu mit Karton: Neuer, unbenutzter und nicht getragener Artikel, in der Originalverpackung<br \/>\n<strong>Abteilung:<\/strong> Damen<br \/>\n<strong>Akzente:<\/strong> Zamek b\u0142yskawiczny<br \/>\n<strong>Funkcje specjalne:<\/strong> Handarbeit<br \/>\n<strong>Erscheinungsjahr:<\/strong> 2021<br \/>\n<strong>EU-Schuhgr\u00f6\u00dfe:<\/strong> EUR 36<br \/>\n<strong>Kolor:<\/strong> Szary<br \/>\n<strong>Futtermaterial:<\/strong> Sk\u00f3ra<br \/>\n<strong>Herstellernummer:<\/strong> RW00017<br \/>\n<strong>Innensohlenmaterial:<\/strong> Sk\u00f3ra<br \/>\n<strong>Laufsohlenmaterial:<\/strong> Guma<br \/>\n<strong>Marke:<\/strong> Giuseppe Zanotti<br \/>\n<strong>Modell:<\/strong> Frankie<br \/>\n<strong>Materia\u0142 cholewki:<\/strong> Sk\u00f3ra<br \/>\n<strong>Produktart:<\/strong> Sportschuh<br \/>\n<strong>Produktlinie:<\/strong> Sneaker low<br \/>\n<strong>Schuhweite:<\/strong> F<br \/>\n<strong>Stil:<\/strong> Sneaker<br \/>\n<strong>Thema:<\/strong> Designer<br \/>\n<strong>UK-Schuhgr\u00f6\u00dfe:<\/strong> UK 3,5<br \/>\n<strong>US-Schuhgr\u00f6\u00dfe:<\/strong> US 5,5<br \/>\n<strong>Verschluss:<\/strong> Bindeverschluss<br \/>\n<strong>Vintage:<\/strong> Nein<\/p>","protected":false},"featured_media":77114,"comment_status":"open","ping_status":"closed","template":"","meta":{"_seopress_robots_primary_cat":"","_seopress_titles_title":"","_seopress_titles_desc":"","_seopress_robots_index":""},"product_brand":[],"product_cat":[1348,1360,1367],"product_tag":[],"class_list":{"0":"post-77014","1":"product","2":"type-product","3":"status-publish","4":"has-post-thumbnail","6":"product_cat-damen-mode","7":"product_cat-schuhe","8":"product_cat-sneakers","9":"product_shipping_class-standard-versand","11":"first","12":"instock","13":"sale","14":"taxable","15":"shipping-taxable","16":"purchasable","17":"product-type-simple"},"_links":{"self":[{"href":"https:\/\/www.soanam.de\/pl\/wp-json\/wp\/v2\/product\/77014","targetHints":{"allow":["GET"]}}],"collection":[{"href":"https:\/\/www.soanam.de\/pl\/wp-json\/wp\/v2\/product"}],"about":[{"href":"https:\/\/www.soanam.de\/pl\/wp-json\/wp\/v2\/types\/product"}],"replies":[{"embeddable":true,"href":"https:\/\/www.soanam.de\/pl\/wp-json\/wp\/v2\/comments?post=77014"}],"wp:featuredmedia":[{"embeddable":true,"href":"https:\/\/www.soanam.de\/pl\/wp-json\/wp\/v2\/media\/77114"}],"wp:attachment":[{"href":"https:\/\/www.soanam.de\/pl\/wp-json\/wp\/v2\/media?parent=77014"}],"wp:term":[{"taxonomy":"product_brand","embeddable":true,"href":"https:\/\/www.soanam.de\/pl\/wp-json\/wp\/v2\/product_brand?post=77014"},{"taxonomy":"product_cat","embeddable":true,"href":"https:\/\/www.soanam.de\/pl\/wp-json\/wp\/v2\/product_cat?post=77014"},{"taxonomy":"product_tag","embeddable":true,"href":"https:\/\/www.soanam.de\/pl\/wp-json\/wp\/v2\/product_tag?post=77014"}],"curies":[{"name":"wp","href":"https:\/\/api.w.org\/{rel}","templated":true}]}}