{"id":77013,"date":"2023-12-13T20:32:12","date_gmt":"2023-12-13T19:32:12","guid":{"rendered":"https:\/\/www.soanam.de\/?post_type=product&#038;p=77013"},"modified":"2023-12-13T20:36:43","modified_gmt":"2023-12-13T19:36:43","slug":"nike-x-matthew-m-williams-dwustronne-spodnie-3-w-1-dla-mezczyzn","status":"publish","type":"product","link":"https:\/\/www.soanam.de\/pl\/produkt\/nike-x-matthew-m-williams-wendbare-3-in-1-hose-fuer-herren\/","title":{"rendered":"Spodnie m\u0119skie Nike x Matthew M. Williams Reversible 3 w 1"},"content":{"rendered":"<h3>Opis<\/h3>\n<p>Konstrukcja 3 w 1 obejmuje wodoodporne spodnie, dwustronne szorty i szorty wewn\u0119trzne, dzi\u0119ki czemu mo\u017cna dostosowa\u0107 si\u0119 do warunk\u00f3w pogodowych przez ca\u0142y rok.<br \/>\nS\u0105 kolejnym krokiem w treningu, opracowanym dla sportu, kultury i ducha.<\/p>\n<h3>Odporny na warunki atmosferyczne i konfigurowalny<\/h3>\n<p>Zewn\u0119trzne spodnie s\u0105 wykonane z tkanego materia\u0142u o w\u0142a\u015bciwo\u015bciach hydrofobowych, co zapewnia komfort noszenia. Elastyczne elementy zapewniaj\u0105 nieograniczon\u0105 swobod\u0119 ruch\u00f3w. Dolne cz\u0119\u015bci nogawek mo\u017cna odpi\u0105\u0107, dzi\u0119ki czemu spodnie mo\u017cna nosi\u0107 jako szorty w ciep\u0142e dni.<\/p>\n<h3>Wsparcie w kluczowych momentach<\/h3>\n<p>Wewn\u0119trzna warstwa zapewnia wsparcie. Spodenki s\u0105 wykonane z dzianiny z dodatkiem elastanu i wyposa\u017cone w technologi\u0119 odprowadzania potu, kt\u00f3ra zapewnia suchy komfort.<\/p>\n<h3>Wysuszy\u0107<\/h3>\n<p>Do\u0142\u0105czony r\u0119cznik pozwala osuszy\u0107 si\u0119 w podr\u00f3\u017cy. R\u0119cznik mo\u017cna zdj\u0105\u0107 oddzielnie.<\/p>\n<h3>Dalsze korzy\u015bci<\/h3>\n<p>Dwie kieszenie boczne i kiesze\u0144 tylna oferuj\u0105 miejsce na drobne przedmioty i smartfon.<br \/>\nRajstopy maj\u0105 kieszenie do przechowywania drobnych przedmiot\u00f3w.<br \/>\nOddychaj\u0105ca, elastyczna talia z paskiem Fidlock umo\u017cliwia regulacj\u0119 dopasowania.<\/p>\n<h3>Informacje o produkcie<\/h3>\n<p>Uwaga: ten produkt zawiera magnesy<br \/>\nSpodnie: 100 poliester %<br \/>\nSiatka: 89 % poliester\/11 % elastan<br \/>\nRajstopy: 74 % poliester\/26 % elastan;<br \/>\nR\u0119cznik: 100 bawe\u0142na %<br \/>\nPranie w pralce<br \/>\nR\u0119cznik<br \/>\nImportowane<\/p>\n<h3>Rozmiar i dopasowanie<\/h3>\n<p>Wewn\u0119trzna d\u0142ugo\u015b\u0107 nogawki: ok. 75 cm<br \/>\nStandardowy kr\u00f3j zapewnia swobodny, nieskomplikowany wygl\u0105d<\/p>","protected":false},"excerpt":{"rendered":"<h3>Artikelmerkmale<\/h3>\n<p>Stan produktu: Nowy z etykiet\u0105: Nowy, nieu\u017cywany i nienoszony produkt w oryginalnym opakowaniu.<\/p>\n<p>Abteilung: Herren<br \/>\nAktivit\u00e4t: Fitnessstudio &amp; Training<br \/>\nAnlass: Sport<br \/>\nEAN: 194272898196<br \/>\nKolor: czarny<br \/>\nRozmiar: XL<br \/>\nGr\u00f6\u00dfenkategorie: Normalgr\u00f6\u00dfe<br \/>\nMarke: Nike<br \/>\nMaterial: Polyester, Elasthan<br \/>\nProduktart: Hosen<br \/>\nSchrittl\u00e4nge: 75 cm<br \/>\nStil: 3-in-1-Funktionshose<br \/>\nTaillenumfang: ohne Angabe<br \/>\nVerschluss: elastischer Bund mit G\u00fcrtel<br \/>\nVintage: Nein<\/p>","protected":false},"featured_media":77106,"comment_status":"open","ping_status":"closed","template":"","meta":{"_seopress_robots_primary_cat":"","_seopress_titles_title":"","_seopress_titles_desc":"","_seopress_robots_index":""},"product_brand":[],"product_cat":[1345,1365,1366],"product_tag":[],"class_list":{"0":"post-77013","1":"product","2":"type-product","3":"status-publish","4":"has-post-thumbnail","6":"product_cat-herrenmode","7":"product_cat-sportbekleidung","8":"product_cat-sonstiges","9":"product_shipping_class-standard-versand","11":"first","12":"instock","13":"sale","14":"taxable","15":"shipping-taxable","16":"purchasable","17":"product-type-simple"},"_links":{"self":[{"href":"https:\/\/www.soanam.de\/pl\/wp-json\/wp\/v2\/product\/77013","targetHints":{"allow":["GET"]}}],"collection":[{"href":"https:\/\/www.soanam.de\/pl\/wp-json\/wp\/v2\/product"}],"about":[{"href":"https:\/\/www.soanam.de\/pl\/wp-json\/wp\/v2\/types\/product"}],"replies":[{"embeddable":true,"href":"https:\/\/www.soanam.de\/pl\/wp-json\/wp\/v2\/comments?post=77013"}],"wp:featuredmedia":[{"embeddable":true,"href":"https:\/\/www.soanam.de\/pl\/wp-json\/wp\/v2\/media\/77106"}],"wp:attachment":[{"href":"https:\/\/www.soanam.de\/pl\/wp-json\/wp\/v2\/media?parent=77013"}],"wp:term":[{"taxonomy":"product_brand","embeddable":true,"href":"https:\/\/www.soanam.de\/pl\/wp-json\/wp\/v2\/product_brand?post=77013"},{"taxonomy":"product_cat","embeddable":true,"href":"https:\/\/www.soanam.de\/pl\/wp-json\/wp\/v2\/product_cat?post=77013"},{"taxonomy":"product_tag","embeddable":true,"href":"https:\/\/www.soanam.de\/pl\/wp-json\/wp\/v2\/product_tag?post=77013"}],"curies":[{"name":"wp","href":"https:\/\/api.w.org\/{rel}","templated":true}]}}