{"id":77011,"date":"2023-12-13T20:32:11","date_gmt":"2023-12-13T19:32:11","guid":{"rendered":"https:\/\/www.soanam.de\/?post_type=product&#038;p=77011"},"modified":"2023-12-13T20:35:23","modified_gmt":"2023-12-13T19:35:23","slug":"dolce-gabbana-slingback","status":"publish","type":"product","link":"https:\/\/www.soanam.de\/pl\/produkt\/dolce-gabbana-slingback\/","title":{"rendered":"Dolce &amp; Gabbana Slingback"},"content":{"rendered":"<div><span style=\"font-family: Arial;\"><b>Dolce &amp; Gabbana slingback Devotion w denimowym patchworku, w kolorze niebieskim, rozmiar 39<\/b><\/span><\/div>\n<div><span style=\"font-family: Arial;\">\u00a0<\/span><\/div>\n<div><span style=\"font-family: Arial;\"><b>Opis<\/b><\/span><\/div>\n<div><span style=\"font-family: Arial;\">Nowa kolekcja \"Patchwork di Sicilia\" po\u015bwi\u0119cona jest wyspie o tej samej nazwie, kt\u00f3ra da\u0142a pocz\u0105tek barwnej atmosferze, kolorom, kulturom i marzeniom w\u015br\u00f3d r\u00f3\u017cnych jej domen. Rzemios\u0142o i r\u0119czne wykonanie definiuj\u0105 charakter tej kolekcji. Wprawne r\u0119ce naszych do\u015bwiadczonych rzemie\u015blnik\u00f3w sprawiaj\u0105, \u017ce ka\u017cdy element jest wyj\u0105tkowy. Cardinale slingback w d\u017cinsowym patchworku - ho\u0142d dla tematu kolekcji - jest obszyty sk\u00f3r\u0105 ciel\u0119c\u0105 i ozdobiony stylowym bi\u017cuteryjnym sercem Devotion:<\/span><\/div>\n<ul>\n<li><span style=\"font-family: Arial;\">Denimowa, patchworkowa cholewka z obszyciem ze sk\u00f3ry ciel\u0119cej i bi\u017cuteryjnym sercem z logo ze stopu metali z per\u0142owymi wstawkami<\/span><\/li>\n<li>Obcas 60 mm, pokryty sk\u00f3r\u0105 ciel\u0119c\u0105 (wersja A) lub obcas 105 mm, pokryty sk\u00f3r\u0105 ciel\u0119c\u0105 (wersja B)<\/li>\n<li>Podszewka i wk\u0142adka z koziej sk\u00f3ry z logo<\/li>\n<li>Podeszwa zewn\u0119trzna ze sk\u00f3ry Ponc\u00e9 z logo<\/li>\n<li>Wyprodukowano we W\u0142oszech<\/li>\n<\/ul>\n<div><span style=\"font-family: Arial;\"><b>\u00a0<\/b><\/span><\/div>\n<div><span style=\"font-family: Arial;\"><b>Materia\u0142 i szczeg\u00f3\u0142y<\/b><\/span><\/div>\n<ul>\n<li><span style=\"font-family: Arial;\">Materia\u0142 zewn\u0119trzny: 65 % bawe\u0142na 35 % sk\u00f3ra ciel\u0119ca<\/span><\/li>\n<li><span style=\"font-family: Arial;\">Materia\u0142 wewn\u0119trzny: 72 % sk\u00f3ra kozia 2 % sk\u00f3ra ciel\u0119ca (wariant A)\u00a0<\/span><\/li>\n<li><span style=\"font-family: Arial;\">Materia\u0142 wewn\u0119trzny: 60 % sk\u00f3ra kozia 40 % sk\u00f3ra ciel\u0119ca (wariant B)<\/span><\/li>\n<\/ul>","protected":false},"excerpt":{"rendered":"<p><strong>Artikelmerkmale<\/strong><\/p>\n<p><strong>Artikelzustand:<\/strong> Neu mit Karton: Neuer, unbenutzter und nicht getragener Artikel, in der Originalverpackung<br \/>\n<strong>Absatzart:<\/strong> Stilettoabsatz<br \/>\n<strong>Absatzh\u00f6he:<\/strong> Mittel (5 bis 7,5 cm)<br \/>\n<strong>Abteilung:<\/strong> Damen<br \/>\n<strong>Akzente:<\/strong> Logo-Schmuckherz<br \/>\n<strong>Anlass:<\/strong> Business, Elegant, Freizeit, Party\/Cocktail<br \/>\n<strong>Funkcje specjalne:<\/strong> Slingback-Kn\u00f6chelriemen und hoher Pfennigabsatz.<br \/>\n<strong>Charakter:<\/strong> ohne<br \/>\n<strong>Gewebeart:<\/strong> Denim<br \/>\n<strong>Herstellernummer:<\/strong> CG0480 AO621<br \/>\n<strong>Herstellungsjahr:<\/strong> 2021<br \/>\n<strong>Herstellungsland und -region:<\/strong> Italien<br \/>\n<strong>Innensohlenmaterial:<\/strong> Sk\u00f3ra<br \/>\n<strong>Jahreszeit:<\/strong> Sommer<br \/>\n<strong>Laufsohlenmaterial:<\/strong> Sk\u00f3ra<br \/>\n<strong>Marke:<\/strong> Dolce &amp; Gabbana<br \/>\n<strong>Modell:<\/strong> Patch Denim<br \/>\n<strong>Wz\u00f3r:<\/strong> Patchwork<br \/>\n<strong>Materia\u0142 cholewki:<\/strong> Baumwolle, Kalbsleder<br \/>\n<strong>Produktart:<\/strong> Pompy<br \/>\n<strong>Schuhspitze:<\/strong> Spitz<br \/>\n<strong>Schuhweite:<\/strong> F<br \/>\n<strong>Stil:<\/strong> Slingback<br \/>\n<strong>Thema:<\/strong> Designer<br \/>\n<strong>UK-Schuhgr\u00f6\u00dfe:<\/strong> UK 6<br \/>\n<strong>US-Schuhgr\u00f6\u00dfe:<\/strong> US 8<br \/>\n<strong>Vintage:<\/strong> Nein<\/p>","protected":false},"featured_media":77084,"comment_status":"open","ping_status":"closed","template":"","meta":{"_seopress_robots_primary_cat":"","_seopress_titles_title":"","_seopress_titles_desc":"","_seopress_robots_index":""},"product_brand":[],"product_cat":[1348,1357,1360,1362],"product_tag":[],"class_list":{"0":"post-77011","1":"product","2":"type-product","3":"status-publish","4":"has-post-thumbnail","6":"product_cat-damen-mode","7":"product_cat-accessoires","8":"product_cat-schuhe","9":"product_cat-pumps","10":"product_shipping_class-standard-versand","12":"first","13":"instock","14":"sale","15":"taxable","16":"shipping-taxable","17":"purchasable","18":"product-type-simple"},"_links":{"self":[{"href":"https:\/\/www.soanam.de\/pl\/wp-json\/wp\/v2\/product\/77011","targetHints":{"allow":["GET"]}}],"collection":[{"href":"https:\/\/www.soanam.de\/pl\/wp-json\/wp\/v2\/product"}],"about":[{"href":"https:\/\/www.soanam.de\/pl\/wp-json\/wp\/v2\/types\/product"}],"replies":[{"embeddable":true,"href":"https:\/\/www.soanam.de\/pl\/wp-json\/wp\/v2\/comments?post=77011"}],"wp:featuredmedia":[{"embeddable":true,"href":"https:\/\/www.soanam.de\/pl\/wp-json\/wp\/v2\/media\/77084"}],"wp:attachment":[{"href":"https:\/\/www.soanam.de\/pl\/wp-json\/wp\/v2\/media?parent=77011"}],"wp:term":[{"taxonomy":"product_brand","embeddable":true,"href":"https:\/\/www.soanam.de\/pl\/wp-json\/wp\/v2\/product_brand?post=77011"},{"taxonomy":"product_cat","embeddable":true,"href":"https:\/\/www.soanam.de\/pl\/wp-json\/wp\/v2\/product_cat?post=77011"},{"taxonomy":"product_tag","embeddable":true,"href":"https:\/\/www.soanam.de\/pl\/wp-json\/wp\/v2\/product_tag?post=77011"}],"curies":[{"name":"wp","href":"https:\/\/api.w.org\/{rel}","templated":true}]}}