{"id":77008,"date":"2023-12-13T20:32:10","date_gmt":"2023-12-13T19:32:10","guid":{"rendered":"https:\/\/www.soanam.de\/?post_type=product&#038;p=77008"},"modified":"2023-12-13T20:34:48","modified_gmt":"2023-12-13T19:34:48","slug":"emporio-armani-damski-dwustronny-plaszcz-ze-skory-jagniecej-i-skory-nappa","status":"publish","type":"product","link":"https:\/\/www.soanam.de\/pl\/produkt\/emporio-armani-damen-wendemantel-aus-lammfell-und-nappaleder\/","title":{"rendered":"EMPORIO ARMANI damski dwustronny p\u0142aszcz ze sk\u00f3ry jagni\u0119cej i sk\u00f3ry nappa"},"content":{"rendered":"<div><span style=\"font-family: Arial;\"><b>EMPORIO ARMANI dwustronny p\u0142aszcz ze sk\u00f3ry jagni\u0119cej i sk\u00f3ry nappa, w kolorze fuksji, rozmiar 38<\/b><\/span><\/div>\n<div><span style=\"font-family: Arial;\">\u00a0<\/span><\/div>\n<div><span style=\"font-family: Arial;\">Ten p\u0142aszcz z jagni\u0119cej sk\u00f3ry sam w sobie wystarczy, aby ubra\u0107 Ci\u0119 w wyrafinowany, a jednocze\u015bnie praktyczny spos\u00f3b. Dwustronny p\u0142aszcz mo\u017cna nosi\u0107 z futrzan\u0105 stron\u0105 skierowan\u0105 na zewn\u0105trz, aby uzyska\u0107 wi\u0119kszy wsp\u00f3\u0142czynnik przytulno\u015bci, lub z futrzan\u0105 stron\u0105 skierowan\u0105 do wewn\u0105trz, aby wyeksponowa\u0107 sk\u00f3r\u0119 nappa i podkre\u015bli\u0107 jej wyj\u0105tkowo\u015b\u0107.<\/span><\/div>\n<div><span style=\"font-family: Arial;\">\u00a0<\/span><\/div>\n<div><span style=\"font-family: Arial;\"><b>Opis<\/b><\/span><\/div>\n<div><span style=\"font-family: Arial;\">Ten sk\u00f3rzany p\u0142aszcz od Emporio Armani jest wykonany z jagni\u0119cej sk\u00f3ry shearling. Ma dopasowany kr\u00f3j ze st\u00f3jk\u0105, opadaj\u0105ce ramiona i rozci\u0119te kieszenie.<\/span><\/div>\n<div><span style=\"font-family: Arial;\">\u00a0<\/span><\/div>\n<div><span style=\"font-family: Arial;\"><b>szczeg\u00f3\u0142y<\/b><\/span><\/div>\n<ul>\n<li><span style=\"font-family: Arial;\">Damski p\u0142aszcz sk\u00f3rzany od Emporio Armani<\/span><\/li>\n<li><span style=\"font-family: Arial;\">Ko\u017cuch jagni\u0119cy<\/span><\/li>\n<li><span style=\"font-family: Arial;\">Dopasowany kr\u00f3j<\/span><\/li>\n<li><span style=\"font-family: Arial;\">Obro\u017ca stoj\u0105ca<\/span><\/li>\n<li><span style=\"font-family: Arial;\">Zamek b\u0142yskawiczny<\/span><\/li>\n<li><span style=\"font-family: Arial;\">Podci\u0119te ramiona<\/span><\/li>\n<li><span style=\"font-family: Arial;\">Kieszenie<\/span><\/li>\n<li><span style=\"font-family: Arial;\">D\u0142ugo\u015b\u0107 plec\u00f3w dla rozmiaru 36: 98 cm<\/span><\/li>\n<li><span style=\"font-family: Arial;\">Kolor: fuksja<\/span><\/li>\n<\/ul>\n<div><span style=\"font-family: Arial;\">\u00a0<\/span><\/div>\n<div><span style=\"font-family: Arial;\"><b>Materia\u0142 i piel\u0119gnacja<\/b><\/span><\/div>\n<ul>\n<li><span style=\"font-family: Arial;\">G\u0142\u00f3wny materia\u0142 1: 100% sk\u00f3ra jagni\u0119ca shearling<\/span><\/li>\n<li><span style=\"font-family: Arial;\">Nie my\u0107<\/span><\/li>\n<li><span style=\"font-family: Arial;\">Nie wybiela\u0107<\/span><\/li>\n<li><span style=\"font-family: Arial;\">Nie prasowa\u0107 na gor\u0105co, zachowa\u0107 ostro\u017cno\u015b\u0107 podczas prasowania parowego<\/span><\/li>\n<li><span style=\"font-family: Arial;\">Ograniczone czyszczenie na sucho: Dozwolone w\u0119glowodory. Ograniczenie dodatku wilgoci i\/lub napr\u0119\u017ce\u0144 mechanicznych i\/lub temperatury.<\/span><\/li>\n<\/ul>","protected":false},"excerpt":{"rendered":"<p>Neuer und ungetragener Artikel im Kleidersack, enth\u00e4lt kein Etikett, um das Leder nicht zu besch\u00e4digen, da von beiden Seiten tragbar<\/p>\n<div class=\"ux-layout-section__row\">\n<div class=\"ux-labels-values__labels\">\n<div class=\"ux-labels-values__labels-content\">\n<div><strong><span class=\"ux-textspans\">Abteilung: <\/span><\/strong>Damen<\/div>\n<div><strong><span class=\"ux-textspans\">Akzente: <\/span><\/strong>2-Wege Rei\u00dfverschluss<\/div>\n<div><strong><span class=\"ux-textspans\">Anlass: <\/span><\/strong>Business, Elegant, Freizeit, Reise<\/div>\n<\/div>\n<\/div>\n<div class=\"ux-labels-values__labels\">\n<div class=\"ux-labels-values__labels-content\"><\/div>\n<\/div>\n<\/div>\n<div class=\"ux-layout-section__row\">\n<div class=\"ux-labels-values__labels\">\n<div class=\"ux-labels-values__labels-content\">\n<div><strong><span class=\"ux-textspans\">Au\u00dfenmaterial: <\/span><\/strong>Sk\u00f3ra jagni\u0119ca, sk\u00f3ra nappa<\/div>\n<div>\n<div class=\"ux-layout-section__row\">\n<div class=\"ux-labels-values__labels\">\n<div class=\"ux-labels-values__labels-content\">\n<div><strong><span class=\"ux-textspans\">Funkcje specjalne: <\/span><\/strong>Wendemantel<\/div>\n<\/div>\n<\/div>\n<\/div>\n<div class=\"ux-layout-section__row\">\n<div class=\"ux-labels-values__labels\">\n<div class=\"ux-labels-values__labels-content\"><strong><span class=\"ux-textspans\">Futtermaterial: <\/span><\/strong>Ko\u017cuch jagni\u0119cy<\/div>\n<div><strong><span class=\"ux-textspans\">Gewebeart: <\/span><\/strong>Ko\u017cuch jagni\u0119cy<\/div>\n<div><strong><span class=\"ux-textspans\">Gr\u00f6\u00dfenkategorie: <\/span><\/strong>Normalgr\u00f6\u00dfe<\/div>\n<\/div>\n<\/div>\n<\/div>\n<\/div>\n<\/div>\n<div class=\"ux-labels-values__labels\">\n<div class=\"ux-labels-values__labels-content\"><strong><span class=\"ux-textspans\">Isoliermaterial: <\/span><\/strong>Ko\u017cuch jagni\u0119cy<\/div>\n<div><strong><span class=\"ux-textspans\">Jacken-\/Mantell\u00e4nge: <\/span><\/strong>Halblang<\/div>\n<\/div>\n<\/div>\n<div class=\"ux-layout-section__row\">\n<div class=\"ux-labels-values__labels\">\n<div class=\"ux-labels-values__labels-content\"><\/div>\n<\/div>\n<\/div>\n<div class=\"ux-layout-section__row\">\n<div class=\"ux-labels-values__labels\">\n<div><strong><span class=\"ux-textspans\">Jahreszeit: <\/span><\/strong>Fr\u00fchling, Herbst, Winter<\/div>\n<\/div>\n<\/div>\n<div class=\"ux-layout-section__row\">\n<div class=\"ux-labels-values__labels\">\n<div class=\"ux-labels-values__labels-content\">\n<div><strong><span class=\"ux-textspans\">Wz\u00f3r: <\/span><\/strong>Ohne Muster<\/div>\n<\/div>\n<\/div>\n<div class=\"ux-labels-values__labels\">\n<div class=\"ux-labels-values__labels-content\"><strong><span class=\"ux-textspans\">Produktart: <\/span><\/strong>Mantel<\/div>\n<\/div>\n<\/div>\n<div class=\"ux-layout-section__row\">\n<div class=\"ux-labels-values__labels\">\n<div class=\"ux-labels-values__labels-content\"><strong><span class=\"ux-textspans\">Stil: <\/span><\/strong>Mantel<\/div>\n<\/div>\n<div class=\"ux-labels-values__labels\">\n<div class=\"ux-labels-values__labels-content\"><strong><span class=\"ux-textspans\">Thema: <\/span><\/strong>Designer<\/div>\n<\/div>\n<\/div>\n<div class=\"ux-layout-section__row\">\n<div class=\"ux-labels-values__labels\">\n<div class=\"ux-labels-values__labels-content\"><strong><span class=\"ux-textspans\">Verschluss: <\/span><\/strong>Zamek b\u0142yskawiczny<\/div>\n<\/div>\n<div class=\"ux-labels-values__labels\">\n<div class=\"ux-labels-values__labels-content\">\n<div><strong><span class=\"ux-textspans\">Vintage: <\/span><\/strong>Nein<\/div>\n<\/div>\n<\/div>\n<\/div>\n<div class=\"ux-layout-section__row\">\n<div class=\"ux-labels-values__labels\">\n<div class=\"ux-labels-values__labels-content\"><\/div>\n<\/div>\n<div class=\"ux-labels-values__labels\">\n<div class=\"ux-labels-values__labels-content\"><\/div>\n<\/div>\n<\/div>\n<div class=\"ux-layout-section__row\">\n<div class=\"ux-labels-values__labels\">\n<div class=\"ux-labels-values__labels-content\"><\/div>\n<\/div>\n<\/div>\n<div class=\"ux-layout-section__row\">\n<div class=\"ux-labels-values__labels\">\n<div class=\"ux-labels-values__labels-content\"><\/div>\n<\/div>\n<\/div>\n<div class=\"ux-layout-section__row\">\n<div class=\"ux-labels-values__labels\">\n<div class=\"ux-labels-values__labels-content\"><\/div>\n<\/div>\n<\/div>","protected":false},"featured_media":77066,"comment_status":"open","ping_status":"closed","template":"","meta":{"_seopress_robots_primary_cat":"","_seopress_titles_title":"","_seopress_titles_desc":"","_seopress_robots_index":""},"product_brand":[],"product_cat":[1348,1354,1355,1356],"product_tag":[],"class_list":{"0":"post-77008","1":"product","2":"type-product","3":"status-publish","4":"has-post-thumbnail","6":"product_cat-damen-mode","7":"product_cat-jacken-maentel","8":"product_cat-maentel","9":"product_cat-wintermaentel","10":"product_shipping_class-standard-versand","12":"first","13":"instock","14":"sale","15":"taxable","16":"shipping-taxable","17":"purchasable","18":"product-type-simple"},"_links":{"self":[{"href":"https:\/\/www.soanam.de\/pl\/wp-json\/wp\/v2\/product\/77008","targetHints":{"allow":["GET"]}}],"collection":[{"href":"https:\/\/www.soanam.de\/pl\/wp-json\/wp\/v2\/product"}],"about":[{"href":"https:\/\/www.soanam.de\/pl\/wp-json\/wp\/v2\/types\/product"}],"replies":[{"embeddable":true,"href":"https:\/\/www.soanam.de\/pl\/wp-json\/wp\/v2\/comments?post=77008"}],"wp:featuredmedia":[{"embeddable":true,"href":"https:\/\/www.soanam.de\/pl\/wp-json\/wp\/v2\/media\/77066"}],"wp:attachment":[{"href":"https:\/\/www.soanam.de\/pl\/wp-json\/wp\/v2\/media?parent=77008"}],"wp:term":[{"taxonomy":"product_brand","embeddable":true,"href":"https:\/\/www.soanam.de\/pl\/wp-json\/wp\/v2\/product_brand?post=77008"},{"taxonomy":"product_cat","embeddable":true,"href":"https:\/\/www.soanam.de\/pl\/wp-json\/wp\/v2\/product_cat?post=77008"},{"taxonomy":"product_tag","embeddable":true,"href":"https:\/\/www.soanam.de\/pl\/wp-json\/wp\/v2\/product_tag?post=77008"}],"curies":[{"name":"wp","href":"https:\/\/api.w.org\/{rel}","templated":true}]}}