{"id":77005,"date":"2023-12-13T20:32:09","date_gmt":"2023-12-13T19:32:09","guid":{"rendered":"https:\/\/www.soanam.de\/?post_type=product&#038;p=77005"},"modified":"2023-12-13T20:33:47","modified_gmt":"2023-12-13T19:33:47","slug":"sheego-slim-stretch-jeans-w-stylu-5-pocket-blue-black-denim-rozmiar-46","status":"publish","type":"product","link":"https:\/\/www.soanam.de\/pl\/produkt\/sheego-schmale-stretch-jeans-im-5-pocket-stil-blue-black-denim-groesse-46\/","title":{"rendered":"sheego slim fit jeansy stretch z 5 kieszeniami, niebiesko-czarny denim, rozmiar 46"},"content":{"rendered":"<p>Slim fit od sheego to para jeans\u00f3w z 5 kieszeniami, kt\u00f3re sprawi\u0105, \u017ce b\u0119dziesz wygl\u0105da\u0107 dobrze w ka\u017cdej sytuacji.<\/p>\n<p>Na tylnych kieszeniach znajduje si\u0119 ozdobny, subtelny haft.<br \/>\nSmuk\u0142y kr\u00f3j tworzy proporcje. Jest idealny dla ka\u017cdego typu sylwetki.<br \/>\nTe d\u017cinsy zachwycaj\u0105 elastycznym, elastycznym materia\u0142em, dzi\u0119ki czemu s\u0105 bardzo wygodne w noszeniu.<\/p>\n<p>Kszta\u0142t z 5 kieszeniami<br \/>\nCzysty wygl\u0105d<br \/>\nZ haftem na tylnych kieszeniach<br \/>\nW\u0105ski kr\u00f3j nogawki<br \/>\nRozci\u0105gliwa i elastyczna jako\u015b\u0107<\/p>\n<p>Materia\u0142: bawe\u0142na 71%, poliester 27%, elastan 2%<br \/>\nWskaz\u00f3wki dotycz\u0105ce piel\u0119gnacji: Mo\u017cna pra\u0107 w pralce w temperaturze 40\u00b0<\/p>\n<p>Rozmiar talii: 88 cm<br \/>\nObw\u00f3d bioder: 108 cm<br \/>\nD\u0142ugo\u015b\u0107 kroku: 79 cm<br \/>\nCa\u0142kowita d\u0142ugo\u015b\u0107: 109 cm<\/p>","protected":false},"excerpt":{"rendered":"<p>Styl: sportowy<br \/>\nWaschung: Dark Denim<br \/>\nBeinform: schmal<br \/>\nLeibh\u00f6he: regul\u00e4r<br \/>\nL\u00e4ngetyp: lang<br \/>\nAnlass: Freizeitmode<\/p>","protected":false},"featured_media":77049,"comment_status":"open","ping_status":"closed","template":"","meta":{"_seopress_robots_primary_cat":"","_seopress_titles_title":"","_seopress_titles_desc":"","_seopress_robots_index":""},"product_brand":[],"product_cat":[1348,1349,1350],"product_tag":[],"class_list":{"0":"post-77005","1":"product","2":"type-product","3":"status-publish","4":"has-post-thumbnail","6":"product_cat-damen-mode","7":"product_cat-hosen-damen-mode","8":"product_cat-jeans-hosen-damen-mode","9":"product_shipping_class-standard-versand","11":"first","12":"instock","13":"sale","14":"taxable","15":"shipping-taxable","16":"purchasable","17":"product-type-simple"},"_links":{"self":[{"href":"https:\/\/www.soanam.de\/pl\/wp-json\/wp\/v2\/product\/77005","targetHints":{"allow":["GET"]}}],"collection":[{"href":"https:\/\/www.soanam.de\/pl\/wp-json\/wp\/v2\/product"}],"about":[{"href":"https:\/\/www.soanam.de\/pl\/wp-json\/wp\/v2\/types\/product"}],"replies":[{"embeddable":true,"href":"https:\/\/www.soanam.de\/pl\/wp-json\/wp\/v2\/comments?post=77005"}],"wp:featuredmedia":[{"embeddable":true,"href":"https:\/\/www.soanam.de\/pl\/wp-json\/wp\/v2\/media\/77049"}],"wp:attachment":[{"href":"https:\/\/www.soanam.de\/pl\/wp-json\/wp\/v2\/media?parent=77005"}],"wp:term":[{"taxonomy":"product_brand","embeddable":true,"href":"https:\/\/www.soanam.de\/pl\/wp-json\/wp\/v2\/product_brand?post=77005"},{"taxonomy":"product_cat","embeddable":true,"href":"https:\/\/www.soanam.de\/pl\/wp-json\/wp\/v2\/product_cat?post=77005"},{"taxonomy":"product_tag","embeddable":true,"href":"https:\/\/www.soanam.de\/pl\/wp-json\/wp\/v2\/product_tag?post=77005"}],"curies":[{"name":"wp","href":"https:\/\/api.w.org\/{rel}","templated":true}]}}