{"id":77004,"date":"2023-12-13T20:32:09","date_gmt":"2023-12-13T19:32:09","guid":{"rendered":"https:\/\/www.soanam.de\/?post_type=product&#038;p=77004"},"modified":"2023-12-13T20:33:42","modified_gmt":"2023-12-13T19:33:42","slug":"name-it-nittrap-jeansy-dla-chlopcow-skinny-fit-w-kolorze-czarnym-uzywany-rozmiar-116","status":"publish","type":"product","link":"https:\/\/www.soanam.de\/pl\/produkt\/name-it-nittrap-jeans-fuer-jungen-skinny-fit-in-black-used-groesse-116\/","title":{"rendered":"Name it NITTRAP - Jeansy dla ch\u0142opc\u00f3w, skinny fit, w kolorze czarnym, rozmiar 116"},"content":{"rendered":"<p>Rozci\u0105gliwe d\u017cinsy skinny fit NITTRAP dla ch\u0142opc\u00f3w marki NAME IT maj\u0105 modne przetarcia i wygl\u0105daj\u0105 na u\u017cywane. Elastyczny pas po wewn\u0119trznej stronie umo\u017cliwia indywidualne dopasowanie szeroko\u015bci.<\/p>\n<p>Kr\u00f3j: Skinny fit<br \/>\nWysoko\u015b\u0107 talii: normalna<br \/>\nD\u0142ugo\u015b\u0107: do kostek<br \/>\nZapi\u0119cie: na rzep i zamek b\u0142yskawiczny<br \/>\nStyl: styl z pi\u0119cioma kieszeniami<br \/>\nKieszenie w spodniach: Kieszenie tylne, kieszenie boczne<br \/>\nKszta\u0142t nogawki: zw\u0119\u017cana, w\u0105ska nogawka w kierunku do\u0142u<\/p>\n<p>Materia\u0142: bawe\u0142na 83%, poliester 16%, elastan 1%<br \/>\nWskaz\u00f3wki dotycz\u0105ce piel\u0119gnacji: Mo\u017cna pra\u0107 w pralce w temperaturze 30\u00b0, wewn\u0119trzn\u0105 stron\u0105 na zewn\u0105trz<\/p>\n<p>Rozmiar talii: 53 cm<br \/>\nObw\u00f3d bioder: 58 cm<br \/>\nD\u0142ugo\u015b\u0107 stopnia: 49 cm<br \/>\nCa\u0142kowita d\u0142ugo\u015b\u0107: 66,5 cm<\/p>","protected":false},"excerpt":{"rendered":"<p>Kr\u00f3j: Skinny fit<br \/>\nWysoko\u015b\u0107 talii: normalna<br \/>\nD\u0142ugo\u015b\u0107: do kostek<br \/>\nZapi\u0119cie: na rzep i zamek b\u0142yskawiczny<br \/>\nStyl: styl z pi\u0119cioma kieszeniami<br \/>\nKieszenie w spodniach: Kieszenie tylne, kieszenie boczne<br \/>\nKszta\u0142t nogawki: zw\u0119\u017cana, w\u0105ska nogawka w kierunku do\u0142u<\/p>","protected":false},"featured_media":77046,"comment_status":"open","ping_status":"closed","template":"","meta":{"_seopress_robots_primary_cat":"","_seopress_titles_title":"","_seopress_titles_desc":"","_seopress_robots_index":""},"product_brand":[],"product_cat":[1351,1352,1353],"product_tag":[],"class_list":{"0":"post-77004","1":"product","2":"type-product","3":"status-publish","4":"has-post-thumbnail","6":"product_cat-kindermode","7":"product_cat-hosen-kindermode","8":"product_cat-jeans-hosen-kindermode","9":"product_shipping_class-standard-versand","11":"first","12":"instock","13":"sale","14":"taxable","15":"shipping-taxable","16":"purchasable","17":"product-type-simple"},"_links":{"self":[{"href":"https:\/\/www.soanam.de\/pl\/wp-json\/wp\/v2\/product\/77004","targetHints":{"allow":["GET"]}}],"collection":[{"href":"https:\/\/www.soanam.de\/pl\/wp-json\/wp\/v2\/product"}],"about":[{"href":"https:\/\/www.soanam.de\/pl\/wp-json\/wp\/v2\/types\/product"}],"replies":[{"embeddable":true,"href":"https:\/\/www.soanam.de\/pl\/wp-json\/wp\/v2\/comments?post=77004"}],"wp:featuredmedia":[{"embeddable":true,"href":"https:\/\/www.soanam.de\/pl\/wp-json\/wp\/v2\/media\/77046"}],"wp:attachment":[{"href":"https:\/\/www.soanam.de\/pl\/wp-json\/wp\/v2\/media?parent=77004"}],"wp:term":[{"taxonomy":"product_brand","embeddable":true,"href":"https:\/\/www.soanam.de\/pl\/wp-json\/wp\/v2\/product_brand?post=77004"},{"taxonomy":"product_cat","embeddable":true,"href":"https:\/\/www.soanam.de\/pl\/wp-json\/wp\/v2\/product_cat?post=77004"},{"taxonomy":"product_tag","embeddable":true,"href":"https:\/\/www.soanam.de\/pl\/wp-json\/wp\/v2\/product_tag?post=77004"}],"curies":[{"name":"wp","href":"https:\/\/api.w.org\/{rel}","templated":true}]}}