{"id":6846,"date":"2023-12-03T02:30:52","date_gmt":"2023-12-03T01:30:52","guid":{"rendered":"https:\/\/www.soanam.de\/versandarten\/"},"modified":"2023-12-03T17:52:49","modified_gmt":"2023-12-03T16:52:49","slug":"metody-wysylki","status":"publish","type":"page","link":"https:\/\/www.soanam.de\/pl\/versandarten\/","title":{"rendered":"Metody wysy\u0142ki"},"content":{"rendered":"<p>Wysy\u0142amy na ca\u0142y \u015bwiat - kupuj bez ryzyka!<\/p>\n<h2>Koszty wysy\u0142ki:<\/h2>\n<p>Koszty wysy\u0142ki r\u00f3\u017cni\u0105 si\u0119 w zale\u017cno\u015bci od produktu.<\/p>\n<p>Mo\u017cesz wybra\u0107 pomi\u0119dzy wysy\u0142k\u0105 nieubezpieczon\u0105 (nie ponosimy odpowiedzialno\u015bci za wysy\u0142k\u0119 nieubezpieczon\u0105) i ubezpieczon\u0105 (zostanie wys\u0142ana przesy\u0142k\u0105 Hermes).<\/p>\n<p>Koszty wysy\u0142ki wynosz\u0105 od 1,00 do 6,90 EUR.<\/p>\n<p>Koszty wysy\u0142ki za dodatkowy przedmiot, np. w przypadku zam\u00f3wie\u0144 mieszanych, wynosz\u0105 0,50 EUR.<\/p>\n<p>Wysy\u0142ka jest realizowana przez nast\u0119puj\u0105ce firmy spedycyjne:<\/p>\n<ul>\n<li>German Post ( http:\/\/www.deutschepost.de )<\/li>\n<li>DPD (German Parcel Service); ( http:\/\/www.dpd.de )<\/li>\n<li>DHL (Deutsche Post World Net) ( http:\/\/www.dhl.de )<\/li>\n<li>PIN AG ( http:\/\/www.pin-ag.de )<\/li>\n<li>Us\u0142ugi kurierskie Hermes ( http:\/\/www.hermespaketshop.de )<\/li>\n<\/ul>\n<p>Istnieje mo\u017cliwo\u015b\u0107 samodzielnego odbioru towaru za po\u015brednictwem telefonu lub poczty elektronicznej.<\/p>","protected":false},"excerpt":{"rendered":"<p>Wir versenden Weltweit \u2013 Kaufen ohne Risiko! Versandkosten: Die Versandkosten sind von Artikel zu Artikel unterschiedlich. Sie k\u00f6nnen zwischen unversichertem ( Bei unversichertem Versand \u00fcbernehmen wir keine Haftung.) und versichertem Versand ( wird mit dem Hermes Versand verschickt ) w\u00e4hlen. Die Versandkosten bewegen sich zwischen 1,00 \u2013 6,90 EUR. Versandgeb\u00fchren pro weiterem Artikel z.B. bei [&hellip;]<\/p>\n","protected":false},"author":1,"featured_media":0,"parent":0,"menu_order":0,"comment_status":"closed","ping_status":"closed","template":"","meta":{"_seopress_robots_primary_cat":"","_seopress_titles_title":"","_seopress_titles_desc":"","_seopress_robots_index":"","footnotes":""},"class_list":["post-6846","page","type-page","status-publish","hentry"],"_links":{"self":[{"href":"https:\/\/www.soanam.de\/pl\/wp-json\/wp\/v2\/pages\/6846","targetHints":{"allow":["GET"]}}],"collection":[{"href":"https:\/\/www.soanam.de\/pl\/wp-json\/wp\/v2\/pages"}],"about":[{"href":"https:\/\/www.soanam.de\/pl\/wp-json\/wp\/v2\/types\/page"}],"author":[{"embeddable":true,"href":"https:\/\/www.soanam.de\/pl\/wp-json\/wp\/v2\/users\/1"}],"replies":[{"embeddable":true,"href":"https:\/\/www.soanam.de\/pl\/wp-json\/wp\/v2\/comments?post=6846"}],"version-history":[{"count":0,"href":"https:\/\/www.soanam.de\/pl\/wp-json\/wp\/v2\/pages\/6846\/revisions"}],"wp:attachment":[{"href":"https:\/\/www.soanam.de\/pl\/wp-json\/wp\/v2\/media?parent=6846"}],"curies":[{"name":"wp","href":"https:\/\/api.w.org\/{rel}","templated":true}]}}