{"id":6845,"date":"2023-12-03T02:30:52","date_gmt":"2023-12-03T01:30:52","guid":{"rendered":"https:\/\/www.soanam.de\/widerrufsbelehrung\/"},"modified":"2024-08-21T16:42:42","modified_gmt":"2024-08-21T14:42:42","slug":"polityka-anulowania","status":"publish","type":"page","link":"https:\/\/www.soanam.de\/pl\/widerrufsbelehrung\/","title":{"rendered":"Polityka anulowania"},"content":{"rendered":"<h3>Prawo konsument\u00f3w do odst\u0105pienia od umowy<\/h3>\n<p>(Konsumentem jest ka\u017cda osoba fizyczna, kt\u00f3ra dokonuje czynno\u015bci prawnej w celach, kt\u00f3re w przewa\u017caj\u0105cej mierze nie s\u0105 zwi\u0105zane z jej dzia\u0142alno\u015bci\u0105 handlow\u0105, gospodarcz\u0105 lub zawodow\u0105).<\/p>\n<h1>Polityka anulowania<\/h1>\n<h3>Prawo do anulowania<\/h3>\n<p>U\u017cytkownik ma prawo do odst\u0105pienia od umowy w ci\u0105gu czternastu dni bez podania przyczyny.<\/p>\n<p>Okres anulowania wynosi czterna\u015bcie dni od daty,<\/p>\n<ul>\n<li>w kt\u00f3rym u\u017cytkownik lub osoba trzecia wskazana przez u\u017cytkownika, kt\u00f3ra nie jest przewo\u017anikiem, wesz\u0142a lub wesz\u0142a w posiadanie towar\u00f3w, pod warunkiem \u017ce u\u017cytkownik zam\u00f3wi\u0142 jeden lub wi\u0119cej towar\u00f3w w ramach jednego zam\u00f3wienia i s\u0105 one lub b\u0119d\u0105 dostarczane w spos\u00f3b jednolity, lub<\/li>\n<li>w kt\u00f3rym u\u017cytkownik lub wskazana przez niego osoba trzecia, kt\u00f3ra nie jest przewo\u017anikiem, wesz\u0142a w posiadanie ostatnich towar\u00f3w, pod warunkiem \u017ce u\u017cytkownik zam\u00f3wi\u0142 kilka towar\u00f3w w ramach jednego zam\u00f3wienia i s\u0105 one dostarczane oddzielnie, lub<\/li>\n<li>w kt\u00f3rym u\u017cytkownik lub wskazana przez niego osoba trzecia, kt\u00f3ra nie jest przewo\u017anikiem, wesz\u0142a w posiadanie ostatniej cz\u0119\u015bciowej przesy\u0142ki lub ostatniej sztuki, je\u017celi u\u017cytkownik zam\u00f3wi\u0142 towary dostarczane w kilku cz\u0119\u015bciowych przesy\u0142kach lub sztukach, lub<\/li>\n<li>w kt\u00f3rym u\u017cytkownik lub wskazana przez niego osoba trzecia, kt\u00f3ra nie jest przewo\u017anikiem, wesz\u0142a w posiadanie pierwszego towaru, pod warunkiem \u017ce u\u017cytkownik zawar\u0142 umow\u0119 o regularn\u0105 dostaw\u0119 towar\u00f3w przez okre\u015blony czas.<\/li>\n<\/ul>\n<p>Aby skorzysta\u0107 z prawa do odst\u0105pienia od umowy, nale\u017cy poinformowa\u0107 nas (Uttam's GbR, Sachsenhausener Str. 23a, OG - B\u00fcro 2006, 16515 Brandenburg - Oranienburg, Deutschland, Telefonnummer: +49 (0) 3301 2086393, E-Mail-Adresse: info@soanam.de) o swojej decyzji o odst\u0105pieniu od niniejszej umowy w drodze jednoznacznego o\u015bwiadczenia (np. pismo wys\u0142ane poczt\u0105, e-mail). Mo\u017cna skorzysta\u0107 z za\u0142\u0105czonego przyk\u0142adowego formularza odst\u0105pienia od umowy, ale nie jest to obowi\u0105zkowe. Mo\u017cna r\u00f3wnie\u017c wype\u0142ni\u0107 i przes\u0142a\u0107 drog\u0105 elektroniczn\u0105 wz\u00f3r formularza odst\u0105pienia od umowy lub inne jednoznaczne o\u015bwiadczenie na naszej stronie internetowej https:\/\/www.soanam.de\/widerrufsbelehrung\/. Je\u015bli skorzystasz z tej opcji, niezw\u0142ocznie prze\u015blemy Ci potwierdzenie otrzymania takiej rezygnacji (np. poczt\u0105 elektroniczn\u0105).<\/p>\n<p>Aby dotrzyma\u0107 terminu odst\u0105pienia od umowy, wystarczy wys\u0142a\u0107 powiadomienie o skorzystaniu z prawa do odst\u0105pienia od umowy przed up\u0142ywem terminu odst\u0105pienia od umowy.<\/p>\n<h3>Konsekwencje anulowania<\/h3>\n<p>W przypadku odst\u0105pienia przez u\u017cytkownika od niniejszej umowy, zwr\u00f3cimy mu wszystkie otrzymane od niego p\u0142atno\u015bci, w tym koszty dostawy (z wyj\u0105tkiem dodatkowych koszt\u00f3w wynikaj\u0105cych z wyboru przez u\u017cytkownika innego rodzaju dostawy ni\u017c najta\u0144szy oferowany przez nas rodzaj dostawy standardowej), bez zb\u0119dnej zw\u0142oki, a w ka\u017cdym razie nie p\u00f3\u017aniej ni\u017c 14 dni od dnia, w kt\u00f3rym zostali\u015bmy poinformowani o decyzji u\u017cytkownika o odst\u0105pieniu od niniejszej umowy. W celu dokonania zwrotu u\u017cyjemy tych samych \u015brodk\u00f3w p\u0142atno\u015bci, kt\u00f3rych u\u017cy\u0142e\u015b w pierwotnej transakcji, chyba \u017ce wyra\u017anie uzgodniono inaczej; w \u017cadnym wypadku nie zostaniesz obci\u0105\u017cony \u017cadnymi op\u0142atami za ten zwrot.<\/p>\n<p>Mo\u017cemy odm\u00f3wi\u0107 zwrotu pieni\u0119dzy do czasu otrzymania towar\u00f3w z powrotem lub do czasu dostarczenia przez u\u017cytkownika dowodu, \u017ce zwr\u00f3ci\u0142 towary, w zale\u017cno\u015bci od tego, co nast\u0105pi wcze\u015bniej.<\/p>\n<p>U\u017cytkownik musi zwr\u00f3ci\u0107 lub przekaza\u0107 nam towary niezw\u0142ocznie, a w ka\u017cdym razie nie p\u00f3\u017aniej ni\u017c w ci\u0105gu czternastu dni od dnia, w kt\u00f3rym poinformowa\u0142 nas o odst\u0105pieniu od niniejszej umowy. Termin jest zachowany, je\u015bli towary zostan\u0105 wys\u0142ane przed up\u0142ywem czternastu dni.<\/p>\n<p>U\u017cytkownik ponosi bezpo\u015brednie koszty zwrotu towar\u00f3w.<\/p>\n<p>U\u017cytkownik musi zap\u0142aci\u0107 za utrat\u0119 warto\u015bci towar\u00f3w tylko wtedy, gdy utrata warto\u015bci wynika z obchodzenia si\u0119 z towarami, kt\u00f3re nie jest konieczne do sprawdzenia ich stanu, w\u0142a\u015bciwo\u015bci i funkcjonalno\u015bci.<\/p>\n<h2>Przyk\u0142adowy formularz anulowania<\/h2>\n<p>(Je\u015bli chcesz anulowa\u0107 umow\u0119, wype\u0142nij i ode\u015blij ten formularz).<\/p>\n<p>- Do<\/p>\n<p>Uttam's GbR, Sachsenhausener Str. 23a, OG - Office 2006, 16515 Brandenburg - Oranienburg, Niemcy, numer telefonu: +49 (0) 3301 2086393, adres e-mail: info@soanam.de.<\/p>\n<p>- Ja\/My (*) niniejszym odst\u0119puj\u0119\/odst\u0119pujemy (*) od zawartej przeze mnie\/nas (*) umowy zakupu nast\u0119puj\u0105cych towar\u00f3w (*)\/\u015bwiadczenia nast\u0119puj\u0105cej us\u0142ugi (*)<\/p>\n<p>- Zam\u00f3wione w dniu (*)\/otrzymane w dniu (*)<\/p>\n<p>- Imi\u0119 i nazwisko konsumenta(-\u00f3w)<\/p>\n<p>- Adres konsumenta(-\u00f3w)<\/p>\n<p>- Podpis konsumenta(-\u00f3w) (tylko w przypadku powiadomienia na papierze)<\/p>\n<p>- data<\/p>\n<p>___________<br \/>\n(*) Niepotrzebne skre\u015bli\u0107.<\/p>","protected":false},"excerpt":{"rendered":"<p>Widerrufsrecht f\u00fcr Verbraucher (Verbraucher ist jede nat\u00fcrliche Person, die ein Rechtsgesch\u00e4ft zu Zwecken abschlie\u00dft, die \u00fcberwiegend weder ihrer gewerblichen noch ihrer selbstst\u00e4ndigen beruflichen T\u00e4tigkeit zugerechnet werden kann.) Widerrufsbelehrung Widerrufsrecht Sie haben das Recht, binnen vierzehn Tagen ohne Angabe von Gr\u00fcnden diesen Vertrag zu widerrufen. Die Widerrufsfrist betr\u00e4gt vierzehn Tage ab dem Tag, an dem Sie [&hellip;]<\/p>\n","protected":false},"author":1,"featured_media":0,"parent":0,"menu_order":0,"comment_status":"closed","ping_status":"closed","template":"","meta":{"_seopress_robots_primary_cat":"","_seopress_titles_title":"","_seopress_titles_desc":"","_seopress_robots_index":"","footnotes":""},"class_list":["post-6845","page","type-page","status-publish","hentry"],"_links":{"self":[{"href":"https:\/\/www.soanam.de\/pl\/wp-json\/wp\/v2\/pages\/6845","targetHints":{"allow":["GET"]}}],"collection":[{"href":"https:\/\/www.soanam.de\/pl\/wp-json\/wp\/v2\/pages"}],"about":[{"href":"https:\/\/www.soanam.de\/pl\/wp-json\/wp\/v2\/types\/page"}],"author":[{"embeddable":true,"href":"https:\/\/www.soanam.de\/pl\/wp-json\/wp\/v2\/users\/1"}],"replies":[{"embeddable":true,"href":"https:\/\/www.soanam.de\/pl\/wp-json\/wp\/v2\/comments?post=6845"}],"version-history":[{"count":0,"href":"https:\/\/www.soanam.de\/pl\/wp-json\/wp\/v2\/pages\/6845\/revisions"}],"wp:attachment":[{"href":"https:\/\/www.soanam.de\/pl\/wp-json\/wp\/v2\/media?parent=6845"}],"curies":[{"name":"wp","href":"https:\/\/api.w.org\/{rel}","templated":true}]}}