{"id":83839,"date":"2023-12-17T23:17:21","date_gmt":"2023-12-17T22:17:21","guid":{"rendered":"https:\/\/www.soanam.de\/?post_type=product&#038;p=83839"},"modified":"2023-12-17T23:20:18","modified_gmt":"2023-12-17T22:20:18","slug":"yazubi-herren-chino-hose-modell-kyle-im-slim-fit-gr-w38xl34-in-taupe","status":"publish","type":"product","link":"https:\/\/www.soanam.de\/nl\/produkt\/yazubi-herren-chino-hose-modell-kyle-im-slim-fit-gr-w38xl34-in-taupe\/","title":{"rendered":"Yazubi Herren Chino Hose - Modell Kyle im Slim fit, Gr. W38xL34, in Taupe"},"content":{"rendered":"<p>Yazubi Chinohose<br \/>\nKomfortable Stretch-Trageeigenschaften<br \/>\nSlim-fit<br \/>\nSchlankes Bein, normale Leibh\u00f6he<\/p>\n<p>Die Yazubi Chinohose f\u00fcr Herren ist eine klassische Chino - komfortabel und praktisch, eine Hose f\u00fcr jeden Tag..<br \/>\nSie \u00fcberzeugt in bequemer Slim-fit-Form, das hei\u00dft mit schlankem Bein und normaler Leibh\u00f6he.<\/p>\n<p>Materiaal: 98% katoen, 2% elastaan<br \/>\nOnderhoudsinstructies: Machinewas<\/p>\n<p>Farbe: Taupe<br \/>\nPatroon: zonder<br \/>\nGr\u00f6\u00dfe: W38 x L34<\/p>\n<p>&nbsp;<\/p>\n<p>Dit nieuwe artikel is een retourzending van een klant zonder label.<\/p>","protected":false},"excerpt":{"rendered":"<table class=\"dv_characteristicsTable\">\n<tbody>\n<tr>\n<td class=\"left\">Maat<\/td>\n<td>38<\/td>\n<\/tr>\n<tr>\n<td class=\"left\">Hosenl\u00e4nge<\/td>\n<td>34<\/td>\n<\/tr>\n<tr>\n<td class=\"left\">Materiaalsamenstelling<\/td>\n<td>Obermaterial: 98% Baumwolle, 2% Elasthan<\/td>\n<\/tr>\n<tr>\n<td class=\"left\">Materialart<\/td>\n<td>Modal<\/td>\n<\/tr>\n<tr>\n<td class=\"left\">Materialeigenschaften<\/td>\n<td>elastisch<\/td>\n<\/tr>\n<tr>\n<td class=\"left\">Onderhoudsinstructies<\/td>\n<td>Machinewas<\/td>\n<\/tr>\n<tr>\n<td class=\"left\">Stil<\/td>\n<td>casual<\/td>\n<\/tr>\n<tr>\n<td class=\"left\">Kleur<\/td>\n<td>Taupe<\/td>\n<\/tr>\n<tr>\n<td class=\"left\">Leibh\u00f6he<\/td>\n<td>normal<\/td>\n<\/tr>\n<tr>\n<td class=\"left\">Beinform<\/td>\n<td>schmal<\/td>\n<\/tr>\n<tr>\n<td class=\"left\">Pas<\/td>\n<td>normal<\/td>\n<\/tr>\n<tr>\n<td class=\"left\">Schnittform L\u00e4nge<\/td>\n<td>lang<\/td>\n<\/tr>\n<tr>\n<td class=\"left\">G\u00fcrtelschlaufen<\/td>\n<td>ja<\/td>\n<\/tr>\n<tr>\n<td class=\"left\">Applikationen<\/td>\n<td>Markenlabel<\/td>\n<\/tr>\n<tr>\n<td class=\"left\">Tassen<\/td>\n<td>Eingrifftaschen, r\u00fcckseitige Tasche<\/td>\n<\/tr>\n<tr>\n<td class=\"left\">Verschluss<\/td>\n<td>Ritssluiting<\/td>\n<\/tr>\n<\/tbody>\n<\/table>","protected":false},"featured_media":83876,"comment_status":"open","ping_status":"closed","template":"","meta":{"_seopress_robots_primary_cat":"","_seopress_titles_title":"","_seopress_titles_desc":"","_seopress_robots_index":""},"product_brand":[],"product_cat":[1345,1346,1464],"product_tag":[],"class_list":{"0":"post-83839","1":"product","2":"type-product","3":"status-publish","4":"has-post-thumbnail","6":"product_cat-herrenmode","7":"product_cat-hosen","8":"product_cat-chinohosen","9":"product_shipping_class-standard-versand","11":"first","12":"instock","13":"sale","14":"taxable","15":"shipping-taxable","16":"purchasable","17":"product-type-simple"},"_links":{"self":[{"href":"https:\/\/www.soanam.de\/nl\/wp-json\/wp\/v2\/product\/83839","targetHints":{"allow":["GET"]}}],"collection":[{"href":"https:\/\/www.soanam.de\/nl\/wp-json\/wp\/v2\/product"}],"about":[{"href":"https:\/\/www.soanam.de\/nl\/wp-json\/wp\/v2\/types\/product"}],"replies":[{"embeddable":true,"href":"https:\/\/www.soanam.de\/nl\/wp-json\/wp\/v2\/comments?post=83839"}],"wp:featuredmedia":[{"embeddable":true,"href":"https:\/\/www.soanam.de\/nl\/wp-json\/wp\/v2\/media\/83876"}],"wp:attachment":[{"href":"https:\/\/www.soanam.de\/nl\/wp-json\/wp\/v2\/media?parent=83839"}],"wp:term":[{"taxonomy":"product_brand","embeddable":true,"href":"https:\/\/www.soanam.de\/nl\/wp-json\/wp\/v2\/product_brand?post=83839"},{"taxonomy":"product_cat","embeddable":true,"href":"https:\/\/www.soanam.de\/nl\/wp-json\/wp\/v2\/product_cat?post=83839"},{"taxonomy":"product_tag","embeddable":true,"href":"https:\/\/www.soanam.de\/nl\/wp-json\/wp\/v2\/product_tag?post=83839"}],"curies":[{"name":"wp","href":"https:\/\/api.w.org\/{rel}","templated":true}]}}