{"id":83805,"date":"2023-12-17T02:49:29","date_gmt":"2023-12-17T01:49:29","guid":{"rendered":"https:\/\/www.soanam.de\/?post_type=product&#038;p=83805"},"modified":"2023-12-17T02:51:19","modified_gmt":"2023-12-17T01:51:19","slug":"alibia-lijm-bestellen-africa-700-e-shisha-to-go-2ml-20mg-ml","status":"publish","type":"product","link":"https:\/\/www.soanam.de\/nl\/produkt\/alibia-haftbefehl-africa-700-e-shisha-to-go-2ml-20mg-ml\/","title":{"rendered":"alibia Haftbefehl AFRICA 700, E-Shisha To Go, 2ml, 20mg\/ml"},"content":{"rendered":"<div>\n<p><span style=\"color: #525252;\"><span style=\"font-family: Times New Roman, serif;\">Dieses Ger\u00e4t ist perfekt f\u00fcr alle, die vom traditionellen Zigarettenrauchen auf das dampfen umsteigen m\u00f6chten. Es wurde entwickelt, um den \u00dcbergang so einfach und angenehm wie m\u00f6glich zu gestalten.<\/span><\/span><\/p>\n<p><span style=\"color: #525252;\"><span style=\"font-family: Times New Roman, serif;\">Die\u00a0Vapes bieten eine bequeme und schmackhafte\u00a0<strong>Alternative zum Rauchen\u00a0<\/strong>und sind f\u00fcr jeden geeignet, die sich das Rauchen abgew\u00f6hnen m\u00f6chten. Mit einem\u00a0<strong>Nikotingehalt von 2%<\/strong>\u00a0bieten sie das perfekte Gleichgewicht zwischen Geschmack und Wirkung.<\/span><\/span><\/p>\n<p>Die Haftbefehl Africa 700\u00a0\u00a0sind perfekt f\u00fcr jeden, der auch unterwegs nicht auf seine Shisha verzichten will. Durch die optimale Regulierung der Hitze wird das Liquid perfekt verdampft und man kann den vollen Geschmack genie\u00dfen. Die E-Zigarette ben\u00f6tigt keine Wartung und ist ein Einweg-Pod-System.<\/p>\n<p>Wenn Sie an Ihrer E-Zigaretten ziehen, erw\u00e4rmt der Atomiseur die Nikotinfl\u00fcssigkeit im Filter. Dadurch formt sich Dampf, der dem Rauch eine Zigarette gleicht.<\/p>\n<h2>Kenmerken<\/h2>\n<h4 class=\"western\"><span style=\"font-family: Times New Roman, serif;\"><span style=\"font-size: medium;\">Compacte wegwerpset<\/span><\/span><\/h4>\n<h4 class=\"western\"><span style=\"font-family: Times New Roman, serif;\"><span style=\"font-size: medium;\">Beginnersvriendelijk<\/span><\/span><\/h4>\n<h4 class=\"western\"><span style=\"font-family: Times New Roman, serif;\"><span style=\"font-size: medium;\">700 Z\u00fcge pro Riegel<\/span><\/span><\/h4>\n<h4 class=\"western\"><span style=\"font-family: Times New Roman, serif;\"><span style=\"font-size: medium;\">Geactiveerde inhalatie<\/span><\/span><\/h4>\n<h4 class=\"western\"><span style=\"font-family: Times New Roman, serif;\"><span style=\"font-size: medium;\">20mg nic zout<\/span><\/span><\/h4>\n<h4 class=\"western\"><span style=\"font-family: Times New Roman, serif;\"><span style=\"font-size: medium;\">Nikotinst\u00e4rke: 20mg\/ml<\/span><\/span><\/h4>\n<h4 class=\"western\"><span style=\"font-family: Times New Roman, serif;\"><span style=\"font-size: medium;\">Vulvolume: 2,0 ml<\/span><\/span><\/h4>\n<p><strong>Ablaufdatum: 2023<\/strong><\/p>\n<h5>Modell: Africa<\/h5>\n<h5>Geschmacksrichtung: Honigmelone Maracuja Wassermelone<\/h5>\n<div><\/div>\n<\/div>\n<div><\/div>\n<div>Let op: Deze aanbieding is uitsluitend bedoeld voor volwassenen. De Duitse Jeugdbeschermingswet verbiedt de aanbieding en verkoop van dit artikel aan kinderen en jongeren. Een koopcontract wordt alleen gesloten na een succesvolle leeftijdscontrole. Bovendien voert de postbode een controle uit bij het afleveren van het pakket.<\/div>","protected":false},"excerpt":{"rendered":"<p><span style=\"color: #000000;\"><span style=\"font-family: Market Sans, Arial, sans-serif;\"><span style=\"font-size: small;\">Produktart: Einweg-Zigarette<\/span><\/span><\/span><\/p>\n<p align=\"LEFT\"><span style=\"color: #000000;\"><span style=\"font-family: Market Sans, Arial, sans-serif;\"><span style=\"font-size: small;\">Marke: alibia Haftbefehl<\/span><\/span><\/span><\/p>\n<p align=\"LEFT\"><span style=\"color: #000000;\"><span style=\"font-family: Market Sans, Arial, sans-serif;\"><span style=\"font-size: small;\">EAN: 4262373890220<\/span><\/span><\/span><\/p>\n<p align=\"LEFT\"><span style=\"color: #000000;\"><span style=\"font-family: Market Sans, Arial, sans-serif;\"><span style=\"font-size: small;\">Modell: alibia Haftbefehl Africa Einweg E-Zigarette<\/span><\/span><\/span><\/p>\n<p align=\"LEFT\"><span style=\"color: #000000;\"><span style=\"font-family: Market Sans, Arial, sans-serif;\"><span style=\"font-size: small;\">Geschmacksrichtung: Honigmelone Maracuja Wassermelone<\/span><\/span><\/span><\/p>\n<p align=\"LEFT\"><span style=\"color: #000000;\"><span style=\"font-family: Market Sans, Arial, sans-serif;\"><span style=\"font-size: small;\">Bedienung: Elektronisch<\/span><\/span><\/span><\/p>\n<p align=\"LEFT\"><span style=\"color: #000000;\"><span style=\"font-family: Market Sans, Arial, sans-serif;\"><span style=\"font-size: small;\">Akkukapazit\u00e4t: 550 mAh<\/span><\/span><\/span><\/p>\n<p align=\"LEFT\"><span style=\"color: #000000;\"><span style=\"font-family: Market Sans, Arial, sans-serif;\"><span style=\"font-size: small;\">Nikotinst\u00e4rke: 20mg\/ml<\/span><\/span><\/span><\/p>\n<p align=\"LEFT\"><span style=\"color: #000000;\"><span style=\"font-family: Market Sans, Arial, sans-serif;\"><span style=\"font-size: small;\">Gefahrenhinweis: macht abh\u00e4ngig<\/span><\/span><\/span><\/p>","protected":false},"featured_media":83820,"comment_status":"open","ping_status":"closed","template":"","meta":{"_seopress_robots_primary_cat":"","_seopress_titles_title":"","_seopress_titles_desc":"","_seopress_robots_index":""},"product_brand":[],"product_cat":[1713,2626],"product_tag":[],"class_list":{"0":"post-83805","1":"product","2":"type-product","3":"status-publish","4":"has-post-thumbnail","6":"product_cat-genussmittel","7":"product_cat-e-zigaretten","8":"product_shipping_class-standard-versand","10":"first","11":"instock","12":"sale","13":"taxable","14":"shipping-taxable","15":"purchasable","16":"product-type-simple"},"_links":{"self":[{"href":"https:\/\/www.soanam.de\/nl\/wp-json\/wp\/v2\/product\/83805","targetHints":{"allow":["GET"]}}],"collection":[{"href":"https:\/\/www.soanam.de\/nl\/wp-json\/wp\/v2\/product"}],"about":[{"href":"https:\/\/www.soanam.de\/nl\/wp-json\/wp\/v2\/types\/product"}],"replies":[{"embeddable":true,"href":"https:\/\/www.soanam.de\/nl\/wp-json\/wp\/v2\/comments?post=83805"}],"wp:featuredmedia":[{"embeddable":true,"href":"https:\/\/www.soanam.de\/nl\/wp-json\/wp\/v2\/media\/83820"}],"wp:attachment":[{"href":"https:\/\/www.soanam.de\/nl\/wp-json\/wp\/v2\/media?parent=83805"}],"wp:term":[{"taxonomy":"product_brand","embeddable":true,"href":"https:\/\/www.soanam.de\/nl\/wp-json\/wp\/v2\/product_brand?post=83805"},{"taxonomy":"product_cat","embeddable":true,"href":"https:\/\/www.soanam.de\/nl\/wp-json\/wp\/v2\/product_cat?post=83805"},{"taxonomy":"product_tag","embeddable":true,"href":"https:\/\/www.soanam.de\/nl\/wp-json\/wp\/v2\/product_tag?post=83805"}],"curies":[{"name":"wp","href":"https:\/\/api.w.org\/{rel}","templated":true}]}}