{"id":83766,"date":"2023-12-17T02:46:14","date_gmt":"2023-12-17T01:46:14","guid":{"rendered":"https:\/\/www.soanam.de\/?post_type=product&#038;p=83766"},"modified":"2025-11-06T11:18:23","modified_gmt":"2025-11-06T10:18:23","slug":"la-plata-oplosbare-cacao-min-23-uit-spanje-glutenvrij-1000g","status":"publish","type":"product","link":"https:\/\/www.soanam.de\/nl\/produkt\/la-plata-loeslicher-kakao-mind-23-aus-spanien-glutenfrei-1000g\/","title":{"rendered":"La Plata - Oplosbare cacao min. 23%, uit Spanje, glutenvrij, 1000g"},"content":{"rendered":"<p><strong><span style=\"color: #01011b;\"><span style=\"font-family: Arial, sans-serif;\"><i>La Plata L\u00f6slicher Kakao 1000 g (Spanien), glutenfrei<\/i><\/span><\/span><\/strong><\/p>\n<p><em><span style=\"color: #01011b;\"><span style=\"font-family: Arial, sans-serif;\">Instant-Kakaopulver zur Herstellung von Kakao, enth\u00e4lt kein Gluten.\u00a0Es kann von Diabetikern und Menschen, die sich glutenfrei ern\u00e4hren, konsumiert werden. Die unvergleichlichen Vorteile von Kakao liegen im Gehalt einer gro\u00dfen Menge an Flavonoiden, Antioxidantien und Vitaminen, die die Durchblutung des Gehirns anregen, was zur Langlebigkeit beitr\u00e4gt und den K\u00f6rper vor Alterssklerose und Demenz sch\u00fctzt.\u00a0Vielen Wissenschaftlern zufolge enth\u00e4lt Kakao viel mehr Antioxidantien als gr\u00fcner Tee.<\/span><\/span><\/em><\/p>\n<p><em><span style=\"color: #01011b;\"><span style=\"font-family: Arial, sans-serif;\">Kakao ist bekannt f\u00fcr seine F\u00e4higkeit, die Stimmung zu verbessern (dank der Produktion von Serotonin \u2013 dem \u201eGl\u00fcckshormon\u201c) und die Leistungsf\u00e4higkeit zu steigern.\u00a0Au\u00dferdem enth\u00e4lt dieses Getr\u00e4nk eine gro\u00dfe Menge an Vitaminen und Antioxidantien, die unser K\u00f6rper und insbesondere der K\u00f6rper von Kindern ben\u00f6tigt.\u00a0<\/span><\/span><\/em><\/p>\n<p><em><span style=\"color: #01011b;\"><span style=\"font-family: Arial, sans-serif;\">Um ein wunderbares Schokoladengetr\u00e4nk zuzubereiten, l\u00f6sen Sie einfach Kakaopulver in Milch auf.<\/span><\/span><\/em><\/p>\n<p>&nbsp;<\/p>\n<p><span style=\"font-family: Arial, sans-serif;\">N\u00e4hrwertangaben 100 g \/ 100 ml\u00a0<\/span><\/p>\n<p><span style=\"font-family: Arial, sans-serif;\">Energie 1.678 kj \/ 401 kcal<\/span><\/p>\n<p><span style=\"font-family: Arial, sans-serif;\">Fett 2,5 g<\/span><\/p>\n<p><span style=\"font-family: Arial, sans-serif;\">Ges\u00e4ttigte Fetts\u00e4uren 1,6 g<\/span><\/p>\n<p><span style=\"font-family: Arial, sans-serif;\">Kohlenhydrate 88 g<\/span><\/p>\n<p><span style=\"font-family: Arial, sans-serif;\">Zucker 69 g<\/span><\/p>\n<p><span style=\"font-family: Arial, sans-serif;\">Proteine 5,8 g<\/span><\/p>\n<p><span style=\"font-family: Arial, sans-serif;\">Salz 0,03 g<\/span><\/p>","protected":false},"excerpt":{"rendered":"<div>\n<div id=\"viTabs_0_is\" class=\"vim x-about-this-item\" data-viewport=\"{&quot;trackableId&quot;:&quot;01H5WRK8JQHPGP9FYM6C6CY0PK&quot;}\" data-testid=\"x-about-this-item\">\n<div class=\"ux-layout-section-module-evo\" data-testid=\"ux-layout-section-module-evo\">\n<div class=\"ux-layout-section-evo ux-layout-section--features\" data-testid=\"ux-layout-section-evo\">\n<div class=\"ux-layout-section-evo__item ux-layout-section-evo__item--table-view\" data-testid=\"ux-layout-section-evo__item\">\n<div class=\"ux-layout-section-evo__row\">\n<div class=\"ux-layout-section-evo__col\">\n<div class=\"ux-labels-values__labels\">\n<div class=\"ux-labels-values__labels-content\">\n<div><span class=\"ux-textspans\">Produkt: <\/span>Kakao- &amp; Malzgetr\u00e4nk<\/div>\n<\/div>\n<\/div>\n<\/div>\n<div class=\"ux-layout-section-evo__col\">\n<div class=\"ux-labels-values__labels\">\n<div class=\"ux-labels-values__labels-content\">\n<div><span class=\"ux-textspans\">Lebensmittelspezifikationen: <\/span>Glutenfrei<\/div>\n<\/div>\n<\/div>\n<\/div>\n<\/div>\n<div class=\"ux-layout-section-evo__row\">\n<div class=\"ux-layout-section-evo__col\">\n<div class=\"ux-labels-values__labels\">\n<div class=\"ux-labels-values__labels-content\">\n<div><span class=\"ux-textspans\">Produktname: <\/span>La Plata Chocolates<\/div>\n<\/div>\n<\/div>\n<\/div>\n<div class=\"ux-layout-section-evo__col\">\n<div class=\"ux-labels-values__labels\">\n<div class=\"ux-labels-values__labels-content\">\n<div><span class=\"ux-textspans\">Produktart: <\/span>Instant Kakao<\/div>\n<\/div>\n<\/div>\n<\/div>\n<\/div>\n<div class=\"ux-layout-section-evo__row\">\n<div class=\"ux-layout-section-evo__col\">\n<div class=\"ux-labels-values__labels\">\n<div class=\"ux-labels-values__labels-content\">\n<div><span class=\"ux-textspans\">Form: <\/span>Pulver<\/div>\n<\/div>\n<\/div>\n<\/div>\n<div class=\"ux-layout-section-evo__col\">\n<div class=\"ux-labels-values__labels\">\n<div class=\"ux-labels-values__labels-content\">\n<div><span class=\"ux-textspans\">Anlass: <\/span>t\u00e4glich<\/div>\n<\/div>\n<\/div>\n<\/div>\n<\/div>\n<div class=\"ux-layout-section-evo__row\">\n<div class=\"ux-layout-section-evo__col\">\n<div class=\"ux-labels-values__labels\">\n<div class=\"ux-labels-values__labels-content\">\n<div><span class=\"ux-textspans\">Geschmack: <\/span>Schokolade<\/div>\n<\/div>\n<\/div>\n<\/div>\n<div class=\"ux-layout-section-evo__col\">\n<div class=\"ux-labels-values__labels\">\n<div class=\"ux-labels-values__labels-content\">\n<div><span class=\"ux-textspans\">Gewicht: <\/span>1 kg<\/div>\n<\/div>\n<\/div>\n<\/div>\n<\/div>\n<div class=\"ux-layout-section-evo__row\">\n<div class=\"ux-layout-section-evo__col\">\n<div class=\"ux-labels-values__labels\">\n<div class=\"ux-labels-values__labels-content\">\n<div><span class=\"ux-textspans\">Herstellernummer: <\/span>210227<\/div>\n<\/div>\n<\/div>\n<\/div>\n<div class=\"ux-layout-section-evo__col\">\n<div class=\"ux-labels-values__labels\">\n<div class=\"ux-labels-values__labels-content\">\n<div><span class=\"ux-textspans\">Marke: <\/span>La Plata<\/div>\n<\/div>\n<\/div>\n<\/div>\n<\/div>\n<div class=\"ux-layout-section-evo__row\">\n<div class=\"ux-layout-section-evo__col\">\n<div class=\"ux-labels-values__labels\">\n<div class=\"ux-labels-values__labels-content\">\n<div><span class=\"ux-textspans\">EAN: <\/span>8437001195220<\/div>\n<\/div>\n<\/div>\n<\/div>\n<div class=\"ux-layout-section-evo__col\">\n<div class=\"ux-labels-values__labels\">\n<div class=\"ux-labels-values__labels-content\">\n<div><span class=\"ux-textspans\">Herstellungsland und -region: <\/span>Spanien<\/div>\n<\/div>\n<\/div>\n<\/div>\n<\/div>\n<div class=\"ux-layout-section-evo__row\">\n<div class=\"ux-layout-section-evo__col\">\n<div class=\"ux-labels-values__labels\">\n<div class=\"ux-labels-values__labels-content\">\n<div><span class=\"ux-textspans\">Kakaogehalt: <\/span>23%<\/div>\n<\/div>\n<\/div>\n<\/div>\n<div class=\"ux-layout-section-evo__col\">\n<div class=\"ux-labels-values__labels\">\n<div class=\"ux-labels-values__labels-content\">\n<div><span class=\"ux-textspans\">Lebensmittelabteilung: <\/span>Haltbare Lebensmittel<\/div>\n<\/div>\n<\/div>\n<\/div>\n<\/div>\n<div class=\"ux-layout-section-evo__row\">\n<div class=\"ux-layout-section-evo__col\">\n<div class=\"ux-labels-values__labels\">\n<div class=\"ux-labels-values__labels-content\">\n<div><span class=\"ux-textspans\">Ablaufdatum: <\/span>2025<\/div>\n<\/div>\n<\/div>\n<\/div>\n<div class=\"ux-layout-section-evo__col\">\n<div class=\"ux-labels-values__labels\">\n<div class=\"ux-labels-values__labels-content\">\n<div><span class=\"ux-textspans\">L\u00e4nderk\u00fcche\/Region: <\/span>Spanisch<\/div>\n<\/div>\n<\/div>\n<\/div>\n<\/div>\n<\/div>\n<\/div>\n<\/div>\n<\/div>\n<\/div>\n<div id=\"desc_wrapper_ctr\">\n<div id=\"desc_div\" class=\"\">\n<div>\n<div class=\"vim d-item-description\" data-viewport=\"{&quot;trackableId&quot;:&quot;01H5WRK8J1W5AS3Q8TKNV8KWK3&quot;}\" data-testid=\"d-item-description\">\n<div class=\"section-title\">\n<div class=\"section-title__title-container\"><\/div>\n<\/div>\n<\/div>\n<\/div>\n<\/div>\n<\/div>","protected":false},"featured_media":83782,"comment_status":"open","ping_status":"closed","template":"","meta":{"_seopress_robots_primary_cat":"none","_seopress_titles_title":"","_seopress_titles_desc":"","_seopress_robots_index":""},"product_brand":[],"product_cat":[1713,1726],"product_tag":[],"class_list":{"0":"post-83766","1":"product","2":"type-product","3":"status-publish","4":"has-post-thumbnail","6":"product_cat-genussmittel","7":"product_cat-kakao","9":"first","10":"instock","11":"sale","12":"taxable","13":"shipping-taxable","14":"purchasable","15":"product-type-simple"},"_links":{"self":[{"href":"https:\/\/www.soanam.de\/nl\/wp-json\/wp\/v2\/product\/83766","targetHints":{"allow":["GET"]}}],"collection":[{"href":"https:\/\/www.soanam.de\/nl\/wp-json\/wp\/v2\/product"}],"about":[{"href":"https:\/\/www.soanam.de\/nl\/wp-json\/wp\/v2\/types\/product"}],"replies":[{"embeddable":true,"href":"https:\/\/www.soanam.de\/nl\/wp-json\/wp\/v2\/comments?post=83766"}],"wp:featuredmedia":[{"embeddable":true,"href":"https:\/\/www.soanam.de\/nl\/wp-json\/wp\/v2\/media\/83782"}],"wp:attachment":[{"href":"https:\/\/www.soanam.de\/nl\/wp-json\/wp\/v2\/media?parent=83766"}],"wp:term":[{"taxonomy":"product_brand","embeddable":true,"href":"https:\/\/www.soanam.de\/nl\/wp-json\/wp\/v2\/product_brand?post=83766"},{"taxonomy":"product_cat","embeddable":true,"href":"https:\/\/www.soanam.de\/nl\/wp-json\/wp\/v2\/product_cat?post=83766"},{"taxonomy":"product_tag","embeddable":true,"href":"https:\/\/www.soanam.de\/nl\/wp-json\/wp\/v2\/product_tag?post=83766"}],"curies":[{"name":"wp","href":"https:\/\/api.w.org\/{rel}","templated":true}]}}