{"id":83750,"date":"2023-12-17T02:45:11","date_gmt":"2023-12-17T01:45:11","guid":{"rendered":"https:\/\/www.soanam.de\/?post_type=product&#038;p=83750"},"modified":"2023-12-17T02:46:11","modified_gmt":"2023-12-17T01:46:11","slug":"2-stufiger-tritthocker-aus-holz-handarbeit-38x38x38-cm","status":"publish","type":"product","link":"https:\/\/www.soanam.de\/nl\/produkt\/2-stufiger-tritthocker-aus-holz-handarbeit-38x38x38-cm\/","title":{"rendered":"Houten opstapkrukje met 2 treden, handgemaakt, 38x38x38 cm"},"content":{"rendered":"<p>Tritthocker aus hochwertigem Massivholz in Handarbeit gefertigt<br \/>\nDurch die stabile Verarbeitung sowohl als Sitzhocker f\u00fcr Kinder, als auch als Trittstufe zum Draufsteigen geeignet<br \/>\nDekoratives Element f\u00fcr die Wohnung oder im B\u00fcro<br \/>\nAls Beistelltisch oder Ablage eines Tabletts verwendbar<\/p>\n<p>&nbsp;<\/p>\n<div class=\"rd-attribute-table__item\">\n<p>Ein kleiner, gepflegter Hocker ist ein Muss in Ihrem Zuhause! Aufgrund ihrer praktischen Natur sind Hocker zu Gnaden zur\u00fcckgekehrt und haben in letzter Zeit gro\u00dfe Popularit\u00e4t erfreut.<\/p>\n<p>Trotz seiner geringen Gr\u00f6\u00dfe ist der Mini-Hocker dank der vier Beine stabil und gleichzeitig \u00e4u\u00dferst n\u00fctzlich im Alltag. Es funktioniert perfekt im Badezimmer, um Ihrem Kind eine t\u00e4gliche Toilette zu machen, oder in der K\u00fcche, so dass der kleine Helfer an der Zubereitung von Mahlzeiten teilnehmen kann.<\/p>\n<p>Der aus Echtholz gefertigte Hocker passt perfekt in jede Anordnung und zeichnet sich gleichzeitig durch eine besondere Haltbarkeit aus. Es ist auch leicht zu reinigen und zu pflegen - nur ein angefeuchtetes Tuch, um Staub und Schmutz zu entfernen. Minimalistische Holzkonstruktion schafft ein einfaches, aber interessantes Design.<\/p>\n<p>Hocker sehen toll aus, zum Beispiel als Blumenst\u00e4nder - kombiniert mit einem einfachen Topf, werden sie eine einzigartige Dekoration in Ihrem Haus sein. Der Hocker kann auch als unoffensichtlicher, aber praktischer Nachttisch verwendet werden.<\/p>\n<p>Produkteigenschaften:<\/p>\n<p>Hocker, 2-stufiger Hocker, aus Holz<\/p>\n<p>Ma\u00dfe: 38 x 38 x 38cm<\/p>\n<p>&nbsp;<\/p>\n<\/div>","protected":false},"excerpt":{"rendered":"<table class=\"dv_characteristicsTable\">\n<caption>FARBE<\/caption>\n<tbody>\n<tr>\n<td class=\"left\">Farbe F\u00fc\u00dfe<\/td>\n<td>Buche<\/td>\n<\/tr>\n<tr>\n<td class=\"left\">Kleur<\/td>\n<td>buche<\/td>\n<\/tr>\n<\/tbody>\n<\/table>\n<table class=\"dv_characteristicsTable\">\n<caption>AUSSTATTUNG &amp; FUNKTIONEN<\/caption>\n<tbody>\n<tr>\n<td class=\"left\">Anzahl F\u00fc\u00dfe<\/td>\n<td>4 St.<\/td>\n<\/tr>\n<tr>\n<td class=\"left\">Anzahl Sitzkissen<\/td>\n<td>0<\/td>\n<\/tr>\n<tr>\n<td class=\"left\">Uitrusting<\/td>\n<td>handmontiert<br \/>\nM\u00f6belgleiter<\/td>\n<\/tr>\n<tr>\n<td class=\"left\">Funktionshinweise<\/td>\n<td>2-stufig<\/td>\n<\/tr>\n<\/tbody>\n<\/table>\n<table class=\"dv_characteristicsTable\">\n<caption>MASSANGABE<\/caption>\n<tbody>\n<tr>\n<td class=\"left\">Gewicht<\/td>\n<td>5,00 kg<\/td>\n<\/tr>\n<\/tbody>\n<\/table>\n<table class=\"dv_characteristicsTable\">\n<tbody>\n<tr>\n<td class=\"left\">Breite<\/td>\n<td>38 cm<\/td>\n<\/tr>\n<tr>\n<td class=\"left\">H\u00f6he<\/td>\n<td>38 cm<\/td>\n<\/tr>\n<tr>\n<td class=\"left\">Tiefe<\/td>\n<td>38 cm<\/td>\n<\/tr>\n<\/tbody>\n<\/table>\n<table class=\"dv_characteristicsTable\">\n<caption>MATERIAAL<\/caption>\n<tbody>\n<tr>\n<td class=\"left\">Holzart<\/td>\n<td>Buche<\/td>\n<\/tr>\n<tr>\n<td class=\"left\">Holzart (botanisch)<\/td>\n<td>Buchenholz<\/td>\n<\/tr>\n<tr>\n<td class=\"left\">Material F\u00fc\u00dfe<\/td>\n<td>Holz<\/td>\n<\/tr>\n<tr>\n<td class=\"left\">Material Korpus<\/td>\n<td>Massivholz<\/td>\n<\/tr>\n<tr>\n<td class=\"left\">Materialhinweis<\/td>\n<td>Nachhaltiges Buchenholz<\/td>\n<\/tr>\n<tr>\n<td class=\"left\">Materiaalsamenstelling<\/td>\n<td>100% Buchenholz<\/td>\n<\/tr>\n<tr>\n<td class=\"left\">Information Materialzusammensetzung<\/td>\n<td>Massivholz<\/td>\n<\/tr>\n<tr>\n<td class=\"left\">Material Sitzfl\u00e4che<\/td>\n<td>Holz<\/td>\n<\/tr>\n<tr>\n<td class=\"left\">Bezug<\/td>\n<td>ohne<\/td>\n<\/tr>\n<tr>\n<td class=\"left\">Materialeigenschaften<\/td>\n<td>geschliffen, ge\u00f6lt<\/td>\n<\/tr>\n<\/tbody>\n<\/table>\n<p>&nbsp;<\/p>","protected":false},"featured_media":83761,"comment_status":"open","ping_status":"closed","template":"","meta":{"_seopress_robots_primary_cat":"","_seopress_titles_title":"","_seopress_titles_desc":"","_seopress_robots_index":""},"product_brand":[],"product_cat":[1400,1420],"product_tag":[],"class_list":{"0":"post-83750","1":"product","2":"type-product","3":"status-publish","4":"has-post-thumbnail","6":"product_cat-wohnzubehoer","7":"product_cat-wohndekoration","8":"product_shipping_class-standard-versand","10":"first","11":"instock","12":"taxable","13":"shipping-taxable","14":"purchasable","15":"product-type-simple"},"_links":{"self":[{"href":"https:\/\/www.soanam.de\/nl\/wp-json\/wp\/v2\/product\/83750","targetHints":{"allow":["GET"]}}],"collection":[{"href":"https:\/\/www.soanam.de\/nl\/wp-json\/wp\/v2\/product"}],"about":[{"href":"https:\/\/www.soanam.de\/nl\/wp-json\/wp\/v2\/types\/product"}],"replies":[{"embeddable":true,"href":"https:\/\/www.soanam.de\/nl\/wp-json\/wp\/v2\/comments?post=83750"}],"wp:featuredmedia":[{"embeddable":true,"href":"https:\/\/www.soanam.de\/nl\/wp-json\/wp\/v2\/media\/83761"}],"wp:attachment":[{"href":"https:\/\/www.soanam.de\/nl\/wp-json\/wp\/v2\/media?parent=83750"}],"wp:term":[{"taxonomy":"product_brand","embeddable":true,"href":"https:\/\/www.soanam.de\/nl\/wp-json\/wp\/v2\/product_brand?post=83750"},{"taxonomy":"product_cat","embeddable":true,"href":"https:\/\/www.soanam.de\/nl\/wp-json\/wp\/v2\/product_cat?post=83750"},{"taxonomy":"product_tag","embeddable":true,"href":"https:\/\/www.soanam.de\/nl\/wp-json\/wp\/v2\/product_tag?post=83750"}],"curies":[{"name":"wp","href":"https:\/\/api.w.org\/{rel}","templated":true}]}}