{"id":83741,"date":"2023-12-17T02:44:31","date_gmt":"2023-12-17T01:44:31","guid":{"rendered":"https:\/\/www.soanam.de\/?post_type=product&#038;p=83741"},"modified":"2023-12-17T02:45:17","modified_gmt":"2023-12-17T01:45:17","slug":"mondhuegel-kreuzberg-gin-wilder-wacholder-100-natuerlich-40-vol-500ml","status":"publish","type":"product","link":"https:\/\/www.soanam.de\/nl\/produkt\/mondhuegel-kreuzberg-gin-wilder-wacholder-100-natuerlich-40-vol-500ml\/","title":{"rendered":"Mondh\u00fcgel Kreuzberg Jenever Wild 100% natuurlijk, 40% vol. 500ml"},"content":{"rendered":"<h3>Productbeschrijving<\/h3>\n<p>In der Nase liefert der Mondh\u00fcgel Kreuzberg Gin Wilder Wacholder mittelkr\u00e4ftigen und recht feinen Geruch ab. Zu den markanten Noten von Wacholder gesellen sich solche von Lorbeer sowie w\u00e4rmende Zitrust\u00f6ne, die sich durch Zitrone und Orange kennzeichnen. Des Weiteren kommen blumiger Pfeffer, etwas Kardamom und ein Hauch Minze zur Entfaltung. Mittelkr\u00e4ftig mit vollen Zitronenaromen pr\u00e4sentiert sich der Gin im Mund. Z\u00fcgig entfalten sich w\u00fcrzig harzige Aromen von Wacholder, Kardamom und Pfeffer mit einer Lavendel-artigen Blumigkeit. Es folgen etwas Kaffee, viel Lorbeer und wenig Minze inklusive eines recht samtigen Mundgef\u00fchls. Im Abgang klingen durchaus lang Wacholder, Lorbeer, Zitrone und Kardamom, aber auch milder und blumiger Pfeffer nach. Zu guter Letzt vernimmt man Minze und einen Hauch Kamille.<\/p>\n<div><span style=\"font-family: Arial;\">Empfohlen ist das Mixen von Longdrinks und Cocktails, angef\u00fchrt vom Klassiker Gin Tonic, gefolgt vom Gin Fizz und dem Negroni.<\/span><\/div>\n<div><span style=\"font-family: Arial;\">Aufgrund der Milde des Mondh\u00fcgel Kreuzberg Gin Wilder Wacholder kommt auch der Purgenuss bei Zimmertemperatur oder bei leichter K\u00fchlung in Betracht.<\/span><\/div>\n<p><strong style=\"font-family: -apple-system, BlinkMacSystemFont, 'Segoe UI', Roboto, Oxygen-Sans, Ubuntu, Cantarell, 'Helvetica Neue', sans-serif;\">details<\/strong><\/p>\n<p>Inhalt: 0,5 L<br \/>\nProduktart: Wacholder Gin<br \/>\nVintage: 2020<br \/>\nGeschmack: wilder Wacholder, Kubebenpfeffer, Kardamon, Piment, italienische Zitronen, Lorbeer, ger\u00f6steter Kaffee<br \/>\nAlkoholgehalt (Vol.%): 40 %<br \/>\nAllergene: keine<br \/>\nHersteller: Mondh\u00fcgel Kreuzberg GmbH<br \/>\nLand: Deutschland<br \/>\nRegion: Berlin<\/p>\n<p><strong>Tip<\/strong><br \/>\nLevering alleen aan personen ouder dan 18 jaar<\/p>","protected":false},"excerpt":{"rendered":"<h3>Artikelmerkmale<\/h3>\n<p>Artikelzustand: Neu - Neuer, unbenutzter und unbesch\u00e4digter Artikel in der unge\u00f6ffneten Verpackung<\/p>\n<table dir=\"ltr\" border=\"1\" cellspacing=\"0\" cellpadding=\"0\">\n<colgroup>\n<col width=\"203\" \/>\n<col width=\"259\" \/><\/colgroup>\n<tbody>\n<tr>\n<td data-sheets-value=\"{&quot;1&quot;:2,&quot;2&quot;:&quot;Alkoholgehalt:&quot;}\">Alkoholgehalt:<\/td>\n<td data-sheets-value=\"{&quot;1&quot;:2,&quot;2&quot;:&quot;10,1-15%&quot;}\">40%<\/td>\n<\/tr>\n<tr>\n<td data-sheets-value=\"{&quot;1&quot;:2,&quot;2&quot;:&quot;Allergene:&quot;}\">Allergene:<\/td>\n<td data-sheets-value=\"{&quot;1&quot;:2,&quot;2&quot;:&quot;Schwefeldioxid &amp; Sulfite&quot;}\">keine<\/td>\n<\/tr>\n<tr>\n<td data-sheets-value=\"{&quot;1&quot;:2,&quot;2&quot;:&quot;Basis:&quot;}\">Basis:<\/td>\n<td data-sheets-value=\"{&quot;1&quot;:2,&quot;2&quot;:&quot;Lemberger&quot;}\">Wacholder, Kubebenpfeffer, Zitrone<\/td>\n<\/tr>\n<tr>\n<td data-sheets-value=\"{&quot;1&quot;:2,&quot;2&quot;:&quot;EAN:&quot;}\">EAN:<\/td>\n<td data-sheets-value=\"{&quot;1&quot;:3,&quot;3&quot;:4010333030373}\">4270001562821<\/td>\n<\/tr>\n<tr>\n<td data-sheets-value=\"{&quot;1&quot;:2,&quot;2&quot;:&quot;Eigenschaften:&quot;}\">Eigenschappen:<\/td>\n<td data-sheets-value=\"{&quot;1&quot;:2,&quot;2&quot;:&quot;dicht und harmonisch&quot;}\">mild, blumig, samtig<\/td>\n<\/tr>\n<tr>\n<td data-sheets-value=\"{&quot;1&quot;:2,&quot;2&quot;:&quot;Farbe:&quot;}\">Kleur:<\/td>\n<td data-sheets-value=\"{&quot;1&quot;:2,&quot;2&quot;:&quot;Rot&quot;}\">Geel<\/td>\n<\/tr>\n<tr>\n<td data-sheets-value=\"{&quot;1&quot;:2,&quot;2&quot;:&quot;Jahrgang:&quot;}\">Jahrgang:<\/td>\n<td data-sheets-value=\"{&quot;1&quot;:3,&quot;3&quot;:2019}\">2020<\/td>\n<\/tr>\n<tr>\n<td data-sheets-value=\"{&quot;1&quot;:2,&quot;2&quot;:&quot;Lebensmittelspezifikationen:&quot;}\">Lebensmittelspezifikationen:<\/td>\n<td data-sheets-value=\"{&quot;1&quot;:2,&quot;2&quot;:&quot;Alkoholhaltig&quot;}\">Alkoholhaltig<\/td>\n<\/tr>\n<tr>\n<td data-sheets-value=\"{&quot;1&quot;:2,&quot;2&quot;:&quot;Marke:&quot;}\">Marke:<\/td>\n<td data-sheets-value=\"{&quot;1&quot;:2,&quot;2&quot;:&quot;Lemberger&quot;}\">Mondh\u00fcgel<\/td>\n<\/tr>\n<tr>\n<td data-sheets-value=\"{&quot;1&quot;:2,&quot;2&quot;:&quot;Region:&quot;}\">Region:<\/td>\n<td data-sheets-value=\"{&quot;1&quot;:2,&quot;2&quot;:&quot;W\u00fcrttemberg, Deutschland&quot;}\">Berlin, Deutschland<\/td>\n<\/tr>\n<tr>\n<td data-sheets-value=\"{&quot;1&quot;:2,&quot;2&quot;:&quot;Signiert:&quot;}\">Signiert:<\/td>\n<td data-sheets-value=\"{&quot;1&quot;:2,&quot;2&quot;:&quot;Nein&quot;}\">Nein<\/td>\n<\/tr>\n<tr>\n<td data-sheets-value=\"{&quot;1&quot;:2,&quot;2&quot;:&quot;Stil:&quot;}\">Stil:<\/td>\n<td data-sheets-value=\"{&quot;1&quot;:2,&quot;2&quot;:&quot;Trocken&quot;}\">W\u00fcrzig<\/td>\n<\/tr>\n<tr>\n<td data-sheets-value=\"{&quot;1&quot;:2,&quot;2&quot;:&quot;Verpackung:&quot;}\">Verpackung:<\/td>\n<td data-sheets-value=\"{&quot;1&quot;:2,&quot;2&quot;:&quot;Flasche (Drehverschluss)&quot;}\">Flasche<\/td>\n<\/tr>\n<tr>\n<td data-sheets-value=\"{&quot;1&quot;:2,&quot;2&quot;:&quot;Volumen:&quot;}\">Volumen:<\/td>\n<td data-sheets-value=\"{&quot;1&quot;:2,&quot;2&quot;:&quot;0,75 L&quot;}\">0,5 L<\/td>\n<\/tr>\n<\/tbody>\n<\/table>","protected":false},"featured_media":83751,"comment_status":"open","ping_status":"closed","template":"","meta":{"_seopress_robots_primary_cat":"","_seopress_titles_title":"","_seopress_titles_desc":"","_seopress_robots_index":""},"product_brand":[],"product_cat":[1499,1500],"product_tag":[],"class_list":{"0":"post-83741","1":"product","2":"type-product","3":"status-publish","4":"has-post-thumbnail","6":"product_cat-alkoholische-getraenke","7":"product_cat-spirituosen","8":"product_shipping_class-standard-versand","10":"first","11":"instock","12":"sale","13":"taxable","14":"shipping-taxable","15":"purchasable","16":"product-type-simple"},"_links":{"self":[{"href":"https:\/\/www.soanam.de\/nl\/wp-json\/wp\/v2\/product\/83741","targetHints":{"allow":["GET"]}}],"collection":[{"href":"https:\/\/www.soanam.de\/nl\/wp-json\/wp\/v2\/product"}],"about":[{"href":"https:\/\/www.soanam.de\/nl\/wp-json\/wp\/v2\/types\/product"}],"replies":[{"embeddable":true,"href":"https:\/\/www.soanam.de\/nl\/wp-json\/wp\/v2\/comments?post=83741"}],"wp:featuredmedia":[{"embeddable":true,"href":"https:\/\/www.soanam.de\/nl\/wp-json\/wp\/v2\/media\/83751"}],"wp:attachment":[{"href":"https:\/\/www.soanam.de\/nl\/wp-json\/wp\/v2\/media?parent=83741"}],"wp:term":[{"taxonomy":"product_brand","embeddable":true,"href":"https:\/\/www.soanam.de\/nl\/wp-json\/wp\/v2\/product_brand?post=83741"},{"taxonomy":"product_cat","embeddable":true,"href":"https:\/\/www.soanam.de\/nl\/wp-json\/wp\/v2\/product_cat?post=83741"},{"taxonomy":"product_tag","embeddable":true,"href":"https:\/\/www.soanam.de\/nl\/wp-json\/wp\/v2\/product_tag?post=83741"}],"curies":[{"name":"wp","href":"https:\/\/api.w.org\/{rel}","templated":true}]}}