{"id":83467,"date":"2023-12-17T01:46:17","date_gmt":"2023-12-17T00:46:17","guid":{"rendered":"https:\/\/www.soanam.de\/?post_type=product&#038;p=83467"},"modified":"2023-12-17T01:52:55","modified_gmt":"2023-12-17T00:52:55","slug":"only-strickpullover-onlnicoya-in-rosa-gestreift-gr-l","status":"publish","type":"product","link":"https:\/\/www.soanam.de\/nl\/produkt\/only-strickpullover-onlnicoya-in-rosa-gestreift-gr-l\/","title":{"rendered":"Only gebreide trui ONLNICOYA, in roze strepen, maat L"},"content":{"rendered":"<p>Strickpullover von Only<br \/>\nBequemer Rundhals-Ausschnitt<br \/>\nLang\u00e4rmliger Pullover im Streifendesign<br \/>\nLockere Passform, abgerundeter Saum<br \/>\nZacht gebreide kwaliteit<\/p>\n<p>Der Strickpullover mit langen \u00c4rmeln und lockerer Passform wird zu deinem Lieblingspulli, denn er sieht einfach super aus und ist genau so bequem.<br \/>\nVerst\u00e4rkt wird die l\u00e4ssige Note noch durch den coolen Streifen-Look und den abgerundeten Saum.<br \/>\nDie weiche Strickqualit\u00e4t sorgt f\u00fcr h\u00f6chsten Tragekomfort.<\/p>\n<p>Materiaal: 100% polyacryl<br \/>\nOnderhoudsinstructies: Machinewas<\/p>\n<p>Farbe: rosa, grau<br \/>\nPatroon: Strepen<br \/>\nMaat: L<\/p>\n<p>Schouderbreedte: 39cm<br \/>\nBorstbreedte: 108cm<br \/>\nMouwlengte: 59cm<br \/>\nTotale lengte: 66cm<\/p>","protected":false},"excerpt":{"rendered":"<table class=\"dv_characteristicsTable\">\n<tbody>\n<tr>\n<td class=\"left\">Maat<\/td>\n<td>L<\/td>\n<\/tr>\n<tr>\n<td class=\"left\">Materiaalsamenstelling<\/td>\n<td>100% Polyacryl<\/td>\n<\/tr>\n<tr>\n<td class=\"left\">Materialart<\/td>\n<td>Strick<\/td>\n<\/tr>\n<tr>\n<td class=\"left\">Onderhoudsinstructies<\/td>\n<td>Machinewas<\/td>\n<\/tr>\n<tr>\n<td class=\"left\">Optik<\/td>\n<td>gestreift<\/td>\n<\/tr>\n<tr>\n<td class=\"left\">Stil<\/td>\n<td>modisch<\/td>\n<\/tr>\n<tr>\n<td class=\"left\">Kleur<\/td>\n<td>rosa, grau<\/td>\n<\/tr>\n<tr>\n<td class=\"left\">Ausschnitt<\/td>\n<td>Rundhals<\/td>\n<\/tr>\n<tr>\n<td class=\"left\">\u00c4rmel<\/td>\n<td>Lange mouw<\/td>\n<\/tr>\n<tr>\n<td class=\"left\">\u00c4rmelabschluss<\/td>\n<td>B\u00fcndchen<\/td>\n<\/tr>\n<tr>\n<td class=\"left\">Rumpfabschluss<\/td>\n<td>abgerundeter Abschluss<\/td>\n<\/tr>\n<tr>\n<td class=\"left\">Pas<\/td>\n<td>locker<\/td>\n<\/tr>\n<tr>\n<td class=\"left\">Schnittform L\u00e4nge<\/td>\n<td>h\u00fcftlang<\/td>\n<\/tr>\n<tr>\n<td class=\"left\"><\/td>\n<td><\/td>\n<\/tr>\n<\/tbody>\n<\/table>","protected":false},"featured_media":83531,"comment_status":"open","ping_status":"closed","template":"","meta":{"_seopress_robots_primary_cat":"","_seopress_titles_title":"","_seopress_titles_desc":"","_seopress_robots_index":""},"product_brand":[],"product_cat":[1348,1456,1465],"product_tag":[],"class_list":{"0":"post-83467","1":"product","2":"type-product","3":"status-publish","4":"has-post-thumbnail","6":"product_cat-damen-mode","7":"product_cat-pullover-sweater","8":"product_cat-strickpullover","9":"product_shipping_class-standard-versand","11":"first","12":"instock","13":"taxable","14":"shipping-taxable","15":"purchasable","16":"product-type-simple"},"_links":{"self":[{"href":"https:\/\/www.soanam.de\/nl\/wp-json\/wp\/v2\/product\/83467","targetHints":{"allow":["GET"]}}],"collection":[{"href":"https:\/\/www.soanam.de\/nl\/wp-json\/wp\/v2\/product"}],"about":[{"href":"https:\/\/www.soanam.de\/nl\/wp-json\/wp\/v2\/types\/product"}],"replies":[{"embeddable":true,"href":"https:\/\/www.soanam.de\/nl\/wp-json\/wp\/v2\/comments?post=83467"}],"wp:featuredmedia":[{"embeddable":true,"href":"https:\/\/www.soanam.de\/nl\/wp-json\/wp\/v2\/media\/83531"}],"wp:attachment":[{"href":"https:\/\/www.soanam.de\/nl\/wp-json\/wp\/v2\/media?parent=83467"}],"wp:term":[{"taxonomy":"product_brand","embeddable":true,"href":"https:\/\/www.soanam.de\/nl\/wp-json\/wp\/v2\/product_brand?post=83467"},{"taxonomy":"product_cat","embeddable":true,"href":"https:\/\/www.soanam.de\/nl\/wp-json\/wp\/v2\/product_cat?post=83467"},{"taxonomy":"product_tag","embeddable":true,"href":"https:\/\/www.soanam.de\/nl\/wp-json\/wp\/v2\/product_tag?post=83467"}],"curies":[{"name":"wp","href":"https:\/\/api.w.org\/{rel}","templated":true}]}}