{"id":83436,"date":"2023-12-17T01:42:48","date_gmt":"2023-12-17T00:42:48","guid":{"rendered":"https:\/\/www.soanam.de\/?post_type=product&#038;p=83436"},"modified":"2023-12-17T01:50:47","modified_gmt":"2023-12-17T00:50:47","slug":"nike-therma-fit-graphic-crew-neck-sweatshirt-in-beere-gr-3xl","status":"publish","type":"product","link":"https:\/\/www.soanam.de\/nl\/produkt\/nike-therma-fit-graphic-crew-neck-sweatshirt-in-beere-gr-3xl\/","title":{"rendered":"Nike Therma-FIT Graphic Crew-Neck Sweatshirt, in berry, maat 3XL"},"content":{"rendered":"<p>Trainings-Sweatshirt f\u00fcr den Winter<br \/>\nMit Swoosh-Logo auf der Brust<br \/>\nFarblich abgesetzte \u00c4rmel<br \/>\nLosse pasvorm<br \/>\nWarm gef\u00fcttert mit DRI-FIT Technology<\/p>\n<p>Das Therma-Fit-Sweatshirt von Nike begeistert nicht nur Sportfreunde.<br \/>\nDie Swoosh-Logo auf der Brust wertet den trendy Look des super bequemen Sport Sweaters gelungen auf.<br \/>\nPasskomfort nach deinen W\u00fcnschen sichern dir die Rippb\u00fcndchen sowie der legere Schnitt mit \u00fcberschnittenen Schultern.<br \/>\nDri-Fit und Therma-Fit-Technologyie machen den Sweater f\u00fcr Sportler im Winter unentbehrlich und die weiche F\u00fctterung macht den Wohlf\u00fchlfaktor komplett.<\/p>\n<p>Material: 91% Polyester, 9% Elasthan<br \/>\nOnderhoudsinstructies: Machinewas<\/p>\n<p>Kleur: bes<br \/>\nPatroon: Logo<br \/>\nGr\u00f6\u00dfe: 3XL<\/p>\n<p>Schouderbreedte: 51cm<br \/>\nBorstbreedte: 142cm<br \/>\nMouwlengte: 59cm<br \/>\nTotale lengte: 72cm<\/p>","protected":false},"excerpt":{"rendered":"<table class=\"dv_characteristicsTable\">\n<tbody>\n<tr>\n<td class=\"left\">Maat<\/td>\n<td>3XL<\/td>\n<\/tr>\n<tr>\n<td class=\"left\">Materiaalsamenstelling<\/td>\n<td>91% Polyester, 9% Elasthan<\/td>\n<\/tr>\n<tr>\n<td class=\"left\">Materialart<\/td>\n<td>Therma Fabric<\/td>\n<\/tr>\n<tr>\n<td class=\"left\">Onderhoudsinstructies<\/td>\n<td>Machinewas<\/td>\n<\/tr>\n<tr>\n<td class=\"left\">Optik<\/td>\n<td>unifarben<\/td>\n<\/tr>\n<tr>\n<td class=\"left\">Stil<\/td>\n<td>sportlich<\/td>\n<\/tr>\n<tr>\n<td class=\"left\">Kleur<\/td>\n<td>beere<\/td>\n<\/tr>\n<tr>\n<td class=\"left\">Applikationen<\/td>\n<td>Swoosh-Logo Aufdruck<\/td>\n<\/tr>\n<tr>\n<td class=\"left\">Besondere Merkmale<\/td>\n<td>Dri-Fit<\/td>\n<\/tr>\n<tr>\n<td class=\"left\">Ausschnitt<\/td>\n<td>Rundhals<\/td>\n<\/tr>\n<tr>\n<td class=\"left\">\u00c4rmel<\/td>\n<td>Lange mouw<\/td>\n<\/tr>\n<tr>\n<td class=\"left\">\u00c4rmelabschluss<\/td>\n<td>Rippb\u00fcndchen<\/td>\n<\/tr>\n<tr>\n<td class=\"left\">Pas<\/td>\n<td>bequem<\/td>\n<\/tr>\n<tr>\n<td class=\"left\">Schnittform L\u00e4nge<\/td>\n<td>normal<\/td>\n<\/tr>\n<\/tbody>\n<\/table>","protected":false},"featured_media":83504,"comment_status":"open","ping_status":"closed","template":"","meta":{"_seopress_robots_primary_cat":"","_seopress_titles_title":"","_seopress_titles_desc":"","_seopress_robots_index":""},"product_brand":[],"product_cat":[1348,1402,1456,1577,1725],"product_tag":[],"class_list":{"0":"post-83436","1":"product","2":"type-product","3":"status-publish","4":"has-post-thumbnail","6":"product_cat-damen-mode","7":"product_cat-sportbekleidung-damen-mode","8":"product_cat-pullover-sweater","9":"product_cat-sweatshirts","10":"product_cat-sweatshirts-shirts","11":"product_shipping_class-standard-versand","13":"first","14":"instock","15":"sale","16":"taxable","17":"shipping-taxable","18":"purchasable","19":"product-type-simple"},"_links":{"self":[{"href":"https:\/\/www.soanam.de\/nl\/wp-json\/wp\/v2\/product\/83436","targetHints":{"allow":["GET"]}}],"collection":[{"href":"https:\/\/www.soanam.de\/nl\/wp-json\/wp\/v2\/product"}],"about":[{"href":"https:\/\/www.soanam.de\/nl\/wp-json\/wp\/v2\/types\/product"}],"replies":[{"embeddable":true,"href":"https:\/\/www.soanam.de\/nl\/wp-json\/wp\/v2\/comments?post=83436"}],"wp:featuredmedia":[{"embeddable":true,"href":"https:\/\/www.soanam.de\/nl\/wp-json\/wp\/v2\/media\/83504"}],"wp:attachment":[{"href":"https:\/\/www.soanam.de\/nl\/wp-json\/wp\/v2\/media?parent=83436"}],"wp:term":[{"taxonomy":"product_brand","embeddable":true,"href":"https:\/\/www.soanam.de\/nl\/wp-json\/wp\/v2\/product_brand?post=83436"},{"taxonomy":"product_cat","embeddable":true,"href":"https:\/\/www.soanam.de\/nl\/wp-json\/wp\/v2\/product_cat?post=83436"},{"taxonomy":"product_tag","embeddable":true,"href":"https:\/\/www.soanam.de\/nl\/wp-json\/wp\/v2\/product_tag?post=83436"}],"curies":[{"name":"wp","href":"https:\/\/api.w.org\/{rel}","templated":true}]}}