{"id":83222,"date":"2023-12-16T05:00:59","date_gmt":"2023-12-16T04:00:59","guid":{"rendered":"https:\/\/www.soanam.de\/?post_type=product&#038;p=83222"},"modified":"2023-12-17T01:37:32","modified_gmt":"2023-12-17T00:37:32","slug":"s-oliver-t-shirt-mit-front-print-in-iris-blue-bunt-gr-l","status":"publish","type":"product","link":"https:\/\/www.soanam.de\/nl\/produkt\/s-oliver-t-shirt-mit-front-print-in-iris-blue-bunt-gr-l\/","title":{"rendered":"s.Oliver T-shirt met print voorop, in irisblauw, kleurrijk, maat L"},"content":{"rendered":"<p>T-Shirt mit gro\u00dfem Front-Print von s.Oliver<br \/>\nAngenehmes Baumwoll-Material<br \/>\nLockere, bequeme Passform<br \/>\nMet ronde halslijn<br \/>\nPerfektes Basic f\u00fcr jedes Outfit<\/p>\n<p>Das T-Shirt von s.Oliver besticht mit seinem gro\u00dfen Mottoprint und punktet durch seine pflegeleichte Baumwollqualit\u00e4t, Rundhalsausschnitt, lockere Passform, normale L\u00e4nge und kurzen Arm.<br \/>\nEin Basic-T-Shirt in einer auff\u00e4lligen sch\u00f6nen Farbe.<\/p>\n<p>Materiaal: 100% katoen<br \/>\nOnderhoudsinstructies: Machinewas<\/p>\n<p>Farbe: iris blue<br \/>\nMuster: Front Print<br \/>\nMaat: L<\/p>\n<p>Schouderbreedte: 44cm<br \/>\nBreedte borst: 110cm<br \/>\nMouwlengte: 22cm<br \/>\nTotale lengte: 72cm<\/p>","protected":false},"excerpt":{"rendered":"<table class=\"dv_characteristicsTable\">\n<tbody>\n<tr>\n<td class=\"left\">Maat<\/td>\n<td>L<\/td>\n<\/tr>\n<tr>\n<td class=\"left\">Materiaalsamenstelling<\/td>\n<td>100% Katoen<\/td>\n<\/tr>\n<tr>\n<td class=\"left\">Materialart<\/td>\n<td>Jersey<\/td>\n<\/tr>\n<tr>\n<td class=\"left\">Materialeigenschaften<\/td>\n<td>elastisch<\/td>\n<\/tr>\n<tr>\n<td class=\"left\">Onderhoudsinstructies<\/td>\n<td>Machinewas<\/td>\n<\/tr>\n<tr>\n<td class=\"left\">Optik<\/td>\n<td>bedruckt<\/td>\n<\/tr>\n<tr>\n<td class=\"left\">Kleur<\/td>\n<td>iris-blue<\/td>\n<\/tr>\n<tr>\n<td class=\"left\">\u00c4rmel<\/td>\n<td>Korte mouw<\/td>\n<\/tr>\n<tr>\n<td class=\"left\">Besondere Merkmale<\/td>\n<td>Tiger-Print<\/td>\n<\/tr>\n<\/tbody>\n<\/table>","protected":false},"featured_media":83383,"comment_status":"open","ping_status":"closed","template":"","meta":{"_seopress_robots_primary_cat":"","_seopress_titles_title":"","_seopress_titles_desc":"","_seopress_robots_index":""},"product_brand":[],"product_cat":[1348,1458,1477],"product_tag":[],"class_list":{"0":"post-83222","1":"product","2":"type-product","3":"status-publish","4":"has-post-thumbnail","6":"product_cat-damen-mode","7":"product_cat-shirts-damen-mode","8":"product_cat-t-shirts-shirts-damen-mode","9":"product_shipping_class-standard-versand","11":"first","12":"instock","13":"taxable","14":"shipping-taxable","15":"purchasable","16":"product-type-simple"},"_links":{"self":[{"href":"https:\/\/www.soanam.de\/nl\/wp-json\/wp\/v2\/product\/83222","targetHints":{"allow":["GET"]}}],"collection":[{"href":"https:\/\/www.soanam.de\/nl\/wp-json\/wp\/v2\/product"}],"about":[{"href":"https:\/\/www.soanam.de\/nl\/wp-json\/wp\/v2\/types\/product"}],"replies":[{"embeddable":true,"href":"https:\/\/www.soanam.de\/nl\/wp-json\/wp\/v2\/comments?post=83222"}],"wp:featuredmedia":[{"embeddable":true,"href":"https:\/\/www.soanam.de\/nl\/wp-json\/wp\/v2\/media\/83383"}],"wp:attachment":[{"href":"https:\/\/www.soanam.de\/nl\/wp-json\/wp\/v2\/media?parent=83222"}],"wp:term":[{"taxonomy":"product_brand","embeddable":true,"href":"https:\/\/www.soanam.de\/nl\/wp-json\/wp\/v2\/product_brand?post=83222"},{"taxonomy":"product_cat","embeddable":true,"href":"https:\/\/www.soanam.de\/nl\/wp-json\/wp\/v2\/product_cat?post=83222"},{"taxonomy":"product_tag","embeddable":true,"href":"https:\/\/www.soanam.de\/nl\/wp-json\/wp\/v2\/product_tag?post=83222"}],"curies":[{"name":"wp","href":"https:\/\/api.w.org\/{rel}","templated":true}]}}