{"id":83192,"date":"2023-12-16T04:58:13","date_gmt":"2023-12-16T03:58:13","guid":{"rendered":"https:\/\/www.soanam.de\/?post_type=product&#038;p=83192"},"modified":"2023-12-17T01:34:21","modified_gmt":"2023-12-17T00:34:21","slug":"ajc-shirt-lange-mouw-cool-met-print-in-olijfgroen-maat-36-38","status":"publish","type":"product","link":"https:\/\/www.soanam.de\/nl\/produkt\/ajc-langarmshirt-cool-mit-print-in-olivgruen-gr-36-38\/","title":{"rendered":"AJC shirt met lange mouwen Cool met print, in olijfgroen, maat 36\/38"},"content":{"rendered":"<p>Cooles Shirt mit Longsleeve von AJC<br \/>\nElastische Rippenware aus reiner Baumwolle im Used Look<br \/>\nFigurbetonte Passform mit Rundhalsausschnitt<br \/>\nToller Frontprint<br \/>\nMet merklogo<\/p>\n<p>Das Langarmshirt von AJC pr\u00e4sentiert sich mit einem tollen Print vorn, der metallisch leuchtet.<br \/>\nDer Rundhalsausschnitt und die langen \u00c4rmel unterst\u00fctzen den l\u00e4ssigen Look des Longsleeves und die used Waschung setzt weitere Akzente.<\/p>\n<p>Materiaal: 100% katoen<br \/>\nOnderhoudsinstructies: Machinewas<\/p>\n<p>Farbe: olivgr\u00fcn<br \/>\nPatroon: Voorkant print<br \/>\nGrootte: 36\/38<\/p>\n<p>Schouderbreedte: 38cm<br \/>\nBrustweite: 91cm<br \/>\nMouwlengte: 63cm<br \/>\nTotale lengte: 64cm<\/p>","protected":false},"excerpt":{"rendered":"<table class=\"dv_characteristicsTable\">\n<tbody>\n<tr>\n<td class=\"left\">Maat<\/td>\n<td>36\/38<\/td>\n<\/tr>\n<tr>\n<td class=\"left\">Materiaalsamenstelling<\/td>\n<td>100% Katoen<\/td>\n<\/tr>\n<tr>\n<td class=\"left\">Materialart<\/td>\n<td>Single trui<\/td>\n<\/tr>\n<tr>\n<td class=\"left\">Onderhoudsinstructies<\/td>\n<td>Machinewas<\/td>\n<\/tr>\n<tr>\n<td class=\"left\">Optik<\/td>\n<td>bedruckt, unifarben, used wash<\/td>\n<\/tr>\n<tr>\n<td class=\"left\">Stil<\/td>\n<td>casual<\/td>\n<\/tr>\n<tr>\n<td class=\"left\">Kleur<\/td>\n<td>olivgr\u00fcn<\/td>\n<\/tr>\n<tr>\n<td class=\"left\">\u00c4rmel<\/td>\n<td>Lange mouw<\/td>\n<\/tr>\n<tr>\n<td class=\"left\">Ausschnitt<\/td>\n<td>Rundhals<\/td>\n<\/tr>\n<tr>\n<td class=\"left\">Pas<\/td>\n<td>figurbetont<\/td>\n<\/tr>\n<tr>\n<td class=\"left\">Applikationen<\/td>\n<td>Markenlabel<\/td>\n<\/tr>\n<tr>\n<td class=\"left\">Besondere Merkmale<\/td>\n<td>mit auff\u00e4lligem Frontdruck<\/td>\n<\/tr>\n<tr>\n<td class=\"left\"><\/td>\n<td><\/td>\n<\/tr>\n<tr>\n<td class=\"left\"><\/td>\n<td><\/td>\n<\/tr>\n<\/tbody>\n<\/table>","protected":false},"featured_media":83358,"comment_status":"open","ping_status":"closed","template":"","meta":{"_seopress_robots_primary_cat":"","_seopress_titles_title":"","_seopress_titles_desc":"","_seopress_robots_index":""},"product_brand":[],"product_cat":[1348,1456,1479],"product_tag":[],"class_list":{"0":"post-83192","1":"product","2":"type-product","3":"status-publish","4":"has-post-thumbnail","6":"product_cat-damen-mode","7":"product_cat-pullover-sweater","8":"product_cat-langarmshirts","9":"product_shipping_class-standard-versand","11":"first","12":"instock","13":"sale","14":"taxable","15":"shipping-taxable","16":"purchasable","17":"product-type-simple"},"_links":{"self":[{"href":"https:\/\/www.soanam.de\/nl\/wp-json\/wp\/v2\/product\/83192","targetHints":{"allow":["GET"]}}],"collection":[{"href":"https:\/\/www.soanam.de\/nl\/wp-json\/wp\/v2\/product"}],"about":[{"href":"https:\/\/www.soanam.de\/nl\/wp-json\/wp\/v2\/types\/product"}],"replies":[{"embeddable":true,"href":"https:\/\/www.soanam.de\/nl\/wp-json\/wp\/v2\/comments?post=83192"}],"wp:featuredmedia":[{"embeddable":true,"href":"https:\/\/www.soanam.de\/nl\/wp-json\/wp\/v2\/media\/83358"}],"wp:attachment":[{"href":"https:\/\/www.soanam.de\/nl\/wp-json\/wp\/v2\/media?parent=83192"}],"wp:term":[{"taxonomy":"product_brand","embeddable":true,"href":"https:\/\/www.soanam.de\/nl\/wp-json\/wp\/v2\/product_brand?post=83192"},{"taxonomy":"product_cat","embeddable":true,"href":"https:\/\/www.soanam.de\/nl\/wp-json\/wp\/v2\/product_cat?post=83192"},{"taxonomy":"product_tag","embeddable":true,"href":"https:\/\/www.soanam.de\/nl\/wp-json\/wp\/v2\/product_tag?post=83192"}],"curies":[{"name":"wp","href":"https:\/\/api.w.org\/{rel}","templated":true}]}}