{"id":83185,"date":"2023-12-16T04:58:11","date_gmt":"2023-12-16T03:58:11","guid":{"rendered":"https:\/\/www.soanam.de\/?post_type=product&#038;p=83185"},"modified":"2023-12-17T01:30:16","modified_gmt":"2023-12-17T00:30:16","slug":"levis-straight-jeans-514-in-stonewash-stretch-gr-w40xl34","status":"publish","type":"product","link":"https:\/\/www.soanam.de\/nl\/produkt\/levis-straight-jeans-514-in-stonewash-stretch-gr-w40xl34\/","title":{"rendered":"Levi's\u00ae rechte jeans 514\u2122, in stonewash stretch, maat B40xL34"},"content":{"rendered":"<p>Levi's\u00ae Jeans 514<br \/>\nKomfortable Stretch-Trageeigenschaften<br \/>\nStraight-fit<br \/>\nRechte pijp, lage stijging<\/p>\n<p>Die Levi\u2019s\u00ae-Jeans \u00bb514\u00ab f\u00fcr Herren in klassischer Waschung.<br \/>\nDie authentische Five-Pocket-Jeans \u00fcberzeugt in bequemer Straight-fit-Form, das hei\u00dft mit geradem Bein und etwas niedrigerer Leibh\u00f6he.<br \/>\nLevi\u2019s\u00ae ist das Kultlabel f\u00fcr Denimwear und bekannt f\u00fcr seine legeren und maskulinen Styles.<\/p>\n<p>Materiaal: 98% katoen, 2% elastaan<br \/>\nOnderhoudsinstructies: Machinewas<\/p>\n<p>Farbe: stonewash<br \/>\nPatroon: zonder<br \/>\nGr\u00f6\u00dfe: W40 x L34<\/p>\n<p>Tailleomvang: 102cm<br \/>\nH\u00fcftweite: 123cm<br \/>\nSchrittl\u00e4nge: 84cm<br \/>\nTotale lengte: 114cm<\/p>\n<p>&nbsp;<\/p>\n<p>Dit nieuwe artikel is een retourzending van een klant zonder label.<\/p>","protected":false},"excerpt":{"rendered":"<table class=\"dv_characteristicsTable\">\n<tbody>\n<tr>\n<td class=\"left\">Maat<\/td>\n<td>40<\/td>\n<\/tr>\n<tr>\n<td class=\"left\">Hosenl\u00e4nge<\/td>\n<td>34<\/td>\n<\/tr>\n<tr>\n<td class=\"left\">Materiaalsamenstelling<\/td>\n<td>Obermaterial: 98% Baumwolle, 2% Elasthan<\/td>\n<\/tr>\n<tr>\n<td class=\"left\">Materialart<\/td>\n<td>Denim<\/td>\n<\/tr>\n<tr>\n<td class=\"left\">Materialeigenschaften<\/td>\n<td>elastisch<\/td>\n<\/tr>\n<tr>\n<td class=\"left\">Onderhoudsinstructies<\/td>\n<td>Machinewas<\/td>\n<\/tr>\n<tr>\n<td class=\"left\">Stil<\/td>\n<td>casual<\/td>\n<\/tr>\n<tr>\n<td class=\"left\">Kleur<\/td>\n<td>Stonewash Stretch<\/td>\n<\/tr>\n<tr>\n<td class=\"left\">Leibh\u00f6he<\/td>\n<td>niedriger<\/td>\n<\/tr>\n<tr>\n<td class=\"left\">Beinform<\/td>\n<td>gerade<\/td>\n<\/tr>\n<tr>\n<td class=\"left\">Pas<\/td>\n<td>normal<\/td>\n<\/tr>\n<tr>\n<td class=\"left\">Schnittform L\u00e4nge<\/td>\n<td>lang<\/td>\n<\/tr>\n<tr>\n<td class=\"left\">G\u00fcrtelschlaufen<\/td>\n<td>ja<\/td>\n<\/tr>\n<tr>\n<td class=\"left\">Applikationen<\/td>\n<td>Markenlabel<\/td>\n<\/tr>\n<tr>\n<td class=\"left\">Tassen<\/td>\n<td>Eingrifftaschen, Coinpocket, aufgesetzte Taschen<\/td>\n<\/tr>\n<tr>\n<td class=\"left\">Verschluss<\/td>\n<td>Ritssluiting<\/td>\n<\/tr>\n<\/tbody>\n<\/table>","protected":false},"featured_media":83320,"comment_status":"open","ping_status":"closed","template":"","meta":{"_seopress_robots_primary_cat":"","_seopress_titles_title":"","_seopress_titles_desc":"","_seopress_robots_index":""},"product_brand":[],"product_cat":[1345,1346,1347],"product_tag":[],"class_list":{"0":"post-83185","1":"product","2":"type-product","3":"status-publish","4":"has-post-thumbnail","6":"product_cat-herrenmode","7":"product_cat-hosen","8":"product_cat-jeans","9":"product_shipping_class-standard-versand","11":"first","12":"instock","13":"sale","14":"taxable","15":"shipping-taxable","16":"purchasable","17":"product-type-simple"},"_links":{"self":[{"href":"https:\/\/www.soanam.de\/nl\/wp-json\/wp\/v2\/product\/83185","targetHints":{"allow":["GET"]}}],"collection":[{"href":"https:\/\/www.soanam.de\/nl\/wp-json\/wp\/v2\/product"}],"about":[{"href":"https:\/\/www.soanam.de\/nl\/wp-json\/wp\/v2\/types\/product"}],"replies":[{"embeddable":true,"href":"https:\/\/www.soanam.de\/nl\/wp-json\/wp\/v2\/comments?post=83185"}],"wp:featuredmedia":[{"embeddable":true,"href":"https:\/\/www.soanam.de\/nl\/wp-json\/wp\/v2\/media\/83320"}],"wp:attachment":[{"href":"https:\/\/www.soanam.de\/nl\/wp-json\/wp\/v2\/media?parent=83185"}],"wp:term":[{"taxonomy":"product_brand","embeddable":true,"href":"https:\/\/www.soanam.de\/nl\/wp-json\/wp\/v2\/product_brand?post=83185"},{"taxonomy":"product_cat","embeddable":true,"href":"https:\/\/www.soanam.de\/nl\/wp-json\/wp\/v2\/product_cat?post=83185"},{"taxonomy":"product_tag","embeddable":true,"href":"https:\/\/www.soanam.de\/nl\/wp-json\/wp\/v2\/product_tag?post=83185"}],"curies":[{"name":"wp","href":"https:\/\/api.w.org\/{rel}","templated":true}]}}