{"id":83182,"date":"2023-12-16T04:58:09","date_gmt":"2023-12-16T03:58:09","guid":{"rendered":"https:\/\/www.soanam.de\/?post_type=product&#038;p=83182"},"modified":"2023-12-17T01:28:20","modified_gmt":"2023-12-17T00:28:20","slug":"northern-country-werkbroek-met-cordura-tailleband-in-zwart-maat-60","status":"publish","type":"product","link":"https:\/\/www.soanam.de\/nl\/produkt\/northern-country-arbeitshose-mit-corduraverstaerkungen-in-schwarz-gr-60\/","title":{"rendered":"Northern Country werkbroek met Cordura\u00ae verstevigingen, in zwart, maat 60"},"content":{"rendered":"<p>Werkbroek van Northern Country<br \/>\nCordura\u00ae verstevigingen op de knie\u00ebn<br \/>\nCordura\u00ae op de achter- en zijzakken, 9 zakken in totaal<br \/>\nDrievoudige binnennaad voor grotere duurzaamheid<br \/>\nMet praktische ritsventilatie<br \/>\nVeel vergrendelingspunten bij laadpunten<\/p>\n<p>Slijtvaste materialen en een doordacht ontwerp - dat is de broek van NORTHERN COUNTRY.<br \/>\nZe zijn voorzien van Cordura\u00ae verstevigingen in het kniegebied, op de achterzakken, op de cargo- en duimstokzakken en aan de uiteinden van de broekspijpen.<br \/>\nDe drievoudige naad aan de binnenkant van de broekspijpen en de vele vergrendelingspunten op stresspunten zorgen voor meer duurzaamheid, terwijl de elastische tailleband zorgt voor een goede pasvorm, zelfs als je bukt.<br \/>\nMet de praktische ritsventilatie kun je zelf bepalen wanneer het wat frisser wordt.<\/p>\n<p>Materiaal: 65% polyester en 35% katoen<br \/>\nOnderhoudsinstructies: Machinewas<\/p>\n<p>Kleur: zwart<br \/>\nPatroon: zonder<br \/>\nGrootte: 60<\/p>\n<p>Tailleomvang: 113cm<br \/>\nHeupbreedte: 1324cm<br \/>\nTrede lengte: 82cm<br \/>\nTotale lengte: 119cm<\/p>","protected":false},"excerpt":{"rendered":"<table class=\"dv_characteristicsTable\">\n<tbody>\n<tr>\n<td class=\"left\">Maat<\/td>\n<td>60<\/td>\n<\/tr>\n<tr>\n<td class=\"left\">Gr\u00f6\u00dfentyp<\/td>\n<td>Normalgr\u00f6\u00dfen<\/td>\n<\/tr>\n<tr>\n<td class=\"left\">Materiaalsamenstelling<\/td>\n<td>Obermaterial: 65% Polyester, 35% Baumwolle<\/td>\n<\/tr>\n<tr>\n<td class=\"left\">Herstellertechnologien<\/td>\n<td>Cordura<\/td>\n<\/tr>\n<tr>\n<td class=\"left\">Onderhoudsinstructies<\/td>\n<td>Machinewas<\/td>\n<\/tr>\n<tr>\n<td class=\"left\">Kleur<\/td>\n<td>schwarz-hellgrau<\/td>\n<\/tr>\n<tr>\n<td class=\"left\">Bundabschluss<\/td>\n<td>elastischer Bund<\/td>\n<\/tr>\n<tr>\n<td class=\"left\">Tassen<\/td>\n<td>Ges\u00e4\u00dftaschen, Handytasche, Zollstocktasche<\/td>\n<\/tr>\n<tr>\n<td class=\"left\">Verschluss<\/td>\n<td>Knopf, Rei\u00dfverschluss<\/td>\n<\/tr>\n<tr>\n<td class=\"left\">Besondere Merkmale<\/td>\n<td>mit Cordura\u00aeVerst\u00e4rkungen und Rei\u00dfverschlussbel\u00fcftung mit 9 Taschen<\/td>\n<\/tr>\n<\/tbody>\n<\/table>","protected":false},"featured_media":83302,"comment_status":"open","ping_status":"closed","template":"","meta":{"_seopress_robots_primary_cat":"","_seopress_titles_title":"","_seopress_titles_desc":"","_seopress_robots_index":""},"product_brand":[],"product_cat":[1345,1346,1723],"product_tag":[],"class_list":{"0":"post-83182","1":"product","2":"type-product","3":"status-publish","4":"has-post-thumbnail","6":"product_cat-herrenmode","7":"product_cat-hosen","8":"product_cat-arbeitshosen","9":"product_shipping_class-standard-versand","11":"first","12":"instock","13":"taxable","14":"shipping-taxable","15":"purchasable","16":"product-type-simple"},"_links":{"self":[{"href":"https:\/\/www.soanam.de\/nl\/wp-json\/wp\/v2\/product\/83182","targetHints":{"allow":["GET"]}}],"collection":[{"href":"https:\/\/www.soanam.de\/nl\/wp-json\/wp\/v2\/product"}],"about":[{"href":"https:\/\/www.soanam.de\/nl\/wp-json\/wp\/v2\/types\/product"}],"replies":[{"embeddable":true,"href":"https:\/\/www.soanam.de\/nl\/wp-json\/wp\/v2\/comments?post=83182"}],"wp:featuredmedia":[{"embeddable":true,"href":"https:\/\/www.soanam.de\/nl\/wp-json\/wp\/v2\/media\/83302"}],"wp:attachment":[{"href":"https:\/\/www.soanam.de\/nl\/wp-json\/wp\/v2\/media?parent=83182"}],"wp:term":[{"taxonomy":"product_brand","embeddable":true,"href":"https:\/\/www.soanam.de\/nl\/wp-json\/wp\/v2\/product_brand?post=83182"},{"taxonomy":"product_cat","embeddable":true,"href":"https:\/\/www.soanam.de\/nl\/wp-json\/wp\/v2\/product_cat?post=83182"},{"taxonomy":"product_tag","embeddable":true,"href":"https:\/\/www.soanam.de\/nl\/wp-json\/wp\/v2\/product_tag?post=83182"}],"curies":[{"name":"wp","href":"https:\/\/api.w.org\/{rel}","templated":true}]}}