{"id":83173,"date":"2023-12-16T04:58:06","date_gmt":"2023-12-16T03:58:06","guid":{"rendered":"https:\/\/www.soanam.de\/?post_type=product&#038;p=83173"},"modified":"2023-12-16T05:03:10","modified_gmt":"2023-12-16T04:03:10","slug":"street-one-slim-fit-jeans-hoge-taille-in-blauw-gespoeld-gr-w32xl30","status":"publish","type":"product","link":"https:\/\/www.soanam.de\/nl\/produkt\/street-one-slim-fit-jeans-high-waist-in-blau-rinsed-gr-w32xl30\/","title":{"rendered":"STREET ONE slim-fit jeans hoge taille, in blauw gespoeld, maat W32xL30"},"content":{"rendered":"<p>Slim Fit Jeans von Street One<br \/>\nHigh Waist, Slim Legs<br \/>\n4-Pocket Style<br \/>\nBlaue rinsed Waschung<\/p>\n<p>Coole Slim Fit Damenjeans im Style York von Street One.<br \/>\nDie blaue rinsed Waschung dominiert den klassischen Look.<br \/>\nHigh Waist und Slim Legs sorgen f\u00fcr einen femininen Fit.<br \/>\nDer 4-Pocket Style mit Rei\u00dfverschluss und zwei Kn\u00f6pfen erg\u00e4nzt den Look.<\/p>\n<p>Material: 63% Baumwolle,23% Polyester, 12% Viskose, 2% Elasthan<br \/>\nOnderhoudsinstructies: Machinewas<\/p>\n<p>Farbe: blue rinsed<br \/>\nPatroon: zonder<br \/>\nGr\u00f6\u00dfe: W32 x L30<\/p>\n<p>Tailleomvang: 84cm<br \/>\nH\u00fcftweite: 100cm<br \/>\nTrede lengte: 72cm<br \/>\nTotale lengte: 102cm<\/p>\n<p>&nbsp;<\/p>\n<p>Dit nieuwe artikel is een retourzending van een klant zonder label.<\/p>","protected":false},"excerpt":{"rendered":"<table class=\"dv_characteristicsTable\">\n<tbody>\n<tr>\n<td class=\"left\">Maat<\/td>\n<td>W32, L30<\/td>\n<\/tr>\n<tr>\n<td class=\"left\">Gr\u00f6\u00dfentyp<\/td>\n<td>Normalgr\u00f6\u00dfen<\/td>\n<\/tr>\n<tr>\n<td class=\"left\">Materiaalsamenstelling<\/td>\n<td>63% Baumwolle,23% Polyester, 12% Viskose, 2% Elasthan<\/td>\n<\/tr>\n<tr>\n<td class=\"left\">Materialart<\/td>\n<td>Demim<\/td>\n<\/tr>\n<tr>\n<td class=\"left\">Materialeigenschaften<\/td>\n<td>pflegeleicht<\/td>\n<\/tr>\n<tr>\n<td class=\"left\">Onderhoudsinstructies<\/td>\n<td>Machinewas<\/td>\n<\/tr>\n<tr>\n<td class=\"left\">Optik<\/td>\n<td>unifarben<\/td>\n<\/tr>\n<tr>\n<td class=\"left\">Stil<\/td>\n<td>modisch<\/td>\n<\/tr>\n<tr>\n<td class=\"left\">Kleur<\/td>\n<td>Blue Rinsed<\/td>\n<\/tr>\n<tr>\n<td class=\"left\">Leibh\u00f6he<\/td>\n<td>hoch<\/td>\n<\/tr>\n<tr>\n<td class=\"left\">Pas<\/td>\n<td>slim<\/td>\n<\/tr>\n<tr>\n<td class=\"left\">G\u00fcrtelschlaufen<\/td>\n<td>ja<\/td>\n<\/tr>\n<tr>\n<td class=\"left\">Tassen<\/td>\n<td>4-Pocket-Style<\/td>\n<\/tr>\n<tr>\n<td class=\"left\">Verschluss<\/td>\n<td>2-Knopf-Form, Rei\u00dfverschluss<\/td>\n<\/tr>\n<\/tbody>\n<\/table>","protected":false},"featured_media":83239,"comment_status":"open","ping_status":"closed","template":"","meta":{"_seopress_robots_primary_cat":"","_seopress_titles_title":"","_seopress_titles_desc":"","_seopress_robots_index":""},"product_brand":[],"product_cat":[1348,1349,1350,1397],"product_tag":[],"class_list":{"0":"post-83173","1":"product","2":"type-product","3":"status-publish","4":"has-post-thumbnail","6":"product_cat-damen-mode","7":"product_cat-hosen-damen-mode","8":"product_cat-jeans-hosen-damen-mode","9":"product_cat-andere-hosen","10":"product_shipping_class-standard-versand","12":"first","13":"instock","14":"sale","15":"taxable","16":"shipping-taxable","17":"purchasable","18":"product-type-simple"},"_links":{"self":[{"href":"https:\/\/www.soanam.de\/nl\/wp-json\/wp\/v2\/product\/83173","targetHints":{"allow":["GET"]}}],"collection":[{"href":"https:\/\/www.soanam.de\/nl\/wp-json\/wp\/v2\/product"}],"about":[{"href":"https:\/\/www.soanam.de\/nl\/wp-json\/wp\/v2\/types\/product"}],"replies":[{"embeddable":true,"href":"https:\/\/www.soanam.de\/nl\/wp-json\/wp\/v2\/comments?post=83173"}],"wp:featuredmedia":[{"embeddable":true,"href":"https:\/\/www.soanam.de\/nl\/wp-json\/wp\/v2\/media\/83239"}],"wp:attachment":[{"href":"https:\/\/www.soanam.de\/nl\/wp-json\/wp\/v2\/media?parent=83173"}],"wp:term":[{"taxonomy":"product_brand","embeddable":true,"href":"https:\/\/www.soanam.de\/nl\/wp-json\/wp\/v2\/product_brand?post=83173"},{"taxonomy":"product_cat","embeddable":true,"href":"https:\/\/www.soanam.de\/nl\/wp-json\/wp\/v2\/product_cat?post=83173"},{"taxonomy":"product_tag","embeddable":true,"href":"https:\/\/www.soanam.de\/nl\/wp-json\/wp\/v2\/product_tag?post=83173"}],"curies":[{"name":"wp","href":"https:\/\/api.w.org\/{rel}","templated":true}]}}