{"id":83093,"date":"2023-12-16T04:49:23","date_gmt":"2023-12-16T03:49:23","guid":{"rendered":"https:\/\/www.soanam.de\/?post_type=product&#038;p=83093"},"modified":"2023-12-16T04:52:50","modified_gmt":"2023-12-16T03:52:50","slug":"yesta-jeggings-met-galonstrepen-in-zwart-gr-54","status":"publish","type":"product","link":"https:\/\/www.soanam.de\/nl\/produkt\/yesta-jeggings-mit-galonstreifen-in-schwarz-gr-54\/","title":{"rendered":"Yesta jeggings met galonstrepen, in zwart, maat 54"},"content":{"rendered":"<p>Bequeme Jeggings von Yesta<br \/>\nBreiter elastischer Bund<br \/>\nAngedeutete Taschen und Rei\u00dfverschluss<br \/>\n1 Tasche hinten<br \/>\nModische Galonstreifen<\/p>\n<p>F\u00fcr sportliche Styles oder f\u00fcr die Entspannung in den eigenen vier W\u00e4nden: Die bequemen Jeggings von Yesta machen jede Aktivit\u00e4t mit und begeistern mit ihrer weichen Viskosemischung.<br \/>\nDie eng anliegende Hose beschert dir daher viel Bewegungsfreiheit. Trainieren und relaxen steht f\u00fcr die Basic-Leggings hoch im Kurs. Durch das breite B\u00fcndchen werden sie besonders bequem und legen sich sanft auf deine H\u00fcften.<br \/>\nDer seitliche Galonstreifen hebt die Optik.<\/p>\n<p>Materiaal: 65% viscose, 30% nylon, 5% elastaan<br \/>\nOnderhoudsinstructies: Machinewas<\/p>\n<p>Kleur: zwart<br \/>\nMuster: Galonstreifen<\/p>\n<p><span style=\"font-family: -apple-system, BlinkMacSystemFont, 'Segoe UI', Roboto, Oxygen-Sans, Ubuntu, Cantarell, 'Helvetica Neue', sans-serif;\">Taillewijdte: 108cm<\/span><\/p>\n<p>H\u00fcftweite: 127cm<br \/>\nSchrittl\u00e4nge: 75cm<br \/>\nTotale lengte: 105cm<\/p>\n<p>Dit nieuwe artikel is een retourzending van een klant zonder label.<\/p>","protected":false},"excerpt":{"rendered":"<table class=\"dv_characteristicsTable\">\n<tbody>\n<tr>\n<td class=\"left\">Maat<\/td>\n<td>54<\/td>\n<\/tr>\n<tr>\n<td class=\"left\">Gr\u00f6\u00dfentyp<\/td>\n<td>Normalgr\u00f6\u00dfen<\/td>\n<\/tr>\n<tr>\n<td class=\"left\">Materiaalsamenstelling<\/td>\n<td>65% Viskose, 30% Nylon, 5% Elasthan<\/td>\n<\/tr>\n<tr>\n<td class=\"left\">Materialart<\/td>\n<td>Jersey<\/td>\n<\/tr>\n<tr>\n<td class=\"left\">Materialeigenschaften<\/td>\n<td>elastisch<\/td>\n<\/tr>\n<tr>\n<td class=\"left\">Onderhoudsinstructies<\/td>\n<td>Machinewas<\/td>\n<\/tr>\n<tr>\n<td class=\"left\">Optik<\/td>\n<td>unifarben<\/td>\n<\/tr>\n<tr>\n<td class=\"left\">Stil<\/td>\n<td>sportlich<\/td>\n<\/tr>\n<tr>\n<td class=\"left\">Kleur<\/td>\n<td>schwarz<\/td>\n<\/tr>\n<tr>\n<td class=\"left\">Leibh\u00f6he<\/td>\n<td>normal<\/td>\n<\/tr>\n<tr>\n<td class=\"left\">Applikationen<\/td>\n<td>Galonstreifen<\/td>\n<\/tr>\n<tr>\n<td class=\"left\">Tassen<\/td>\n<td>vorn angedeutet, hinten 1 Tasche<\/td>\n<\/tr>\n<tr>\n<td class=\"left\">Verschluss<\/td>\n<td>ohne<\/td>\n<\/tr>\n<tr>\n<td class=\"left\">Besondere Merkmale<\/td>\n<td>kontrastfarbige Streifen<\/td>\n<\/tr>\n<\/tbody>\n<\/table>","protected":false},"featured_media":83127,"comment_status":"open","ping_status":"closed","template":"","meta":{"_seopress_robots_primary_cat":"","_seopress_titles_title":"","_seopress_titles_desc":"","_seopress_robots_index":""},"product_brand":[],"product_cat":[1348,1349,1453],"product_tag":[],"class_list":{"0":"post-83093","1":"product","2":"type-product","3":"status-publish","4":"has-post-thumbnail","6":"product_cat-damen-mode","7":"product_cat-hosen-damen-mode","8":"product_cat-leggings","9":"product_shipping_class-standard-versand","11":"first","12":"instock","13":"sale","14":"taxable","15":"shipping-taxable","16":"purchasable","17":"product-type-simple"},"_links":{"self":[{"href":"https:\/\/www.soanam.de\/nl\/wp-json\/wp\/v2\/product\/83093","targetHints":{"allow":["GET"]}}],"collection":[{"href":"https:\/\/www.soanam.de\/nl\/wp-json\/wp\/v2\/product"}],"about":[{"href":"https:\/\/www.soanam.de\/nl\/wp-json\/wp\/v2\/types\/product"}],"replies":[{"embeddable":true,"href":"https:\/\/www.soanam.de\/nl\/wp-json\/wp\/v2\/comments?post=83093"}],"wp:featuredmedia":[{"embeddable":true,"href":"https:\/\/www.soanam.de\/nl\/wp-json\/wp\/v2\/media\/83127"}],"wp:attachment":[{"href":"https:\/\/www.soanam.de\/nl\/wp-json\/wp\/v2\/media?parent=83093"}],"wp:term":[{"taxonomy":"product_brand","embeddable":true,"href":"https:\/\/www.soanam.de\/nl\/wp-json\/wp\/v2\/product_brand?post=83093"},{"taxonomy":"product_cat","embeddable":true,"href":"https:\/\/www.soanam.de\/nl\/wp-json\/wp\/v2\/product_cat?post=83093"},{"taxonomy":"product_tag","embeddable":true,"href":"https:\/\/www.soanam.de\/nl\/wp-json\/wp\/v2\/product_tag?post=83093"}],"curies":[{"name":"wp","href":"https:\/\/api.w.org\/{rel}","templated":true}]}}