{"id":83055,"date":"2023-12-16T04:45:54","date_gmt":"2023-12-16T03:45:54","guid":{"rendered":"https:\/\/www.soanam.de\/?post_type=product&#038;p=83055"},"modified":"2023-12-16T04:49:20","modified_gmt":"2023-12-16T03:49:20","slug":"best-connections-heine-chinohose-in-gruen-gr-34","status":"publish","type":"product","link":"https:\/\/www.soanam.de\/nl\/produkt\/best-connections-heine-chinohose-in-gruen-gr-34\/","title":{"rendered":"Best Connections Heine Chinohose, in Gr\u00fcn Gr. 34"},"content":{"rendered":"<p>L\u00e4ssige Twillhose von BC<br \/>\nAus angenehmer Baumwoll-Stretch-Qualit\u00e4t<br \/>\nBequeme Passform, mit normaler Leibh\u00f6he<br \/>\n1 angedeutete M\u00fcnztasche<br \/>\nL\u00e4ssig zur 7\/8 Hose krempelbar<\/p>\n<p>Coole Chinohose von BC in modernem Look- unkompliziert und topmodisch.<br \/>\nGerade Form mit angesetztem Bund, Knopf und verdecktem Rei\u00dfverschluss, 2 Eigrifftaschen vorn, 2 Ges\u00e4\u00dftaschen mit Knopf und angedeuteter M\u00fcnztasche.<\/p>\n<p>Materiaal: 98% katoen, 2% elastaan<br \/>\nOnderhoudsinstructies: Machinewas<\/p>\n<p>Kleur: groen<br \/>\nPatroon: zonder<br \/>\nGrootte: 34<\/p>\n<p>Tailleomvang: 66cm<br \/>\nH\u00fcftweite: 89cm<br \/>\nTrede lengte: 77cm<br \/>\nTotale lengte: 100cm<\/p>","protected":false},"excerpt":{"rendered":"<table class=\"dv_characteristicsTable\">\n<tbody>\n<tr>\n<td class=\"left\">Maat<\/td>\n<td>34<\/td>\n<\/tr>\n<tr>\n<td class=\"left\">Materiaalsamenstelling<\/td>\n<td>98% Baumwolle, 2% Elasthan<\/td>\n<\/tr>\n<tr>\n<td class=\"left\">Materialart<\/td>\n<td>Twill<\/td>\n<\/tr>\n<tr>\n<td class=\"left\">Materialeigenschaften<\/td>\n<td>leicht elastisch<\/td>\n<\/tr>\n<tr>\n<td class=\"left\">Stil<\/td>\n<td>klassisch<\/td>\n<\/tr>\n<tr>\n<td class=\"left\">Kleur<\/td>\n<td>gr\u00fcn<\/td>\n<\/tr>\n<tr>\n<td class=\"left\">Leibh\u00f6he<\/td>\n<td>normal<\/td>\n<\/tr>\n<tr>\n<td class=\"left\">Verschluss<\/td>\n<td>Knopf, Rei\u00dfverschluss<\/td>\n<\/tr>\n<tr>\n<td class=\"left\">Besondere Merkmale<\/td>\n<td>M\u00fcnztasche<\/td>\n<\/tr>\n<\/tbody>\n<\/table>","protected":false},"featured_media":83088,"comment_status":"open","ping_status":"closed","template":"","meta":{"_seopress_robots_primary_cat":"","_seopress_titles_title":"","_seopress_titles_desc":"","_seopress_robots_index":""},"product_brand":[],"product_cat":[1348,1349,1466],"product_tag":[],"class_list":{"0":"post-83055","1":"product","2":"type-product","3":"status-publish","4":"has-post-thumbnail","6":"product_cat-damen-mode","7":"product_cat-hosen-damen-mode","8":"product_cat-chinohosen-hosen-damen-mode","9":"product_shipping_class-standard-versand","11":"first","12":"instock","13":"taxable","14":"shipping-taxable","15":"purchasable","16":"product-type-simple"},"_links":{"self":[{"href":"https:\/\/www.soanam.de\/nl\/wp-json\/wp\/v2\/product\/83055","targetHints":{"allow":["GET"]}}],"collection":[{"href":"https:\/\/www.soanam.de\/nl\/wp-json\/wp\/v2\/product"}],"about":[{"href":"https:\/\/www.soanam.de\/nl\/wp-json\/wp\/v2\/types\/product"}],"replies":[{"embeddable":true,"href":"https:\/\/www.soanam.de\/nl\/wp-json\/wp\/v2\/comments?post=83055"}],"wp:featuredmedia":[{"embeddable":true,"href":"https:\/\/www.soanam.de\/nl\/wp-json\/wp\/v2\/media\/83088"}],"wp:attachment":[{"href":"https:\/\/www.soanam.de\/nl\/wp-json\/wp\/v2\/media?parent=83055"}],"wp:term":[{"taxonomy":"product_brand","embeddable":true,"href":"https:\/\/www.soanam.de\/nl\/wp-json\/wp\/v2\/product_brand?post=83055"},{"taxonomy":"product_cat","embeddable":true,"href":"https:\/\/www.soanam.de\/nl\/wp-json\/wp\/v2\/product_cat?post=83055"},{"taxonomy":"product_tag","embeddable":true,"href":"https:\/\/www.soanam.de\/nl\/wp-json\/wp\/v2\/product_tag?post=83055"}],"curies":[{"name":"wp","href":"https:\/\/api.w.org\/{rel}","templated":true}]}}