{"id":82889,"date":"2023-12-14T21:09:49","date_gmt":"2023-12-14T20:09:49","guid":{"rendered":"https:\/\/www.soanam.de\/?post_type=product&#038;p=82889"},"modified":"2023-12-16T04:43:43","modified_gmt":"2023-12-16T03:43:43","slug":"herrlicher-bluse-viktoria-slim-in-anthrazit-gr-s","status":"publish","type":"product","link":"https:\/\/www.soanam.de\/nl\/produkt\/herrlicher-bluse-viktoria-slim-in-anthrazit-gr-s\/","title":{"rendered":"Herrlicher Bluse Viktoria Slim, in Anthrazit, Gr. S"},"content":{"rendered":"<p>Hemdbluse von Herrlicher<br \/>\nIn schmaler Passform<br \/>\nHemdblusenkragen<br \/>\nverdeckte Knopfleiste<br \/>\nMit verl\u00e4ngertem R\u00fccken<br \/>\nabgerundeter Saum<br \/>\nAus flie\u00dfendem Materialmix<\/p>\n<p>Federleichte Bluse von Herrlicher aus einem flie\u00dfenden Materialmix. Unifarben, in normaler Passform, mit klassischem Hemdkragen, verdeckter Knopfleiste, langen \u00c4rmeln, verl\u00e4ngertem R\u00fccken und angenehm weichem Finish in feiner Jersey-Qualit\u00e4t. Luftig-locker zu tragen, ein elegantes Casual f\u00fcr Business und Alltag.<\/p>\n<p>Material: 67% Modal,33% Polyester<br \/>\nOnderhoudsinstructies: Machinewas<\/p>\n<p>Kleur: antraciet<br \/>\nPatroon: zonder<br \/>\nMaat: S<\/p>\n<p>Schulterbreite: 37cm<br \/>\nBorstbreedte: 100cm<br \/>\nMouwlengte: 62cm<br \/>\nTotale lengte: 58cm<\/p>\n<p>Dit nieuwe artikel is een retourzending van een klant zonder label.<\/p>","protected":false},"excerpt":{"rendered":"<table class=\"dv_characteristicsTable\">\n<tbody>\n<tr>\n<td class=\"left\">Maat<\/td>\n<td>S<\/td>\n<\/tr>\n<tr>\n<td class=\"left\">Gr\u00f6\u00dfentyp<\/td>\n<td>Normalgr\u00f6\u00dfen<\/td>\n<\/tr>\n<tr>\n<td class=\"left\">Materiaalsamenstelling<\/td>\n<td>67% Modal,33% Polyester<\/td>\n<\/tr>\n<tr>\n<td class=\"left\">Materialart<\/td>\n<td>Jersey<\/td>\n<\/tr>\n<tr>\n<td class=\"left\">Onderhoudsinstructies<\/td>\n<td>Machinewas<\/td>\n<\/tr>\n<tr>\n<td class=\"left\">Optik<\/td>\n<td>uni<\/td>\n<\/tr>\n<tr>\n<td class=\"left\">Stil<\/td>\n<td>modisch<\/td>\n<\/tr>\n<tr>\n<td class=\"left\">Kleur<\/td>\n<td>anthrazit<\/td>\n<\/tr>\n<tr>\n<td class=\"left\">Kragen<\/td>\n<td>Hemdblusenkragen<\/td>\n<\/tr>\n<tr>\n<td class=\"left\">Ausschnitt<\/td>\n<td>Kragen<\/td>\n<\/tr>\n<tr>\n<td class=\"left\">\u00c4rmel<\/td>\n<td>Lange mouw<\/td>\n<\/tr>\n<tr>\n<td class=\"left\">\u00c4rmeldetails<\/td>\n<td>ohne Manschette<\/td>\n<\/tr>\n<tr>\n<td class=\"left\">Rumpfabschluss<\/td>\n<td>abgerundet<\/td>\n<\/tr>\n<tr>\n<td class=\"left\">Pas<\/td>\n<td>schmal<\/td>\n<\/tr>\n<tr>\n<td class=\"left\">Schnittform L\u00e4nge<\/td>\n<td>h\u00fcftlang<\/td>\n<\/tr>\n<tr>\n<td class=\"left\"><\/td>\n<td><\/td>\n<\/tr>\n<tr>\n<td class=\"left\"><\/td>\n<td><\/td>\n<\/tr>\n<\/tbody>\n<\/table>","protected":false},"featured_media":83029,"comment_status":"open","ping_status":"closed","template":"","meta":{"_seopress_robots_primary_cat":"","_seopress_titles_title":"","_seopress_titles_desc":"","_seopress_robots_index":""},"product_brand":[],"product_cat":[1348,1414,1415],"product_tag":[],"class_list":{"0":"post-82889","1":"product","2":"type-product","3":"status-publish","4":"has-post-thumbnail","6":"product_cat-damen-mode","7":"product_cat-blusen","8":"product_cat-langarm","9":"product_shipping_class-standard-versand","11":"first","12":"instock","13":"sale","14":"taxable","15":"shipping-taxable","16":"purchasable","17":"product-type-simple"},"_links":{"self":[{"href":"https:\/\/www.soanam.de\/nl\/wp-json\/wp\/v2\/product\/82889","targetHints":{"allow":["GET"]}}],"collection":[{"href":"https:\/\/www.soanam.de\/nl\/wp-json\/wp\/v2\/product"}],"about":[{"href":"https:\/\/www.soanam.de\/nl\/wp-json\/wp\/v2\/types\/product"}],"replies":[{"embeddable":true,"href":"https:\/\/www.soanam.de\/nl\/wp-json\/wp\/v2\/comments?post=82889"}],"wp:featuredmedia":[{"embeddable":true,"href":"https:\/\/www.soanam.de\/nl\/wp-json\/wp\/v2\/media\/83029"}],"wp:attachment":[{"href":"https:\/\/www.soanam.de\/nl\/wp-json\/wp\/v2\/media?parent=82889"}],"wp:term":[{"taxonomy":"product_brand","embeddable":true,"href":"https:\/\/www.soanam.de\/nl\/wp-json\/wp\/v2\/product_brand?post=82889"},{"taxonomy":"product_cat","embeddable":true,"href":"https:\/\/www.soanam.de\/nl\/wp-json\/wp\/v2\/product_cat?post=82889"},{"taxonomy":"product_tag","embeddable":true,"href":"https:\/\/www.soanam.de\/nl\/wp-json\/wp\/v2\/product_tag?post=82889"}],"curies":[{"name":"wp","href":"https:\/\/api.w.org\/{rel}","templated":true}]}}