{"id":82789,"date":"2023-12-14T03:07:08","date_gmt":"2023-12-14T02:07:08","guid":{"rendered":"https:\/\/www.soanam.de\/?post_type=product&#038;p=82789"},"modified":"2023-12-14T21:10:15","modified_gmt":"2023-12-14T20:10:15","slug":"unterkleid-bodyformer-mit-verstellbaren-traegern-in-schwarz-gr-s","status":"publish","type":"product","link":"https:\/\/www.soanam.de\/nl\/produkt\/unterkleid-bodyformer-mit-verstellbaren-traegern-in-schwarz-gr-s\/","title":{"rendered":"Unterkleid, Bodyformer mit verstellbaren Tr\u00e4gern, in Schwarz, Gr. S"},"content":{"rendered":"<p>Shapekleid mit dezenter Musterung<br \/>\nVerstellbare, abnehmbare Tr\u00e4ger<br \/>\nOndoorzichtig<br \/>\nMini<br \/>\nDezentes Wellenmuster<\/p>\n<div><span style=\"font-family: Arial;\">Figurformendes Unterkleid mit verstellbaren Tr\u00e4gern<\/span><\/div>\n<div><span style=\"font-family: Arial;\">Wie ein kleines Wunder! Das Shapekleid passt sich perfekt den weiblichen Rundungen an und zaubert dabei eine tolle und schlanker wirkende Silhouette. Es nimmt sich der kleinen Problemzonen an Bauch, Taille, Po und Oberschenkel an und bringt sie sanft in Form.<\/span><\/div>\n<div><span style=\"font-family: Arial;\">Verstellbare Tr\u00e4ger sorgen f\u00fcr hohen Tragekomfort. F\u00fcr ein sch\u00f6nes Dekollet\u00e9 kann das Formkleid mit einem Polster BH kombiniert werden. Zum Einsatz kommt das Unterkleid beispielsweise unter einem eng anliegenden Abendkleid.<\/span><\/div>\n<p>Material: 83% Polyamid, 17% Elasthan<br \/>\nOnderhoudsinstructies: Machinewas<\/p>\n<p>Kleur: zwart<br \/>\nMuster: wellenf\u00f6rmige Linien<br \/>\nMaat: S<\/p>\n<p>Schulterbreite: ----<br \/>\nBrustweite: 63cm<br \/>\n\u00c4rmell\u00e4nge: ----<br \/>\nGesamtl\u00e4nge: 64cm ohne Tr\u00e4ger<\/p>","protected":false},"excerpt":{"rendered":"<div><\/div>\n<div><span style=\"font-family: Arial;\">Material: Polyamid, Elasthan<\/span><\/div>\n<div><span style=\"font-family: Arial;\">Kleur: zwart<\/span><\/div>\n<div><span style=\"font-family: Arial;\">Muster: wellenf\u00f6rmige Linien<\/span><\/div>\n<div><span style=\"font-family: Arial;\">Transparenz: blickdicht<\/span><\/div>\n<div><span style=\"font-family: Arial;\">L\u00e4nge: kurz\/mini<\/span><\/div>\n<div><span style=\"font-family: Arial;\">B\u00fcgel: ohne B\u00fcgel<\/span><\/div>\n<div><span style=\"font-family: Arial;\">Tr\u00e4ger: verstellbar<\/span><\/div>\n<div><span style=\"font-family: Arial;\">Shape Level: 1 = schwach<\/span><\/div>\n<div><span style=\"font-family: Arial;\">Pflegehinweis: Maschinenw\u00e4sche 40\u00b0C<\/span><\/div>\n<table class=\"dv_characteristicsTable\">\n<tbody>\n<tr>\n<td class=\"left\"><\/td>\n<td><\/td>\n<\/tr>\n<tr>\n<td class=\"left\"><\/td>\n<td><\/td>\n<\/tr>\n<\/tbody>\n<\/table>","protected":false},"featured_media":82890,"comment_status":"open","ping_status":"closed","template":"","meta":{"_seopress_robots_primary_cat":"","_seopress_titles_title":"","_seopress_titles_desc":"","_seopress_robots_index":""},"product_brand":[],"product_cat":[1348,1444,1720],"product_tag":[],"class_list":{"0":"post-82789","1":"product","2":"type-product","3":"status-publish","4":"has-post-thumbnail","6":"product_cat-damen-mode","7":"product_cat-unterwaesche","8":"product_cat-unterkleider","9":"product_shipping_class-standard-versand","11":"first","12":"instock","13":"sale","14":"taxable","15":"shipping-taxable","16":"purchasable","17":"product-type-simple"},"_links":{"self":[{"href":"https:\/\/www.soanam.de\/nl\/wp-json\/wp\/v2\/product\/82789","targetHints":{"allow":["GET"]}}],"collection":[{"href":"https:\/\/www.soanam.de\/nl\/wp-json\/wp\/v2\/product"}],"about":[{"href":"https:\/\/www.soanam.de\/nl\/wp-json\/wp\/v2\/types\/product"}],"replies":[{"embeddable":true,"href":"https:\/\/www.soanam.de\/nl\/wp-json\/wp\/v2\/comments?post=82789"}],"wp:featuredmedia":[{"embeddable":true,"href":"https:\/\/www.soanam.de\/nl\/wp-json\/wp\/v2\/media\/82890"}],"wp:attachment":[{"href":"https:\/\/www.soanam.de\/nl\/wp-json\/wp\/v2\/media?parent=82789"}],"wp:term":[{"taxonomy":"product_brand","embeddable":true,"href":"https:\/\/www.soanam.de\/nl\/wp-json\/wp\/v2\/product_brand?post=82789"},{"taxonomy":"product_cat","embeddable":true,"href":"https:\/\/www.soanam.de\/nl\/wp-json\/wp\/v2\/product_cat?post=82789"},{"taxonomy":"product_tag","embeddable":true,"href":"https:\/\/www.soanam.de\/nl\/wp-json\/wp\/v2\/product_tag?post=82789"}],"curies":[{"name":"wp","href":"https:\/\/api.w.org\/{rel}","templated":true}]}}