{"id":82623,"date":"2023-12-14T02:28:25","date_gmt":"2023-12-14T01:28:25","guid":{"rendered":"https:\/\/www.soanam.de\/?post_type=product&#038;p=82623"},"modified":"2023-12-14T02:33:35","modified_gmt":"2023-12-14T01:33:35","slug":"deko-figur-igel-mama-mit-kind-wetterfest-gr-15-x-13-x-8-cm","status":"publish","type":"product","link":"https:\/\/www.soanam.de\/nl\/produkt\/deko-figur-igel-mama-mit-kind-wetterfest-gr-15-x-13-x-8-cm\/","title":{"rendered":"Decoratief beeldje egelmoeder met kind, weerbestendig, formaat 15 x 13 x 8 cm"},"content":{"rendered":"<p>Liebevoll gestaltete Dekofigur<br \/>\nWeerbestendig<br \/>\nVoor in de tuin of op het balkon<\/p>\n<p>Igel-Mama und Kind suchen ein Winterquartier. Am liebsten bei Ihnen zuhause! Als Gastgeschenk bringen sie auch 2 \u00c4pfel mit. Sicher haben Sie noch ein Pl\u00e4tzchen frei f\u00fcr die s\u00fc\u00dfe Igelfamilie - im Garten, auf dem Balkon oder der Fensterbank.<\/p>\n<p>Materiaal: Polyresin<br \/>\nKleur: bruin<br \/>\nMuster: Igel<br \/>\nGr\u00f6\u00dfe: 15 x 13 x 8 cm<\/p>","protected":false},"excerpt":{"rendered":"<div class=\"pdp_details__characteristics-html\">\n<table class=\"dv_characteristicsTable\">\n<tbody>\n<tr>\n<td class=\"left\">\n<div><\/div>\n<div>Material\u00a0 \u00a0Polyresin<\/div>\n<div>Farbe\u00a0 \u00a0 \u00a0 \u00a0braun<\/div>\n<div>\u00a0Groesse 15 x 13 x 8 cm<\/div>\n<div>Teile\u00a0 \u00a0 \u00a0 \u00a0 \u00a01-tlg.<\/div>\n<div>Motiv.\u00a0 \u00a0 \u00a0 \u00a0Igel<\/div>\n<div>Besonderheit wetterfest<\/div>\n<\/td>\n<td><\/td>\n<\/tr>\n<tr>\n<td class=\"left\"><\/td>\n<td><\/td>\n<\/tr>\n<tr>\n<td class=\"left\"><\/td>\n<td><\/td>\n<\/tr>\n<\/tbody>\n<\/table>\n<\/div>","protected":false},"featured_media":82719,"comment_status":"open","ping_status":"closed","template":"","meta":{"_seopress_robots_primary_cat":"","_seopress_titles_title":"","_seopress_titles_desc":"","_seopress_robots_index":""},"product_brand":[],"product_cat":[1400,1420],"product_tag":[],"class_list":{"0":"post-82623","1":"product","2":"type-product","3":"status-publish","4":"has-post-thumbnail","6":"product_cat-wohnzubehoer","7":"product_cat-wohndekoration","8":"product_shipping_class-standard-versand","10":"first","11":"instock","12":"taxable","13":"shipping-taxable","14":"purchasable","15":"product-type-simple"},"_links":{"self":[{"href":"https:\/\/www.soanam.de\/nl\/wp-json\/wp\/v2\/product\/82623","targetHints":{"allow":["GET"]}}],"collection":[{"href":"https:\/\/www.soanam.de\/nl\/wp-json\/wp\/v2\/product"}],"about":[{"href":"https:\/\/www.soanam.de\/nl\/wp-json\/wp\/v2\/types\/product"}],"replies":[{"embeddable":true,"href":"https:\/\/www.soanam.de\/nl\/wp-json\/wp\/v2\/comments?post=82623"}],"wp:featuredmedia":[{"embeddable":true,"href":"https:\/\/www.soanam.de\/nl\/wp-json\/wp\/v2\/media\/82719"}],"wp:attachment":[{"href":"https:\/\/www.soanam.de\/nl\/wp-json\/wp\/v2\/media?parent=82623"}],"wp:term":[{"taxonomy":"product_brand","embeddable":true,"href":"https:\/\/www.soanam.de\/nl\/wp-json\/wp\/v2\/product_brand?post=82623"},{"taxonomy":"product_cat","embeddable":true,"href":"https:\/\/www.soanam.de\/nl\/wp-json\/wp\/v2\/product_cat?post=82623"},{"taxonomy":"product_tag","embeddable":true,"href":"https:\/\/www.soanam.de\/nl\/wp-json\/wp\/v2\/product_tag?post=82623"}],"curies":[{"name":"wp","href":"https:\/\/api.w.org\/{rel}","templated":true}]}}