{"id":82608,"date":"2023-12-14T02:28:04","date_gmt":"2023-12-14T01:28:04","guid":{"rendered":"https:\/\/www.soanam.de\/?post_type=product&#038;p=82608"},"modified":"2023-12-14T02:33:03","modified_gmt":"2023-12-14T01:33:03","slug":"solar-gartenstecker-pfingstrosen-in-weiss-3-teilig-h-75-cm","status":"publish","type":"product","link":"https:\/\/www.soanam.de\/nl\/produkt\/solar-gartenstecker-pfingstrosen-in-weiss-3-teilig-h-75-cm\/","title":{"rendered":"Solar tuinplug pioenrozen, in wit, 3 delen, H 75 cm"},"content":{"rendered":"<p>SOLAR<br \/>\n3 Bl\u00fcten mit LED<br \/>\n75 cm hoch<br \/>\nWeerbestendig<br \/>\nWit<br \/>\n3-tlg.<\/p>\n<p>Diese Pfingstrosen \u201ebl\u00fchen\u201c zu jeder Jahreszeit.<br \/>\nIn die Solar Gartenstecker \u201ePfingstrosen\u201c wurden in den Bl\u00fcten jeweils LED-Leuchten eingearbeitet. Diese fangen an zu leuchten, sobald die Sonne am Horizont verschwunden ist. Tags\u00fcber wird die ben\u00f6tigte Energie von dem eingebauten Solarsystem gespeichert, w\u00e4hrend die wei\u00dfen Bl\u00fcten prachtvoll den Garten oder den Balkon zieren.<\/p>\n<p>Material: ABS\/Kunststoff\/Textil<br \/>\nFarbe: weiss<br \/>\nMuster: Pfingstrose<br \/>\nGr\u00f6\u00dfe: H 75 cm<\/p>","protected":false},"excerpt":{"rendered":"<div class=\"pdp_details__characteristics-html\">\n<table class=\"dv_characteristicsTable\">\n<tbody>\n<tr>\n<td class=\"left\">\n<div><\/div>\n<div>Material\u00a0 \u00a0Kunststoff, Textil<\/div>\n<div>Farbe\u00a0 \u00a0 \u00a0 \u00a0weiss<\/div>\n<div>\u00a0Groesse\u00a0 H 75cm<\/div>\n<div>Teile\u00a0 \u00a0 \u00a0 \u00a0 \u00a03-tlg.<\/div>\n<div>Motiv.\u00a0 \u00a0 \u00a0 \u00a0Pfingstrose<\/div>\n<div>Besonderheit LED<\/div>\n<\/td>\n<td><\/td>\n<\/tr>\n<tr>\n<td class=\"left\"><\/td>\n<td><\/td>\n<\/tr>\n<tr>\n<td class=\"left\"><\/td>\n<td><\/td>\n<\/tr>\n<\/tbody>\n<\/table>\n<\/div>","protected":false},"featured_media":82711,"comment_status":"open","ping_status":"closed","template":"","meta":{"_seopress_robots_primary_cat":"","_seopress_titles_title":"","_seopress_titles_desc":"","_seopress_robots_index":""},"product_brand":[],"product_cat":[1400,1420],"product_tag":[],"class_list":{"0":"post-82608","1":"product","2":"type-product","3":"status-publish","4":"has-post-thumbnail","6":"product_cat-wohnzubehoer","7":"product_cat-wohndekoration","8":"product_shipping_class-standard-versand","10":"first","11":"instock","12":"sale","13":"taxable","14":"shipping-taxable","15":"purchasable","16":"product-type-simple"},"_links":{"self":[{"href":"https:\/\/www.soanam.de\/nl\/wp-json\/wp\/v2\/product\/82608","targetHints":{"allow":["GET"]}}],"collection":[{"href":"https:\/\/www.soanam.de\/nl\/wp-json\/wp\/v2\/product"}],"about":[{"href":"https:\/\/www.soanam.de\/nl\/wp-json\/wp\/v2\/types\/product"}],"replies":[{"embeddable":true,"href":"https:\/\/www.soanam.de\/nl\/wp-json\/wp\/v2\/comments?post=82608"}],"wp:featuredmedia":[{"embeddable":true,"href":"https:\/\/www.soanam.de\/nl\/wp-json\/wp\/v2\/media\/82711"}],"wp:attachment":[{"href":"https:\/\/www.soanam.de\/nl\/wp-json\/wp\/v2\/media?parent=82608"}],"wp:term":[{"taxonomy":"product_brand","embeddable":true,"href":"https:\/\/www.soanam.de\/nl\/wp-json\/wp\/v2\/product_brand?post=82608"},{"taxonomy":"product_cat","embeddable":true,"href":"https:\/\/www.soanam.de\/nl\/wp-json\/wp\/v2\/product_cat?post=82608"},{"taxonomy":"product_tag","embeddable":true,"href":"https:\/\/www.soanam.de\/nl\/wp-json\/wp\/v2\/product_tag?post=82608"}],"curies":[{"name":"wp","href":"https:\/\/api.w.org\/{rel}","templated":true}]}}