{"id":82565,"date":"2023-12-14T02:27:11","date_gmt":"2023-12-14T01:27:11","guid":{"rendered":"https:\/\/www.soanam.de\/?post_type=product&#038;p=82565"},"modified":"2023-12-14T02:29:59","modified_gmt":"2023-12-14T01:29:59","slug":"caspar-bommelmuetze-strickmuetze-in-wollweiss-mit-grosser-kunstfell-bommel","status":"publish","type":"product","link":"https:\/\/www.soanam.de\/nl\/produkt\/caspar-bommelmuetze-strickmuetze-in-wollweiss-mit-grosser-kunstfell-bommel\/","title":{"rendered":"Caspar bobble muts, gebreide muts in wollen wit met grote bobble in imitatiebont"},"content":{"rendered":"<p>klassische Bommelm\u00fctze mit gro\u00dfer Kunstfellbommel<br \/>\nBommeldurchmesser ca. 11-12 cm<br \/>\nangenehmes, dickes und gut w\u00e4rmendes Material<br \/>\nInnen mit Fleece gef\u00fcttert<br \/>\nproblemlos waschbar bei 30 Grad<\/p>\n<p>Klassische Strickm\u00fctze mit gro\u00dfer Fellbommel.<br \/>\nDie M\u00fctze besitzt ein sehr h\u00fcbsches Strickmuster mit einer hochwertigen und tierschutzgerechten Bommel aus Kunstfell.<br \/>\nSie hat ein angenehmes Material mit hohem Tragekomfort und passt, dank ihrer Einheitsgr\u00f6\u00dfe, jedem.<br \/>\nIm Innern ist die M\u00fctze mit kuschelweichem Fleece gef\u00fcttert.<br \/>\nSie k\u00f6nnen die M\u00fctze problemlos bei 30 Grad waschen.<\/p>\n<p>Materiaal: 100% polyacryl<br \/>\nOnderhoudsinstructies: Machinewas<\/p>\n<p>Farbe: wollweiss<br \/>\nGr\u00f6\u00dfe: Einheitsgr\u00f6\u00dfe<\/p>","protected":false},"excerpt":{"rendered":"<table class=\"dv_characteristicsTable\">\n<tbody>\n<tr>\n<td class=\"left\">\n<div class=\"pl_grid-col-12 pl_grid-col-lg-7 pl_grid-col-lg--fill-remaining-space-with-block-color\">\n<div class=\"pl_block pdp_details js_pdp_details\">\n<div class=\"pl_text-expander pl_copy100 pdp_details__text-expander js_pdp_details__text-expander\" lang=\"de\">\n<div class=\"pdp_details__characteristics-html\">\n<table class=\"dv_characteristicsTable\">\n<tbody>\n<tr>\n<td class=\"left\">Maat<\/td>\n<td>E\u00e9n maat<\/td>\n<\/tr>\n<tr>\n<td class=\"left\">Materiaalsamenstelling<\/td>\n<td>100% Polyacryl<\/td>\n<\/tr>\n<tr>\n<td class=\"left\">Materiaal<\/td>\n<td>Polyacryl<\/td>\n<\/tr>\n<tr>\n<td class=\"left\">Kleur<\/td>\n<td>weiss (wollweiss)<\/td>\n<\/tr>\n<\/tbody>\n<\/table>\n<\/div>\n<\/div>\n<\/div>\n<\/div>\n<div class=\"pl_grid-col-12 pl_grid-col-lg-5 pl_grid-col-lg--no-vertical-gap pl_grid-col-lg--fill-remaining-space-with-block-color\"><\/div>\n<div class=\"pl_grid-col-12\">\n<div class=\"pl_block pdp_reco-sponsored js_pdp_reco-sponsored\" data-variation-id=\"S0W0I0JB4XOA\">\n<div class=\"spa_formicary\" data-qa=\"slidingCinemaWidget\" data-tracking=\"{&quot;product_VariationId&quot;:&quot;S0W0I0JB4XOA&quot;,&quot;ot_AccPath_Suffix&quot;:&quot;DetailView&quot;}\">\n<div class=\"spa_formicary_info__box\"><\/div>\n<\/div>\n<\/div>\n<\/div>\n<\/td>\n<td><\/td>\n<\/tr>\n<tr>\n<td class=\"left\"><\/td>\n<td><\/td>\n<\/tr>\n<tr>\n<td class=\"left\"><\/td>\n<td><\/td>\n<\/tr>\n<tr>\n<td class=\"left\"><\/td>\n<td><\/td>\n<\/tr>\n<\/tbody>\n<\/table>\n<div class=\"pdp_details__characteristics-html\"><\/div>","protected":false},"featured_media":82655,"comment_status":"open","ping_status":"closed","template":"","meta":{"_seopress_robots_primary_cat":"","_seopress_titles_title":"","_seopress_titles_desc":"","_seopress_robots_index":""},"product_brand":[],"product_cat":[1348,1357,1605],"product_tag":[],"class_list":{"0":"post-82565","1":"product","2":"type-product","3":"status-publish","4":"has-post-thumbnail","6":"product_cat-damen-mode","7":"product_cat-accessoires","8":"product_cat-muetzen-accessoires","9":"product_shipping_class-standard-versand","11":"first","12":"instock","13":"sale","14":"taxable","15":"shipping-taxable","16":"purchasable","17":"product-type-simple"},"_links":{"self":[{"href":"https:\/\/www.soanam.de\/nl\/wp-json\/wp\/v2\/product\/82565","targetHints":{"allow":["GET"]}}],"collection":[{"href":"https:\/\/www.soanam.de\/nl\/wp-json\/wp\/v2\/product"}],"about":[{"href":"https:\/\/www.soanam.de\/nl\/wp-json\/wp\/v2\/types\/product"}],"replies":[{"embeddable":true,"href":"https:\/\/www.soanam.de\/nl\/wp-json\/wp\/v2\/comments?post=82565"}],"wp:featuredmedia":[{"embeddable":true,"href":"https:\/\/www.soanam.de\/nl\/wp-json\/wp\/v2\/media\/82655"}],"wp:attachment":[{"href":"https:\/\/www.soanam.de\/nl\/wp-json\/wp\/v2\/media?parent=82565"}],"wp:term":[{"taxonomy":"product_brand","embeddable":true,"href":"https:\/\/www.soanam.de\/nl\/wp-json\/wp\/v2\/product_brand?post=82565"},{"taxonomy":"product_cat","embeddable":true,"href":"https:\/\/www.soanam.de\/nl\/wp-json\/wp\/v2\/product_cat?post=82565"},{"taxonomy":"product_tag","embeddable":true,"href":"https:\/\/www.soanam.de\/nl\/wp-json\/wp\/v2\/product_tag?post=82565"}],"curies":[{"name":"wp","href":"https:\/\/api.w.org\/{rel}","templated":true}]}}