{"id":82542,"date":"2023-12-14T02:26:43","date_gmt":"2023-12-14T01:26:43","guid":{"rendered":"https:\/\/www.soanam.de\/?post_type=product&#038;p=82542"},"modified":"2023-12-14T02:28:35","modified_gmt":"2023-12-14T01:28:35","slug":"fussgut-einlegesohlen-softeinlagen-1-paar-in-schwarz-gr-39","status":"publish","type":"product","link":"https:\/\/www.soanam.de\/nl\/produkt\/fussgut-einlegesohlen-softeinlagen-1-paar-in-schwarz-gr-39\/","title":{"rendered":"Fu\u00dfgut Einlegesohlen, Softeinlagen 1 Paar, in Schwarz, Gr. 39"},"content":{"rendered":"<p>Antibakterielle Beschichtung f\u00fcr optimale Fu\u00dfhygiene<br \/>\nSpezielle Hohlformung gegen Druck auf Ferse und Mittelfu\u00df<br \/>\nF\u00fcr Schuhe mit Wechselfu\u00dfbett empfohlen<br \/>\nFederleicht, angenehmes Material, druckfreier Komfort<br \/>\nF\u00fcr Diabetiker geeignet<\/p>\n<p>Das sehr leichte Fu\u00dfbett passt in jeden bequemen Schuh und beugt Druckstellen und vermehrter Verhornung vor, da der Druck auf die gesamte Sohlenfl\u00e4che verteilt wird.<br \/>\nDa die Fu\u00df-Hygiene bei Diabetikern und anderen fu\u00dfproblemgeplagten Menschen ganz besonders wichtig ist, enth\u00e4lt die Deckschicht der Einlagen Silberpartikel, die antibakteriell und somit auch hervorragend gegen Geruch wirken.<br \/>\nF\u00fcr Diabetiker geeignet.<\/p>\n<p>Material: Polyolefin Schaum, Deckschicht aus Baumwoll-Polyestermischnung mit Silberpartikeln<br \/>\nOnderhoudsinstructies: Handwas<\/p>\n<p>Kleur: zwart<br \/>\nGr\u00f6\u00dfe: 39<\/p>","protected":false},"excerpt":{"rendered":"<div class=\"pdp_details__characteristics-html\">\n<table class=\"dv_characteristicsTable\">\n<tbody>\n<tr>\n<td class=\"left\">Maat<\/td>\n<td>39<\/td>\n<\/tr>\n<tr>\n<td class=\"left\">Eigenschappen<\/td>\n<td>Entlastung von Schmerz- und Druckpunkten<\/td>\n<\/tr>\n<tr>\n<td class=\"left\">Besondere Merkmale<\/td>\n<td>gegen vermehrte Hornhautbildung<\/td>\n<\/tr>\n<tr>\n<td class=\"left\">Materiaal<\/td>\n<td>Kunststof<\/td>\n<\/tr>\n<tr>\n<td class=\"left\">Materialeigenschaften<\/td>\n<td>antibakteriell, geruchshemmend<\/td>\n<\/tr>\n<tr>\n<td class=\"left\">Kleur<\/td>\n<td>schwarz<\/td>\n<\/tr>\n<\/tbody>\n<\/table>\n<\/div>","protected":false},"featured_media":82632,"comment_status":"open","ping_status":"closed","template":"","meta":{"_seopress_robots_primary_cat":"","_seopress_titles_title":"","_seopress_titles_desc":"","_seopress_robots_index":""},"product_brand":[],"product_cat":[1345,1348,1357,1387,1558,1559],"product_tag":[],"class_list":{"0":"post-82542","1":"product","2":"type-product","3":"status-publish","4":"has-post-thumbnail","6":"product_cat-herrenmode","7":"product_cat-damen-mode","8":"product_cat-accessoires","9":"product_cat-accessoires-herrenmode","10":"product_cat-sonstiges-accessoires","11":"product_cat-sonstiges-accessoires-herrenmode","12":"product_shipping_class-standard-versand","14":"first","15":"instock","16":"sale","17":"taxable","18":"shipping-taxable","19":"purchasable","20":"product-type-simple"},"_links":{"self":[{"href":"https:\/\/www.soanam.de\/nl\/wp-json\/wp\/v2\/product\/82542","targetHints":{"allow":["GET"]}}],"collection":[{"href":"https:\/\/www.soanam.de\/nl\/wp-json\/wp\/v2\/product"}],"about":[{"href":"https:\/\/www.soanam.de\/nl\/wp-json\/wp\/v2\/types\/product"}],"replies":[{"embeddable":true,"href":"https:\/\/www.soanam.de\/nl\/wp-json\/wp\/v2\/comments?post=82542"}],"wp:featuredmedia":[{"embeddable":true,"href":"https:\/\/www.soanam.de\/nl\/wp-json\/wp\/v2\/media\/82632"}],"wp:attachment":[{"href":"https:\/\/www.soanam.de\/nl\/wp-json\/wp\/v2\/media?parent=82542"}],"wp:term":[{"taxonomy":"product_brand","embeddable":true,"href":"https:\/\/www.soanam.de\/nl\/wp-json\/wp\/v2\/product_brand?post=82542"},{"taxonomy":"product_cat","embeddable":true,"href":"https:\/\/www.soanam.de\/nl\/wp-json\/wp\/v2\/product_cat?post=82542"},{"taxonomy":"product_tag","embeddable":true,"href":"https:\/\/www.soanam.de\/nl\/wp-json\/wp\/v2\/product_tag?post=82542"}],"curies":[{"name":"wp","href":"https:\/\/api.w.org\/{rel}","templated":true}]}}