{"id":82523,"date":"2023-12-14T02:26:17","date_gmt":"2023-12-14T01:26:17","guid":{"rendered":"https:\/\/www.soanam.de\/?post_type=product&#038;p=82523"},"modified":"2023-12-14T02:28:19","modified_gmt":"2023-12-14T01:28:19","slug":"fussgut-fusspolster-gel-duo-ring-set-2-tlg-mit-seitenpolster","status":"publish","type":"product","link":"https:\/\/www.soanam.de\/nl\/produkt\/fussgut-fusspolster-gel-duo-ring-set-2-tlg-mit-seitenpolster\/","title":{"rendered":"Fu\u00dfgut Fu\u00dfpolster Gel-Duo-Ring, Set 2-tlg., mit Seitenpolster"},"content":{"rendered":"<p>Weicher Ballenschutz<br \/>\nAusgleich von Fehlstellungen<br \/>\nReduktion von Reibung<br \/>\nIdeal bei Hallux valgus<\/p>\n<p>Der Gel-Duo-Ring kombiniert mehrere Hilfen in einem: die angenehme weiche Befestigung des Duos an der gro\u00dfen und der zweiten Zehe garantiert einen perfekten Sitz und h\u00e4lt reibende und schmerzende Zehen auf Abstand. Der seitliche Ballenschutz schmiegt sich ebenfalls weich an Ihren Fu\u00df an und ist sehr hilfreich bei verst\u00e4rktem Reibungsschmerz in Schuhen bei Hallux-Problemen, bei Schwielen oder Blasen und auch bei H\u00fchneraugen kann dieses Polster wohltuende Hilfe geben. Das Material ist sehr elastisch und weich und passt auf jeden Damen-und Herrenfu\u00df, sowohl links als auch rechts.<\/p>\n<p>Material: Polymer-Gel<br \/>\nOnderhoudsinstructies: Handwas<\/p>\n<p>Farbe: weiss<br \/>\nMaat: \u00e9\u00e9n maat<\/p>\n<p>&nbsp;<\/p>","protected":false},"excerpt":{"rendered":"<table class=\"dv_characteristicsTable\">\n<tbody>\n<tr>\n<td class=\"left\">Besondere Merkmale<\/td>\n<td>mit Seitenpolster<\/td>\n<\/tr>\n<\/tbody>\n<\/table>\n<table class=\"dv_characteristicsTable\">\n<tbody>\n<tr>\n<td class=\"left\">Eigenschappen<\/td>\n<td>Schmerzlindernd<br \/>\nabstandhaltend<br \/>\nkorrigierend<br \/>\nwiederverwendbar<\/td>\n<\/tr>\n<\/tbody>\n<\/table>\n<table class=\"dv_characteristicsTable\">\n<tbody>\n<tr>\n<td class=\"left\">Kleur<\/td>\n<td>wei\u00df<\/td>\n<\/tr>\n<\/tbody>\n<\/table>\n<table class=\"dv_characteristicsTable\">\n<tbody>\n<tr>\n<td class=\"left\">Materiaal<\/td>\n<td>Polymeer gel<\/td>\n<\/tr>\n<tr>\n<td class=\"left\">Materialeigenschaften<\/td>\n<td>elastisch<br \/>\npflegeleicht<\/td>\n<\/tr>\n<\/tbody>\n<\/table>\n<table class=\"dv_characteristicsTable\">\n<tbody>\n<tr>\n<td class=\"left\">Hinweise<\/td>\n<td>E\u00e9n maat voor iedereen<br \/>\nKann f\u00fcr rechts und links verwendet werden<\/td>\n<\/tr>\n<tr>\n<td class=\"left\">Onderhoudsinstructies<\/td>\n<td>Handw\u00e4sche<\/td>\n<\/tr>\n<\/tbody>\n<\/table>","protected":false},"featured_media":82617,"comment_status":"open","ping_status":"closed","template":"","meta":{"_seopress_robots_primary_cat":"","_seopress_titles_title":"","_seopress_titles_desc":"","_seopress_robots_index":""},"product_brand":[],"product_cat":[1345,1348,1357,1387,1558,1559],"product_tag":[],"class_list":{"0":"post-82523","1":"product","2":"type-product","3":"status-publish","4":"has-post-thumbnail","6":"product_cat-herrenmode","7":"product_cat-damen-mode","8":"product_cat-accessoires","9":"product_cat-accessoires-herrenmode","10":"product_cat-sonstiges-accessoires","11":"product_cat-sonstiges-accessoires-herrenmode","12":"product_shipping_class-standard-versand","14":"first","15":"instock","16":"sale","17":"taxable","18":"shipping-taxable","19":"purchasable","20":"product-type-simple"},"_links":{"self":[{"href":"https:\/\/www.soanam.de\/nl\/wp-json\/wp\/v2\/product\/82523","targetHints":{"allow":["GET"]}}],"collection":[{"href":"https:\/\/www.soanam.de\/nl\/wp-json\/wp\/v2\/product"}],"about":[{"href":"https:\/\/www.soanam.de\/nl\/wp-json\/wp\/v2\/types\/product"}],"replies":[{"embeddable":true,"href":"https:\/\/www.soanam.de\/nl\/wp-json\/wp\/v2\/comments?post=82523"}],"wp:featuredmedia":[{"embeddable":true,"href":"https:\/\/www.soanam.de\/nl\/wp-json\/wp\/v2\/media\/82617"}],"wp:attachment":[{"href":"https:\/\/www.soanam.de\/nl\/wp-json\/wp\/v2\/media?parent=82523"}],"wp:term":[{"taxonomy":"product_brand","embeddable":true,"href":"https:\/\/www.soanam.de\/nl\/wp-json\/wp\/v2\/product_brand?post=82523"},{"taxonomy":"product_cat","embeddable":true,"href":"https:\/\/www.soanam.de\/nl\/wp-json\/wp\/v2\/product_cat?post=82523"},{"taxonomy":"product_tag","embeddable":true,"href":"https:\/\/www.soanam.de\/nl\/wp-json\/wp\/v2\/product_tag?post=82523"}],"curies":[{"name":"wp","href":"https:\/\/api.w.org\/{rel}","templated":true}]}}