{"id":82502,"date":"2023-12-14T02:25:52","date_gmt":"2023-12-14T01:25:52","guid":{"rendered":"https:\/\/www.soanam.de\/?post_type=product&#038;p=82502"},"modified":"2023-12-14T02:27:47","modified_gmt":"2023-12-14T01:27:47","slug":"home-affaire-raffrollo-gander-1stk-mit-schlaufen-in-weiss-sand-groesse-120cmx140cm","status":"publish","type":"product","link":"https:\/\/www.soanam.de\/nl\/produkt\/home-affaire-raffrollo-gander-1stk-mit-schlaufen-in-weiss-sand-groesse-120cmx140cm\/","title":{"rendered":"Home affaire Raffrollo Gander, 1Stk. mit Schlaufen, in Wei\u00df-Sand, Gr\u00f6\u00dfe 120cmx140cm"},"content":{"rendered":"<p>Semi-transparante stof<br \/>\nMet gekleurd plooipaneel<br \/>\nLichtgewicht kwaliteit<br \/>\nGemakkelijk schoon te maken<br \/>\nWasbaar op 30 graden op een zacht programma<\/p>\n<p>Het Gander vouwgordijn uit de Home affaire collectie is een elegante toevoeging en komt helemaal tot zijn recht in stijl met het kleurrijke vouwgordijn.<br \/>\nHet rolgordijn is lichtdoorlatend en gemaakt van transparante stof in een lichte kwaliteit.<br \/>\nHet kan worden verzameld en op elke hoogte worden vastgezet met de treklus aan de zijkant.<br \/>\nHet rolgordijn kan eenvoudig aan de bestaande gordijnroede worden bevestigd met behulp van lussen.<br \/>\nHet is gemakkelijk te onderhouden en kan indien nodig in de wasmachine worden gereinigd.<\/p>\n<p>Materiaal: Bovenmateriaal: 100% polyester<br \/>\nOnderhoudsinstructies: Zacht wassen<\/p>\n<p>Kleur: wit zand<br \/>\nPatroon: zonder<br \/>\nGr\u00f6\u00dfe: 120cm x 140cm<\/p>\n<p>Opmerking: De opgegeven afmetingen zijn afmetingen van de stof.<\/p>\n<p>Wordt opgehangen door middel van lussen aan de gordijnroede.<\/p>\n<p>Raffung erfolgt mittels seitlicher Zugschn\u00fcre und kann auf jeder beliebigen H\u00f6he festgestellt werden. Hierzu wird ein Schnurfeststeller mit Schraube und D\u00fcbel in der Wand montiert ( nicht im Lieferumfang enthalten )<\/p>\n<p>Dit nieuwe artikel is een retourzending van een klant zonder label.<\/p>","protected":false},"excerpt":{"rendered":"<table class=\"dv_characteristicsTable\">\n<tbody>\n<tr>\n<td class=\"left\">Aufh\u00e4ngung<\/td>\n<td>Schlaufen<\/td>\n<\/tr>\n<tr>\n<td class=\"left\">Raffm\u00f6glichkeiten<\/td>\n<td>Zugschnur wahlweise<\/td>\n<\/tr>\n<tr>\n<td class=\"left\">Abschluss<\/td>\n<td>gerader Abschluss<\/td>\n<\/tr>\n<\/tbody>\n<\/table>\n<table class=\"dv_characteristicsTable\">\n<tbody>\n<tr>\n<td class=\"left\">Kleur<\/td>\n<td>zand<\/td>\n<\/tr>\n<tr>\n<td class=\"left\">Transparenz<\/td>\n<td>halbtransparent<\/td>\n<\/tr>\n<tr>\n<td class=\"left\">Oberfl\u00e4chenstruktur<\/td>\n<td>glatt<\/td>\n<\/tr>\n<\/tbody>\n<\/table>\n<table class=\"dv_characteristicsTable\">\n<tbody>\n<tr>\n<td class=\"left\">Materiaalsamenstelling<\/td>\n<td>100% Polyester<\/td>\n<\/tr>\n<\/tbody>\n<\/table>\n<table class=\"dv_characteristicsTable\">\n<tbody>\n<tr>\n<td class=\"left\">Breite<\/td>\n<td>120 cm<\/td>\n<\/tr>\n<tr>\n<td class=\"left\">H\u00f6he<\/td>\n<td>140 cm<\/td>\n<\/tr>\n<tr>\n<td class=\"left\">Gewicht<\/td>\n<td>65 g\/m\u00b2<\/td>\n<\/tr>\n<\/tbody>\n<\/table>\n<table class=\"dv_characteristicsTable\">\n<tbody>\n<tr>\n<td class=\"left\">Anzahl Teile<\/td>\n<td>1 St.<\/td>\n<\/tr>\n<tr>\n<td class=\"left\">Omvang van de levering<\/td>\n<td>\nBeschwerungsstange<\/td>\n<\/tr>\n<\/tbody>\n<\/table>\n<table class=\"dv_characteristicsTable\">\n<tbody>\n<tr>\n<td class=\"left\">Onderhoudsinstructies<\/td>\n<td>30\u00b0C Schonw\u00e4sche<\/td>\n<\/tr>\n<\/tbody>\n<\/table>\n<p>&nbsp;<\/p>","protected":false},"featured_media":82592,"comment_status":"open","ping_status":"closed","template":"","meta":{"_seopress_robots_primary_cat":"","_seopress_titles_title":"","_seopress_titles_desc":"","_seopress_robots_index":""},"product_brand":[],"product_cat":[1400,1420],"product_tag":[],"class_list":{"0":"post-82502","1":"product","2":"type-product","3":"status-publish","4":"has-post-thumbnail","6":"product_cat-wohnzubehoer","7":"product_cat-wohndekoration","8":"product_shipping_class-standard-versand","10":"first","11":"instock","12":"sale","13":"taxable","14":"shipping-taxable","15":"purchasable","16":"product-type-simple"},"_links":{"self":[{"href":"https:\/\/www.soanam.de\/nl\/wp-json\/wp\/v2\/product\/82502","targetHints":{"allow":["GET"]}}],"collection":[{"href":"https:\/\/www.soanam.de\/nl\/wp-json\/wp\/v2\/product"}],"about":[{"href":"https:\/\/www.soanam.de\/nl\/wp-json\/wp\/v2\/types\/product"}],"replies":[{"embeddable":true,"href":"https:\/\/www.soanam.de\/nl\/wp-json\/wp\/v2\/comments?post=82502"}],"wp:featuredmedia":[{"embeddable":true,"href":"https:\/\/www.soanam.de\/nl\/wp-json\/wp\/v2\/media\/82592"}],"wp:attachment":[{"href":"https:\/\/www.soanam.de\/nl\/wp-json\/wp\/v2\/media?parent=82502"}],"wp:term":[{"taxonomy":"product_brand","embeddable":true,"href":"https:\/\/www.soanam.de\/nl\/wp-json\/wp\/v2\/product_brand?post=82502"},{"taxonomy":"product_cat","embeddable":true,"href":"https:\/\/www.soanam.de\/nl\/wp-json\/wp\/v2\/product_cat?post=82502"},{"taxonomy":"product_tag","embeddable":true,"href":"https:\/\/www.soanam.de\/nl\/wp-json\/wp\/v2\/product_tag?post=82502"}],"curies":[{"name":"wp","href":"https:\/\/api.w.org\/{rel}","templated":true}]}}